{"id":53157,"date":"2023-06-14T11:01:37","date_gmt":"2023-06-14T10:01:37","guid":{"rendered":"https:\/\/www.ateti.pt\/loja\/?post_type=product&#038;p=53157"},"modified":"2024-02-15T15:06:28","modified_gmt":"2024-02-15T15:06:28","slug":"sacos-cubos-de-gelo-15un-amanhecer","status":"publish","type":"product","link":"https:\/\/www.ateti.pt\/loja\/produto\/sacos-cubos-de-gelo-15un-amanhecer\/","title":{"rendered":"Sacos Cubos de Gelo 15un Amanhecer"},"content":{"rendered":"<p><strong>Sacos Cubos de Gelo Amanhecer<\/strong><\/p>\n<p><strong>Quantidade:\u00a0<\/strong>15un<\/p>\n<p><em>24 cubos por saco<\/em><\/p>\n<p><strong>Modo de emprego:\u00a0<\/strong>Encher com \u00e1gua, voltar o saco ao contr\u00e1rio e colocar no congelador. Ap\u00f3s forma\u00e7\u00e3o do gelo pode retirar as pedras pressionando as mesmas com o polegar.<\/p>\n","protected":false},"excerpt":{"rendered":"<p>0,086\u20ac\/un<\/p>\n","protected":false},"featured_media":61301,"comment_status":"closed","ping_status":"closed","template":"","meta":{"_themeisle_gutenberg_block_has_review":false},"product_brand":[],"product_cat":[237,706],"product_tag":[593],"woo-feed-brand":[],"class_list":{"0":"post-53157","1":"product","2":"type-product","3":"status-publish","4":"has-post-thumbnail","6":"product_cat-casa-jardim","7":"product_cat-utilitarios-de-casa","8":"product_tag-novidades","9":"ts_product_brand-amanhecer","11":"first","12":"instock","13":"taxable","14":"shipping-taxable","15":"purchasable","16":"product-type-simple"},"_links":{"self":[{"href":"https:\/\/www.ateti.pt\/loja\/wp-json\/wp\/v2\/product\/53157","targetHints":{"allow":["GET"]}}],"collection":[{"href":"https:\/\/www.ateti.pt\/loja\/wp-json\/wp\/v2\/product"}],"about":[{"href":"https:\/\/www.ateti.pt\/loja\/wp-json\/wp\/v2\/types\/product"}],"replies":[{"embeddable":true,"href":"https:\/\/www.ateti.pt\/loja\/wp-json\/wp\/v2\/comments?post=53157"}],"wp:featuredmedia":[{"embeddable":true,"href":"https:\/\/www.ateti.pt\/loja\/wp-json\/wp\/v2\/media\/61301"}],"wp:attachment":[{"href":"https:\/\/www.ateti.pt\/loja\/wp-json\/wp\/v2\/media?parent=53157"}],"wp:term":[{"taxonomy":"product_brand","embeddable":true,"href":"https:\/\/www.ateti.pt\/loja\/wp-json\/wp\/v2\/product_brand?post=53157"},{"taxonomy":"product_cat","embeddable":true,"href":"https:\/\/www.ateti.pt\/loja\/wp-json\/wp\/v2\/product_cat?post=53157"},{"taxonomy":"product_tag","embeddable":true,"href":"https:\/\/www.ateti.pt\/loja\/wp-json\/wp\/v2\/product_tag?post=53157"},{"taxonomy":"woo-feed-brand","embeddable":true,"href":"https:\/\/www.ateti.pt\/loja\/wp-json\/wp\/v2\/woo-feed-brand?post=53157"}],"curies":[{"name":"wp","href":"https:\/\/api.w.org\/{rel}","templated":true}]}}