{"id":52366,"date":"2023-05-15T17:52:24","date_gmt":"2023-05-15T16:52:24","guid":{"rendered":"https:\/\/www.ateti.pt\/loja\/?post_type=product&#038;p=52366"},"modified":"2024-02-13T12:35:54","modified_gmt":"2024-02-13T12:35:54","slug":"marmelada-450g-amanhecer","status":"publish","type":"product","link":"https:\/\/www.ateti.pt\/loja\/produto\/marmelada-450g-amanhecer\/","title":{"rendered":"Marmelada 450g Amanhecer"},"content":{"rendered":"<p><strong>Marmelada Amanhecer<\/strong><\/p>\n<p><strong>Quantidade:\u00a0<\/strong>450g<\/p>\n<p><strong>Ingredientes:\u00a0<\/strong>Polpa de marmelo (marmelo 50%, conservante: sorbato de pot\u00e1ssio), a\u00e7\u00facar, regulador de acidez (\u00e1cido c\u00edtrico).<\/p>\n<p><em>Preparado com 50g de frutos por 100g.<\/em><\/p>\n<p><strong>Declara\u00e7\u00e3o Nutricional (por 100g):\u00a0<\/strong>Energia: 1034kj\/244kcal; L\u00edpidos: 0,3g; dos quais Saturados: 0,0g; Hidratos de Carbono: 59g; dos quais A\u00e7\u00facares: 56g; Fibra: 2,9g; Prote\u00ednas: 0,4g; Sal: 0,056g.<\/p>\n","protected":false},"excerpt":{"rendered":"<p>4.42\u20ac\/kg<\/p>\n","protected":false},"featured_media":61049,"comment_status":"closed","ping_status":"closed","template":"","meta":{"_themeisle_gutenberg_block_has_review":false},"product_brand":[],"product_cat":[225,132],"product_tag":[],"woo-feed-brand":[],"class_list":{"0":"post-52366","1":"product","2":"type-product","3":"status-publish","4":"has-post-thumbnail","6":"product_cat-compotas","7":"product_cat-mercearia","8":"ts_product_brand-amanhecer","10":"first","11":"instock","12":"taxable","13":"shipping-taxable","14":"purchasable","15":"product-type-simple"},"_links":{"self":[{"href":"https:\/\/www.ateti.pt\/loja\/wp-json\/wp\/v2\/product\/52366","targetHints":{"allow":["GET"]}}],"collection":[{"href":"https:\/\/www.ateti.pt\/loja\/wp-json\/wp\/v2\/product"}],"about":[{"href":"https:\/\/www.ateti.pt\/loja\/wp-json\/wp\/v2\/types\/product"}],"replies":[{"embeddable":true,"href":"https:\/\/www.ateti.pt\/loja\/wp-json\/wp\/v2\/comments?post=52366"}],"wp:featuredmedia":[{"embeddable":true,"href":"https:\/\/www.ateti.pt\/loja\/wp-json\/wp\/v2\/media\/61049"}],"wp:attachment":[{"href":"https:\/\/www.ateti.pt\/loja\/wp-json\/wp\/v2\/media?parent=52366"}],"wp:term":[{"taxonomy":"product_brand","embeddable":true,"href":"https:\/\/www.ateti.pt\/loja\/wp-json\/wp\/v2\/product_brand?post=52366"},{"taxonomy":"product_cat","embeddable":true,"href":"https:\/\/www.ateti.pt\/loja\/wp-json\/wp\/v2\/product_cat?post=52366"},{"taxonomy":"product_tag","embeddable":true,"href":"https:\/\/www.ateti.pt\/loja\/wp-json\/wp\/v2\/product_tag?post=52366"},{"taxonomy":"woo-feed-brand","embeddable":true,"href":"https:\/\/www.ateti.pt\/loja\/wp-json\/wp\/v2\/woo-feed-brand?post=52366"}],"curies":[{"name":"wp","href":"https:\/\/api.w.org\/{rel}","templated":true}]}}