{"id":52,"date":"2025-07-15T10:00:35","date_gmt":"2025-07-15T09:00:35","guid":{"rendered":"https:\/\/www.ateti.pt\/loja\/?post_type=product&#038;p=52"},"modified":"2026-02-27T15:15:30","modified_gmt":"2026-02-27T15:15:30","slug":"cafe-ristretto-bonini-nespresso","status":"publish","type":"product","link":"https:\/\/www.ateti.pt\/loja\/produto\/cafe-ristretto-bonini-nespresso\/","title":{"rendered":"Caf\u00e9 Ristretto Nespresso 10 C\u00e1psulas Bonini"},"content":{"rendered":"<p><strong>Caf\u00e9 Ristretto Bonini Nespresso<\/strong><\/p>\n<p><strong>Intensidade:<\/strong> 8<br \/>\n<strong>Quantidade:<\/strong> 10 c\u00e1psulas de caf\u00e9<\/p>\n<p>C\u00e1psulas de Caf\u00e9 Ristretto Bonini Nespresso \u00e9 dedicada a todos os amantes de caf\u00e9 italiano.<\/p>\n<p>Boa corposidade, aroma forte e prolongado, s\u00e3o caracter\u00edsticas conseguidas pelo processo de torrefa\u00e7\u00e3o lento e separado dos gr\u00e3os.<\/p>\n<p>Notas de chocolate preto ecoam agradavelmente entre o nariz e o palato. Verdadeiramente \u00fanico!<\/p>\n<p><strong>Ficha t\u00e9cnica<\/strong><\/p>\n<div class=\"row\">\n<div class=\"col-xs-6 pull-left\">\n<div class=\"panel panel-default\">\n<table class=\"table table-bordered\">\n<tbody>\n<tr>\n<td colspan=\"2\">Armazenar em local seco \u00e0 temperatura ambiente<\/td>\n<\/tr>\n<tr>\n<th width=\"30%\">Ingredientes<\/th>\n<td>Caf\u00e9 torrado mo\u00eddo.<\/td>\n<\/tr>\n<tr>\n<th>Produtor<\/th>\n<td>Caff\u00e8 Bonini S.r.l.<\/td>\n<\/tr>\n<tr>\n<th width=\"30%\">Alerg\u00e9nios<\/th>\n<td>Embalado em atmosfera protegida.<\/td>\n<\/tr>\n<tr>\n<th>Peso l\u00edquido<\/th>\n<td>5,50 gr\u00a0<span class=\"peso\">\u212e<\/span><\/td>\n<\/tr>\n<\/tbody>\n<\/table>\n<\/div>\n<\/div>\n<\/div>\n","protected":false},"excerpt":{"rendered":"<p>0,17\u20ac\/unidade<br \/>\n<strong>Intensidade:<\/strong> 8<br \/>\n<strong>Quantidade:<\/strong> 10 c\u00e1psulas de caf\u00e9<\/p>\n<p>&nbsp;<\/p>\n","protected":false},"featured_media":53,"comment_status":"closed","ping_status":"closed","template":"","meta":{"_themeisle_gutenberg_block_has_review":false},"product_brand":[],"product_cat":[117,140,150,256,787],"product_tag":[],"woo-feed-brand":[756],"class_list":{"0":"post-52","1":"product","2":"type-product","3":"status-publish","4":"has-post-thumbnail","6":"product_cat-cafe-em-capsula","7":"product_cat-capsulas-nespresso","8":"product_cat-nespresso-compativeis","9":"product_cat-compativeis-cafe-em-capsula","10":"product_cat-promocao-bonini","11":"ts_product_brand-bonini","12":"woo-feed-brand-bonini","14":"first","15":"instock","16":"sale","17":"taxable","18":"shipping-taxable","19":"purchasable","20":"product-type-simple"},"_links":{"self":[{"href":"https:\/\/www.ateti.pt\/loja\/wp-json\/wp\/v2\/product\/52","targetHints":{"allow":["GET"]}}],"collection":[{"href":"https:\/\/www.ateti.pt\/loja\/wp-json\/wp\/v2\/product"}],"about":[{"href":"https:\/\/www.ateti.pt\/loja\/wp-json\/wp\/v2\/types\/product"}],"replies":[{"embeddable":true,"href":"https:\/\/www.ateti.pt\/loja\/wp-json\/wp\/v2\/comments?post=52"}],"wp:featuredmedia":[{"embeddable":true,"href":"https:\/\/www.ateti.pt\/loja\/wp-json\/wp\/v2\/media\/53"}],"wp:attachment":[{"href":"https:\/\/www.ateti.pt\/loja\/wp-json\/wp\/v2\/media?parent=52"}],"wp:term":[{"taxonomy":"product_brand","embeddable":true,"href":"https:\/\/www.ateti.pt\/loja\/wp-json\/wp\/v2\/product_brand?post=52"},{"taxonomy":"product_cat","embeddable":true,"href":"https:\/\/www.ateti.pt\/loja\/wp-json\/wp\/v2\/product_cat?post=52"},{"taxonomy":"product_tag","embeddable":true,"href":"https:\/\/www.ateti.pt\/loja\/wp-json\/wp\/v2\/product_tag?post=52"},{"taxonomy":"woo-feed-brand","embeddable":true,"href":"https:\/\/www.ateti.pt\/loja\/wp-json\/wp\/v2\/woo-feed-brand?post=52"}],"curies":[{"name":"wp","href":"https:\/\/api.w.org\/{rel}","templated":true}]}}