{"id":51969,"date":"2023-05-04T16:16:04","date_gmt":"2023-05-04T15:16:04","guid":{"rendered":"https:\/\/www.ateti.pt\/loja\/?post_type=product&#038;p=51969"},"modified":"2024-02-15T12:05:23","modified_gmt":"2024-02-15T12:05:23","slug":"rebentos-de-feijao-mungo-3x200g-amanhecer","status":"publish","type":"product","link":"https:\/\/www.ateti.pt\/loja\/produto\/rebentos-de-feijao-mungo-3x200g-amanhecer\/","title":{"rendered":"Rebentos de Feij\u00e3o Mungo 3x200g Amanhecer"},"content":{"rendered":"<p><strong>Rebentos de Feij\u00e3o Mungo Amanhecer<\/strong><\/p>\n<p><strong>Quantidade:\u00a0<\/strong>3x200g &#8211; Peso l\u00edquido escorrido: 90g<\/p>\n<p><strong>Ingredientes:\u00a0<\/strong>Rebentos de feij\u00e3o mungo, \u00e1gua, a\u00e7\u00facar, sal, acidificante (\u00e1cido c\u00edtrico), antioxidante (\u00e1cido asc\u00f3rbico).<\/p>\n<p><strong>Declara\u00e7\u00e3o Nutricional por peso l\u00edquido escorrido(por 100g):\u00a0<\/strong>Energia: 92kj\/22kcal; L\u00edpidos: 9,2g; dos quais Saturados: 0,1g; Hidratos de Carbono: 2,6g; dos quais A\u00e7\u00facares: 2,3g; Fibra: 1,8g; Prote\u00ednas: 1,5g; Sal: 0,8g.<\/p>\n","protected":false},"excerpt":{"rendered":"<p>5.31\u20ac\/kg<\/p>\n","protected":false},"featured_media":61286,"comment_status":"closed","ping_status":"closed","template":"","meta":{"_themeisle_gutenberg_block_has_review":false},"product_brand":[],"product_cat":[155,199,196,132],"product_tag":[],"woo-feed-brand":[],"class_list":{"0":"post-51969","1":"product","2":"type-product","3":"status-publish","4":"has-post-thumbnail","6":"product_cat-conservas","7":"product_cat-frascos-e-latas","8":"product_cat-leguminosas","9":"product_cat-mercearia","10":"ts_product_brand-amanhecer","12":"first","13":"instock","14":"taxable","15":"shipping-taxable","16":"purchasable","17":"product-type-simple"},"_links":{"self":[{"href":"https:\/\/www.ateti.pt\/loja\/wp-json\/wp\/v2\/product\/51969","targetHints":{"allow":["GET"]}}],"collection":[{"href":"https:\/\/www.ateti.pt\/loja\/wp-json\/wp\/v2\/product"}],"about":[{"href":"https:\/\/www.ateti.pt\/loja\/wp-json\/wp\/v2\/types\/product"}],"replies":[{"embeddable":true,"href":"https:\/\/www.ateti.pt\/loja\/wp-json\/wp\/v2\/comments?post=51969"}],"wp:featuredmedia":[{"embeddable":true,"href":"https:\/\/www.ateti.pt\/loja\/wp-json\/wp\/v2\/media\/61286"}],"wp:attachment":[{"href":"https:\/\/www.ateti.pt\/loja\/wp-json\/wp\/v2\/media?parent=51969"}],"wp:term":[{"taxonomy":"product_brand","embeddable":true,"href":"https:\/\/www.ateti.pt\/loja\/wp-json\/wp\/v2\/product_brand?post=51969"},{"taxonomy":"product_cat","embeddable":true,"href":"https:\/\/www.ateti.pt\/loja\/wp-json\/wp\/v2\/product_cat?post=51969"},{"taxonomy":"product_tag","embeddable":true,"href":"https:\/\/www.ateti.pt\/loja\/wp-json\/wp\/v2\/product_tag?post=51969"},{"taxonomy":"woo-feed-brand","embeddable":true,"href":"https:\/\/www.ateti.pt\/loja\/wp-json\/wp\/v2\/woo-feed-brand?post=51969"}],"curies":[{"name":"wp","href":"https:\/\/api.w.org\/{rel}","templated":true}]}}