{"id":51821,"date":"2023-04-28T16:07:10","date_gmt":"2023-04-28T15:07:10","guid":{"rendered":"https:\/\/www.ateti.pt\/loja\/?post_type=product&#038;p=51821"},"modified":"2024-02-15T12:03:33","modified_gmt":"2024-02-15T12:03:33","slug":"pano-multiusos-suave-6un-amanhecer","status":"publish","type":"product","link":"https:\/\/www.ateti.pt\/loja\/produto\/pano-multiusos-suave-6un-amanhecer\/","title":{"rendered":"Pano Multiusos Suave 6un Amanhecer"},"content":{"rendered":"<p><strong>Pano Multiusos Suave Amanhecer<\/strong><\/p>\n<p><strong>Quantidade:\u00a0<\/strong>6un<\/p>\n<p><strong>Composi\u00e7\u00e3o:\u00a0<\/strong>70% Viscose, 10% Poli\u00e9ster, 20% Polipropileno.<\/p>\n<p><strong>Dimens\u00f5es:<\/strong>\u00a038 x 40cm<\/p>\n<p><em>Pano Multiusos Suave<\/em><\/p>\n<p><em>Especialmente recomendado para limpeza de cozinhas e casas de banho. Para absor\u00e7\u00e3o de l\u00edquidos, utilizar o pano seco. Para facilitar a remo\u00e7\u00e3o de sujidades, utilizar o pano ligeiramente humedecido. Lav\u00e1vel \u00e0 m\u00e3o ou na m\u00e1quina a uma temperatura m\u00e1xima de 30\u00baC.<\/em><\/p>\n<p>ATEN\u00c7\u00c3O! N\u00e3o utilizar em superf\u00edcies quentes.<\/p>\n<p>&nbsp;<\/p>\n","protected":false},"excerpt":{"rendered":"<p>0,25\u20ac\/un<\/p>\n","protected":false},"featured_media":61282,"comment_status":"closed","ping_status":"closed","template":"","meta":{"_themeisle_gutenberg_block_has_review":false},"product_brand":[],"product_cat":[237,706],"product_tag":[593],"woo-feed-brand":[],"class_list":{"0":"post-51821","1":"product","2":"type-product","3":"status-publish","4":"has-post-thumbnail","6":"product_cat-casa-jardim","7":"product_cat-utilitarios-de-casa","8":"product_tag-novidades","9":"ts_product_brand-amanhecer","11":"first","12":"instock","13":"taxable","14":"shipping-taxable","15":"purchasable","16":"product-type-simple"},"_links":{"self":[{"href":"https:\/\/www.ateti.pt\/loja\/wp-json\/wp\/v2\/product\/51821","targetHints":{"allow":["GET"]}}],"collection":[{"href":"https:\/\/www.ateti.pt\/loja\/wp-json\/wp\/v2\/product"}],"about":[{"href":"https:\/\/www.ateti.pt\/loja\/wp-json\/wp\/v2\/types\/product"}],"replies":[{"embeddable":true,"href":"https:\/\/www.ateti.pt\/loja\/wp-json\/wp\/v2\/comments?post=51821"}],"wp:featuredmedia":[{"embeddable":true,"href":"https:\/\/www.ateti.pt\/loja\/wp-json\/wp\/v2\/media\/61282"}],"wp:attachment":[{"href":"https:\/\/www.ateti.pt\/loja\/wp-json\/wp\/v2\/media?parent=51821"}],"wp:term":[{"taxonomy":"product_brand","embeddable":true,"href":"https:\/\/www.ateti.pt\/loja\/wp-json\/wp\/v2\/product_brand?post=51821"},{"taxonomy":"product_cat","embeddable":true,"href":"https:\/\/www.ateti.pt\/loja\/wp-json\/wp\/v2\/product_cat?post=51821"},{"taxonomy":"product_tag","embeddable":true,"href":"https:\/\/www.ateti.pt\/loja\/wp-json\/wp\/v2\/product_tag?post=51821"},{"taxonomy":"woo-feed-brand","embeddable":true,"href":"https:\/\/www.ateti.pt\/loja\/wp-json\/wp\/v2\/woo-feed-brand?post=51821"}],"curies":[{"name":"wp","href":"https:\/\/api.w.org\/{rel}","templated":true}]}}