{"id":50890,"date":"2026-01-01T15:11:45","date_gmt":"2026-01-01T15:11:45","guid":{"rendered":"https:\/\/www.ateti.pt\/loja\/?post_type=product&#038;p=50890"},"modified":"2026-03-02T16:48:22","modified_gmt":"2026-03-02T16:48:22","slug":"luva-de-cozinha-alimidu","status":"publish","type":"product","link":"https:\/\/www.ateti.pt\/loja\/produto\/luva-de-cozinha-alimidu\/","title":{"rendered":"Luva de Cozinha Alimidu"},"content":{"rendered":"<p><strong>Luva de Cozinha Alimidu<\/strong><\/p>\n<p><strong>Medidas:\u00a0<\/strong>34x17cm<\/p>\n<p>Comprometida com a inova\u00e7\u00e3o ne os suprimentos de cozinha vivos de qualidade superior. Bons utens\u00edlios de cozinha para voc\u00ea aproveitar a vida. Fa\u00e7a a vida diferente e adicione cor \u00e0 sua sa\u00fade. Prove a vida, comece com uma cozinha saud\u00e1vel.<\/p>\n","protected":false},"excerpt":{"rendered":"<p>3.99\u20ac\/nu<\/p>\n","protected":false},"featured_media":50893,"comment_status":"closed","ping_status":"closed","template":"","meta":{"_themeisle_gutenberg_block_has_review":false},"product_brand":[],"product_cat":[237,706],"product_tag":[593],"woo-feed-brand":[],"class_list":{"0":"post-50890","1":"product","2":"type-product","3":"status-publish","4":"has-post-thumbnail","6":"product_cat-casa-jardim","7":"product_cat-utilitarios-de-casa","8":"product_tag-novidades","9":"ts_product_brand-alimidu","11":"first","12":"instock","13":"sale","14":"taxable","15":"shipping-taxable","16":"purchasable","17":"product-type-simple"},"_links":{"self":[{"href":"https:\/\/www.ateti.pt\/loja\/wp-json\/wp\/v2\/product\/50890","targetHints":{"allow":["GET"]}}],"collection":[{"href":"https:\/\/www.ateti.pt\/loja\/wp-json\/wp\/v2\/product"}],"about":[{"href":"https:\/\/www.ateti.pt\/loja\/wp-json\/wp\/v2\/types\/product"}],"replies":[{"embeddable":true,"href":"https:\/\/www.ateti.pt\/loja\/wp-json\/wp\/v2\/comments?post=50890"}],"wp:featuredmedia":[{"embeddable":true,"href":"https:\/\/www.ateti.pt\/loja\/wp-json\/wp\/v2\/media\/50893"}],"wp:attachment":[{"href":"https:\/\/www.ateti.pt\/loja\/wp-json\/wp\/v2\/media?parent=50890"}],"wp:term":[{"taxonomy":"product_brand","embeddable":true,"href":"https:\/\/www.ateti.pt\/loja\/wp-json\/wp\/v2\/product_brand?post=50890"},{"taxonomy":"product_cat","embeddable":true,"href":"https:\/\/www.ateti.pt\/loja\/wp-json\/wp\/v2\/product_cat?post=50890"},{"taxonomy":"product_tag","embeddable":true,"href":"https:\/\/www.ateti.pt\/loja\/wp-json\/wp\/v2\/product_tag?post=50890"},{"taxonomy":"woo-feed-brand","embeddable":true,"href":"https:\/\/www.ateti.pt\/loja\/wp-json\/wp\/v2\/woo-feed-brand?post=50890"}],"curies":[{"name":"wp","href":"https:\/\/api.w.org\/{rel}","templated":true}]}}