{"id":50879,"date":"2023-04-05T13:01:22","date_gmt":"2023-04-05T12:01:22","guid":{"rendered":"https:\/\/www.ateti.pt\/loja\/?post_type=product&#038;p=50879"},"modified":"2024-03-26T12:13:15","modified_gmt":"2024-03-26T12:13:15","slug":"toalhitas-de-incontinencia-60un-amanhecer","status":"publish","type":"product","link":"https:\/\/www.ateti.pt\/loja\/produto\/toalhitas-de-incontinencia-60un-amanhecer\/","title":{"rendered":"Toalhitas de Incontin\u00eancia 60un Amanhecer"},"content":{"rendered":"<p><strong>Toalhitas de Incontin\u00eancia Amanhecer<\/strong><\/p>\n<p><strong>Quantidade:\u00a0<\/strong>60un<\/p>\n<p><strong><em>Toalhitas Higi\u00e9nicas<\/em><\/strong><\/p>\n<p><em>Produtos para cuidados de incontin\u00eancia em adultos. As toalhitas higi\u00e9nicas Amanhecer foram especialmente desenvolvidas para uso em peles sens\u00edveis. Hipoalerg\u00e9nicas, s\u00e3o indicadas para a higiene \u00edntima. Cont\u00eam uma lo\u00e7\u00e3o hidratante de ph neutro, que proporciona \u00e0 pele uma sensa\u00e7\u00e3o refrescante e suavizante.<\/em><\/p>\n<p>&nbsp;<\/p>\n","protected":false},"excerpt":{"rendered":"<p>0,04\u20ac\/un<\/p>\n","protected":false},"featured_media":50881,"comment_status":"closed","ping_status":"closed","template":"","meta":{"_themeisle_gutenberg_block_has_review":false},"product_brand":[],"product_cat":[203,230,231],"product_tag":[593],"woo-feed-brand":[],"class_list":{"0":"post-50879","1":"product","2":"type-product","3":"status-publish","4":"has-post-thumbnail","6":"product_cat-beleza-e-higiene","7":"product_cat-higiene-feminina","8":"product_cat-higiene-masculina","9":"product_tag-novidades","10":"ts_product_brand-amanhecer","12":"first","13":"instock","14":"taxable","15":"shipping-taxable","16":"purchasable","17":"product-type-simple"},"_links":{"self":[{"href":"https:\/\/www.ateti.pt\/loja\/wp-json\/wp\/v2\/product\/50879","targetHints":{"allow":["GET"]}}],"collection":[{"href":"https:\/\/www.ateti.pt\/loja\/wp-json\/wp\/v2\/product"}],"about":[{"href":"https:\/\/www.ateti.pt\/loja\/wp-json\/wp\/v2\/types\/product"}],"replies":[{"embeddable":true,"href":"https:\/\/www.ateti.pt\/loja\/wp-json\/wp\/v2\/comments?post=50879"}],"wp:featuredmedia":[{"embeddable":true,"href":"https:\/\/www.ateti.pt\/loja\/wp-json\/wp\/v2\/media\/50881"}],"wp:attachment":[{"href":"https:\/\/www.ateti.pt\/loja\/wp-json\/wp\/v2\/media?parent=50879"}],"wp:term":[{"taxonomy":"product_brand","embeddable":true,"href":"https:\/\/www.ateti.pt\/loja\/wp-json\/wp\/v2\/product_brand?post=50879"},{"taxonomy":"product_cat","embeddable":true,"href":"https:\/\/www.ateti.pt\/loja\/wp-json\/wp\/v2\/product_cat?post=50879"},{"taxonomy":"product_tag","embeddable":true,"href":"https:\/\/www.ateti.pt\/loja\/wp-json\/wp\/v2\/product_tag?post=50879"},{"taxonomy":"woo-feed-brand","embeddable":true,"href":"https:\/\/www.ateti.pt\/loja\/wp-json\/wp\/v2\/woo-feed-brand?post=50879"}],"curies":[{"name":"wp","href":"https:\/\/api.w.org\/{rel}","templated":true}]}}