{"id":50876,"date":"2026-01-01T12:50:59","date_gmt":"2026-01-01T12:50:59","guid":{"rendered":"https:\/\/www.ateti.pt\/loja\/?post_type=product&#038;p=50876"},"modified":"2026-03-02T16:48:51","modified_gmt":"2026-03-02T16:48:51","slug":"cabide-2un-bangi","status":"publish","type":"product","link":"https:\/\/www.ateti.pt\/loja\/produto\/cabide-2un-bangi\/","title":{"rendered":"Cabide 2un Bangi"},"content":{"rendered":"<p><strong>Cabide 2un Bangi<\/strong><\/p>\n<p><strong>Peso Suportado:\u00a0<\/strong>1,5kg<\/p>\n<p><strong>Precau\u00e7\u00f5es:\u00a0<\/strong><\/p>\n<ol>\n<li>O produto deve ser aplicado em superf\u00edcies lisas;<\/li>\n<li>N\u00e3o aplique os ganchos em pap\u00e9is de parede delicados ou em superf\u00edcies irregulares, como texturas, cimento bruto, ect;<\/li>\n<li>N\u00e3o utilize os ganchos para pendurar pe\u00e7as ou objetos fr\u00e1geis;<\/li>\n<li>N\u00e3o pendurar objetos sobre camas.<\/li>\n<\/ol>\n<p>&nbsp;<\/p>\n","protected":false},"excerpt":{"rendered":"<p>1.59\u20ac\/un<\/p>\n","protected":false},"featured_media":61085,"comment_status":"closed","ping_status":"closed","template":"","meta":{"_themeisle_gutenberg_block_has_review":false},"product_brand":[],"product_cat":[237,706],"product_tag":[593],"woo-feed-brand":[],"class_list":{"0":"post-50876","1":"product","2":"type-product","3":"status-publish","4":"has-post-thumbnail","6":"product_cat-casa-jardim","7":"product_cat-utilitarios-de-casa","8":"product_tag-novidades","10":"first","11":"instock","12":"sale","13":"taxable","14":"shipping-taxable","15":"purchasable","16":"product-type-simple"},"_links":{"self":[{"href":"https:\/\/www.ateti.pt\/loja\/wp-json\/wp\/v2\/product\/50876","targetHints":{"allow":["GET"]}}],"collection":[{"href":"https:\/\/www.ateti.pt\/loja\/wp-json\/wp\/v2\/product"}],"about":[{"href":"https:\/\/www.ateti.pt\/loja\/wp-json\/wp\/v2\/types\/product"}],"replies":[{"embeddable":true,"href":"https:\/\/www.ateti.pt\/loja\/wp-json\/wp\/v2\/comments?post=50876"}],"wp:featuredmedia":[{"embeddable":true,"href":"https:\/\/www.ateti.pt\/loja\/wp-json\/wp\/v2\/media\/61085"}],"wp:attachment":[{"href":"https:\/\/www.ateti.pt\/loja\/wp-json\/wp\/v2\/media?parent=50876"}],"wp:term":[{"taxonomy":"product_brand","embeddable":true,"href":"https:\/\/www.ateti.pt\/loja\/wp-json\/wp\/v2\/product_brand?post=50876"},{"taxonomy":"product_cat","embeddable":true,"href":"https:\/\/www.ateti.pt\/loja\/wp-json\/wp\/v2\/product_cat?post=50876"},{"taxonomy":"product_tag","embeddable":true,"href":"https:\/\/www.ateti.pt\/loja\/wp-json\/wp\/v2\/product_tag?post=50876"},{"taxonomy":"woo-feed-brand","embeddable":true,"href":"https:\/\/www.ateti.pt\/loja\/wp-json\/wp\/v2\/woo-feed-brand?post=50876"}],"curies":[{"name":"wp","href":"https:\/\/api.w.org\/{rel}","templated":true}]}}