{"id":50859,"date":"2026-01-01T11:29:02","date_gmt":"2026-01-01T11:29:02","guid":{"rendered":"https:\/\/www.ateti.pt\/loja\/?post_type=product&#038;p=50859"},"modified":"2026-03-02T16:50:15","modified_gmt":"2026-03-02T16:50:15","slug":"balanca-digital-alimidu","status":"publish","type":"product","link":"https:\/\/www.ateti.pt\/loja\/produto\/balanca-digital-alimidu\/","title":{"rendered":"Balan\u00e7a Digital Alimidu"},"content":{"rendered":"<p><strong>Balan\u00e7a Digital Alimidu<\/strong><\/p>\n<p>Balan\u00e7a Eletr\u00f3nica de cozinha<\/p>\n<p><b>Carater\u00edsticas<\/b><strong>:\u00a0<\/strong><\/p>\n<ul>\n<li>Display LCE<\/li>\n<li>Sensor de peso preciso<\/li>\n<li>M\u00e1x capacidade 5kg\/5000ml<\/li>\n<li>Fun\u00e7\u00e3o tara\/zero<\/li>\n<li>Plataforma de pesagem de vidro, f\u00e1cil de limpar<\/li>\n<li>Unidades selecion\u00e1veis: gr, kg, lb, oz e ml<\/li>\n<li>Desligamento autom\u00e1tico para fun\u00e7\u00e3o de pesagem<\/li>\n<li>Inclui bateria\u00a0 tipo cart\u00e3o Cr2032<\/li>\n<li>Visor de bateria fraca e indicador de sobrecarga<\/li>\n<li>Inclui manual de instru\u00e7\u00f5es<\/li>\n<\/ul>\n<p>&nbsp;<\/p>\n","protected":false},"excerpt":{"rendered":"<p>11.99\u20ac\/un<\/p>\n","protected":false},"featured_media":61173,"comment_status":"closed","ping_status":"closed","template":"","meta":{"_themeisle_gutenberg_block_has_review":false},"product_brand":[],"product_cat":[237,706],"product_tag":[593],"woo-feed-brand":[],"class_list":{"0":"post-50859","1":"product","2":"type-product","3":"status-publish","4":"has-post-thumbnail","6":"product_cat-casa-jardim","7":"product_cat-utilitarios-de-casa","8":"product_tag-novidades","9":"ts_product_brand-alimidu","11":"first","12":"instock","13":"sale","14":"taxable","15":"shipping-taxable","16":"purchasable","17":"product-type-simple"},"_links":{"self":[{"href":"https:\/\/www.ateti.pt\/loja\/wp-json\/wp\/v2\/product\/50859","targetHints":{"allow":["GET"]}}],"collection":[{"href":"https:\/\/www.ateti.pt\/loja\/wp-json\/wp\/v2\/product"}],"about":[{"href":"https:\/\/www.ateti.pt\/loja\/wp-json\/wp\/v2\/types\/product"}],"replies":[{"embeddable":true,"href":"https:\/\/www.ateti.pt\/loja\/wp-json\/wp\/v2\/comments?post=50859"}],"wp:featuredmedia":[{"embeddable":true,"href":"https:\/\/www.ateti.pt\/loja\/wp-json\/wp\/v2\/media\/61173"}],"wp:attachment":[{"href":"https:\/\/www.ateti.pt\/loja\/wp-json\/wp\/v2\/media?parent=50859"}],"wp:term":[{"taxonomy":"product_brand","embeddable":true,"href":"https:\/\/www.ateti.pt\/loja\/wp-json\/wp\/v2\/product_brand?post=50859"},{"taxonomy":"product_cat","embeddable":true,"href":"https:\/\/www.ateti.pt\/loja\/wp-json\/wp\/v2\/product_cat?post=50859"},{"taxonomy":"product_tag","embeddable":true,"href":"https:\/\/www.ateti.pt\/loja\/wp-json\/wp\/v2\/product_tag?post=50859"},{"taxonomy":"woo-feed-brand","embeddable":true,"href":"https:\/\/www.ateti.pt\/loja\/wp-json\/wp\/v2\/woo-feed-brand?post=50859"}],"curies":[{"name":"wp","href":"https:\/\/api.w.org\/{rel}","templated":true}]}}