{"id":50824,"date":"2023-04-05T09:45:13","date_gmt":"2023-04-05T08:45:13","guid":{"rendered":"https:\/\/www.ateti.pt\/loja\/?post_type=product&#038;p=50824"},"modified":"2026-02-16T17:07:33","modified_gmt":"2026-02-16T17:07:33","slug":"suporte-para-telemovel-sanda","status":"publish","type":"product","link":"https:\/\/www.ateti.pt\/loja\/produto\/suporte-para-telemovel-sanda\/","title":{"rendered":"Suporte para Telem\u00f3vel"},"content":{"rendered":"<p><strong>Suporte para Telem\u00f3vel\u00a0<\/strong><\/p>\n<p id=\"tw-target-text\" class=\"tw-data-text tw-text-large tw-ta\" dir=\"ltr\" data-placeholder=\"Tradu\u00e7\u00e3o\"><span class=\"Y2IQFc\" lang=\"pt\">Suporta o dispositivo no modo retrato e paisagem, \u00e2ngulo ajust\u00e1vel e multifuncional para visualiza\u00e7\u00e3o, corte ou digita\u00e7\u00e3o compacto, leve, forte, dur\u00e1vel, dobr\u00e1vel, simples e f\u00e1cil de usar e f\u00e1cil de guardar quando n\u00e3o estiver em uso.<\/span><\/p>\n<p class=\"tw-data-text tw-text-large tw-ta\" dir=\"ltr\" data-placeholder=\"Tradu\u00e7\u00e3o\"><span class=\"Y2IQFc\" lang=\"pt\">Compat\u00edvel com qualquer smartphone e Tablet at\u00e9 10 polegadas.<\/span><\/p>\n","protected":false},"excerpt":{"rendered":"<p>1.99\u20ac\/un<\/p>\n","protected":false},"featured_media":50827,"comment_status":"closed","ping_status":"closed","template":"","meta":{"_themeisle_gutenberg_block_has_review":false},"product_brand":[],"product_cat":[877,237],"product_tag":[593],"woo-feed-brand":[],"class_list":{"0":"post-50824","1":"product","2":"type-product","3":"status-publish","4":"has-post-thumbnail","6":"product_cat-acessorios-de-tecnologia","7":"product_cat-casa-jardim","8":"product_tag-novidades","9":"ts_product_brand-sanda","11":"first","12":"instock","13":"sale","14":"taxable","15":"shipping-taxable","16":"purchasable","17":"product-type-variable"},"_links":{"self":[{"href":"https:\/\/www.ateti.pt\/loja\/wp-json\/wp\/v2\/product\/50824","targetHints":{"allow":["GET"]}}],"collection":[{"href":"https:\/\/www.ateti.pt\/loja\/wp-json\/wp\/v2\/product"}],"about":[{"href":"https:\/\/www.ateti.pt\/loja\/wp-json\/wp\/v2\/types\/product"}],"replies":[{"embeddable":true,"href":"https:\/\/www.ateti.pt\/loja\/wp-json\/wp\/v2\/comments?post=50824"}],"wp:featuredmedia":[{"embeddable":true,"href":"https:\/\/www.ateti.pt\/loja\/wp-json\/wp\/v2\/media\/50827"}],"wp:attachment":[{"href":"https:\/\/www.ateti.pt\/loja\/wp-json\/wp\/v2\/media?parent=50824"}],"wp:term":[{"taxonomy":"product_brand","embeddable":true,"href":"https:\/\/www.ateti.pt\/loja\/wp-json\/wp\/v2\/product_brand?post=50824"},{"taxonomy":"product_cat","embeddable":true,"href":"https:\/\/www.ateti.pt\/loja\/wp-json\/wp\/v2\/product_cat?post=50824"},{"taxonomy":"product_tag","embeddable":true,"href":"https:\/\/www.ateti.pt\/loja\/wp-json\/wp\/v2\/product_tag?post=50824"},{"taxonomy":"woo-feed-brand","embeddable":true,"href":"https:\/\/www.ateti.pt\/loja\/wp-json\/wp\/v2\/woo-feed-brand?post=50824"}],"curies":[{"name":"wp","href":"https:\/\/api.w.org\/{rel}","templated":true}]}}