{"id":50724,"date":"2023-04-03T17:00:49","date_gmt":"2023-04-03T16:00:49","guid":{"rendered":"https:\/\/www.ateti.pt\/loja\/?post_type=product&#038;p=50724"},"modified":"2026-02-24T08:41:02","modified_gmt":"2026-02-24T08:41:02","slug":"filtro-a5mg-350l-aquaphor","status":"publish","type":"product","link":"https:\/\/www.ateti.pt\/loja\/produto\/filtro-a5mg-350l-aquaphor\/","title":{"rendered":"Filtro A5Mg (350L) Aquaphor"},"content":{"rendered":"<p><strong>Filtro A5Mg (350L) Aquaphor<\/strong><\/p>\n<p>Remove o cloro, bact\u00e9rias, compostos org\u00e2nicos, fen\u00f3is, metais pesados.<\/p>\n<p>Tempo de vida do filtro: 350L<\/p>\n<p>Prepara\u00e7\u00e3o de uso:<\/p>\n<ol>\n<li>Desembale o copo do filtro e retire o cartucho de dentro do funil. Lave o copo e a tampa funil de copo com \u00e1gua quente, detergente l\u00edquido\u00a0 e esponja n\u00e3o abrasiva.<\/li>\n<li>Insira o cartucho no orif\u00edcio at\u00e9 que esteja completamente vedado, certificando-se de que a \u00e1gua n\u00e3o circula entre o orif\u00edcio do funil e o cartucho.<\/li>\n<li>Filtre\u00a0 e despeje os dois primeiros copos de \u00e1gua. Isso \u00e9 recomendado para lavar o cartucho de vest\u00edgios de p\u00f3 de carv\u00e3o, que podem se formar durante o transporte.<\/li>\n<li>Nos primeiros litros de \u00e1gua filtrada, observam-se ligeiros vest\u00edgios de p\u00f3 de carv\u00e3o, que se formam durante o transporte de envio. Este facto n\u00e3o significa que o elemento filtrante esteja com defeito.<\/li>\n<li>Estar\u00e1 pronto para uso.<\/li>\n<\/ol>\n<p>&nbsp;<\/p>\n<h3>Desempenho de filtragem<\/h3>\n<ul class=\"green-icon\">\n<li>Leve at\u00e9 aprox.\u00a099,5%<\/li>\n<li>Cobre at\u00e9 aprox.\u00a098%<\/li>\n<li>C\u00e1dmio at\u00e9 cerca de 99%<\/li>\n<li>Fenol n\u00e3o mais do que cerca de 99,5%<\/li>\n<li>Benzeno at\u00e9 cerca de 99%<\/li>\n<li>Pesticidas at\u00e9 aprox.\u00a095%<\/li>\n<li>Clorof\u00f3rmio at\u00e9 cerca de 99,5%<\/li>\n<li>Cloro at\u00e9 100%<\/li>\n<\/ul>\n","protected":false},"excerpt":{"rendered":"<p>5.99\u20ac\/un.<\/p>\n","protected":false},"featured_media":61111,"comment_status":"closed","ping_status":"closed","template":"","meta":{"_themeisle_gutenberg_block_has_review":false},"product_brand":[],"product_cat":[892,237,706],"product_tag":[593],"woo-feed-brand":[],"class_list":{"0":"post-50724","1":"product","2":"type-product","3":"status-publish","4":"has-post-thumbnail","6":"product_cat-aquaphor","7":"product_cat-casa-jardim","8":"product_cat-utilitarios-de-casa","9":"product_tag-novidades","10":"ts_product_brand-aquaphor","12":"first","13":"outofstock","14":"sale","15":"taxable","16":"shipping-taxable","17":"purchasable","18":"product-type-simple"},"_links":{"self":[{"href":"https:\/\/www.ateti.pt\/loja\/wp-json\/wp\/v2\/product\/50724","targetHints":{"allow":["GET"]}}],"collection":[{"href":"https:\/\/www.ateti.pt\/loja\/wp-json\/wp\/v2\/product"}],"about":[{"href":"https:\/\/www.ateti.pt\/loja\/wp-json\/wp\/v2\/types\/product"}],"replies":[{"embeddable":true,"href":"https:\/\/www.ateti.pt\/loja\/wp-json\/wp\/v2\/comments?post=50724"}],"wp:featuredmedia":[{"embeddable":true,"href":"https:\/\/www.ateti.pt\/loja\/wp-json\/wp\/v2\/media\/61111"}],"wp:attachment":[{"href":"https:\/\/www.ateti.pt\/loja\/wp-json\/wp\/v2\/media?parent=50724"}],"wp:term":[{"taxonomy":"product_brand","embeddable":true,"href":"https:\/\/www.ateti.pt\/loja\/wp-json\/wp\/v2\/product_brand?post=50724"},{"taxonomy":"product_cat","embeddable":true,"href":"https:\/\/www.ateti.pt\/loja\/wp-json\/wp\/v2\/product_cat?post=50724"},{"taxonomy":"product_tag","embeddable":true,"href":"https:\/\/www.ateti.pt\/loja\/wp-json\/wp\/v2\/product_tag?post=50724"},{"taxonomy":"woo-feed-brand","embeddable":true,"href":"https:\/\/www.ateti.pt\/loja\/wp-json\/wp\/v2\/woo-feed-brand?post=50724"}],"curies":[{"name":"wp","href":"https:\/\/api.w.org\/{rel}","templated":true}]}}