{"id":50366,"date":"2023-03-27T17:16:42","date_gmt":"2023-03-27T16:16:42","guid":{"rendered":"https:\/\/www.ateti.pt\/loja\/?post_type=product&#038;p=50366"},"modified":"2026-04-15T16:07:57","modified_gmt":"2026-04-15T15:07:57","slug":"detergente-aloe-vera-340ml-fairy","status":"publish","type":"product","link":"https:\/\/www.ateti.pt\/loja\/produto\/detergente-aloe-vera-340ml-fairy\/","title":{"rendered":"Detergente Aloe Vera 340ml Fairy"},"content":{"rendered":"<p><strong>Detergente Aloe Vera<\/strong><\/p>\n<p><strong>Quantidade:\u00a0<\/strong>340ml<\/p>\n<p><strong>Descri\u00e7\u00e3o:\u00a0<\/strong>O detergente l\u00edquido Fairy Limpeza e Cuidado oferece-lhe o poder de limpeza que espera do Fairy para eliminar a gordura mais dif\u00edcil, sendo simultaneamente suave e delicado com as suas m\u00e3os. O detergente l\u00edquido Fairy Limpeza e Cuidado \u00e9 de tal forma concentrado que s\u00f3 necessitar\u00e1 de uma gota.<\/p>\n<p><b>Benef\u00edcios:<\/b><\/p>\n<p>&#8211; 2 em 1: eficaz contra a gordura e delicado com as m\u00e3os;<\/p>\n<p>&#8211; Al\u00e9m de eliminar a gordura da loi\u00e7a com extraordin\u00e1ria efic\u00e1cia, o seu agente especial suavizante para a pele Dermaprotect tamb\u00e9m ajuda a manter as suas m\u00e3os mais suaves e macias enquanto lava a loi\u00e7a (comparativamente com o Fairy Original);<\/p>\n<p>&#8211; Detergente ultraduradouro at\u00e9 \u00e0 \u00faltima gota;<\/p>\n<p>&#8211; Cuide ainda mais das suas m\u00e3os: recomendamos que retire os an\u00e9is antes de lavar a loi\u00e7a para evitar a acumula\u00e7\u00e3o de \u00e1gua entre os an\u00e9is e os dedos;<\/p>\n<p>Veja mais em <a href=\"https:\/\/www.ateti.pt\/loja\/categoria\/higiene-e-limpeza\/limpeza\/\">Limpeza<\/a><\/p>\n","protected":false},"excerpt":{"rendered":"<p>5.85\u20ac\/lt<\/p>\n","protected":false},"featured_media":50370,"comment_status":"closed","ping_status":"closed","template":"","meta":{"_themeisle_gutenberg_block_has_review":false},"product_brand":[],"product_cat":[209,190,204],"product_tag":[593],"woo-feed-brand":[],"class_list":{"0":"post-50366","1":"product","2":"type-product","3":"status-publish","4":"has-post-thumbnail","6":"product_cat-cozinha","7":"product_cat-desinfetantes-e-limpeza","8":"product_cat-limpeza","9":"product_tag-novidades","10":"ts_product_brand-fairy","12":"first","13":"instock","14":"taxable","15":"shipping-taxable","16":"purchasable","17":"product-type-simple"},"_links":{"self":[{"href":"https:\/\/www.ateti.pt\/loja\/wp-json\/wp\/v2\/product\/50366","targetHints":{"allow":["GET"]}}],"collection":[{"href":"https:\/\/www.ateti.pt\/loja\/wp-json\/wp\/v2\/product"}],"about":[{"href":"https:\/\/www.ateti.pt\/loja\/wp-json\/wp\/v2\/types\/product"}],"replies":[{"embeddable":true,"href":"https:\/\/www.ateti.pt\/loja\/wp-json\/wp\/v2\/comments?post=50366"}],"wp:featuredmedia":[{"embeddable":true,"href":"https:\/\/www.ateti.pt\/loja\/wp-json\/wp\/v2\/media\/50370"}],"wp:attachment":[{"href":"https:\/\/www.ateti.pt\/loja\/wp-json\/wp\/v2\/media?parent=50366"}],"wp:term":[{"taxonomy":"product_brand","embeddable":true,"href":"https:\/\/www.ateti.pt\/loja\/wp-json\/wp\/v2\/product_brand?post=50366"},{"taxonomy":"product_cat","embeddable":true,"href":"https:\/\/www.ateti.pt\/loja\/wp-json\/wp\/v2\/product_cat?post=50366"},{"taxonomy":"product_tag","embeddable":true,"href":"https:\/\/www.ateti.pt\/loja\/wp-json\/wp\/v2\/product_tag?post=50366"},{"taxonomy":"woo-feed-brand","embeddable":true,"href":"https:\/\/www.ateti.pt\/loja\/wp-json\/wp\/v2\/woo-feed-brand?post=50366"}],"curies":[{"name":"wp","href":"https:\/\/api.w.org\/{rel}","templated":true}]}}