{"id":50351,"date":"2025-12-07T10:10:25","date_gmt":"2025-12-07T10:10:25","guid":{"rendered":"https:\/\/www.ateti.pt\/loja\/?post_type=product&#038;p=50351"},"modified":"2026-02-04T16:26:12","modified_gmt":"2026-02-04T16:26:12","slug":"vinha-dalho-200g-amanhecer","status":"publish","type":"product","link":"https:\/\/www.ateti.pt\/loja\/produto\/vinha-dalho-200g-amanhecer\/","title":{"rendered":"Vinha d\u00b4Alho 200g Amanhecer (28-02-2026)"},"content":{"rendered":"<p><strong>Vinha d\u00b4Alho<\/strong><\/p>\n<p><strong>Quantidade:\u00a0<\/strong>200g<\/p>\n<p><strong>Ingredientes:\u00a0<\/strong>Pimento, alho(33%), vinho(16%), sal e louro. Pode conter vest\u00edgios de sulfitos.<\/p>\n<p><strong>Condi\u00e7\u00f5es de utiliza\u00e7\u00e3o\/prepara\u00e7\u00e3o:<\/strong> Para temperar antes de cozinhar.<\/p>\n<p><strong>Valores nutricionais por 100g:<\/strong> Energia: 147kj\/35kcal; L\u00edpidos: 0,4g, dos quais saturados: 0,1g; Hidratos de carbono: 4,8g, dos quais a\u00e7\u00facares: 3,1g; Fibra: 1,3g; Prote\u00ednas: 2,4g; Sal: 12,7g.<\/p>\n<p>Conservar em local fresco e seco. Manter ao abrigo da luz. Depois de aberto, conservar em local refrigerado.<\/p>\n<p>Sem corantes nem conservantes.<\/p>\n<p>N\u00e3o necessita de sal.<\/p>\n<p>&nbsp;<\/p>\n","protected":false},"excerpt":{"rendered":"<p>5.45\u20ac\/kg<\/p>\n","protected":false},"featured_media":61097,"comment_status":"closed","ping_status":"closed","template":"","meta":{"_themeisle_gutenberg_block_has_review":false},"product_brand":[],"product_cat":[132,265,174],"product_tag":[593],"woo-feed-brand":[],"class_list":{"0":"post-50351","1":"product","2":"type-product","3":"status-publish","4":"has-post-thumbnail","6":"product_cat-mercearia","7":"product_cat-promocoes-outlet-ate-50-desconto-supermercado-online-ate-ti","8":"product_cat-temperos-e-molhos","9":"product_tag-novidades","10":"ts_product_brand-amanhecer","12":"first","13":"outofstock","14":"sale","15":"taxable","16":"shipping-taxable","17":"purchasable","18":"product-type-simple"},"_links":{"self":[{"href":"https:\/\/www.ateti.pt\/loja\/wp-json\/wp\/v2\/product\/50351","targetHints":{"allow":["GET"]}}],"collection":[{"href":"https:\/\/www.ateti.pt\/loja\/wp-json\/wp\/v2\/product"}],"about":[{"href":"https:\/\/www.ateti.pt\/loja\/wp-json\/wp\/v2\/types\/product"}],"replies":[{"embeddable":true,"href":"https:\/\/www.ateti.pt\/loja\/wp-json\/wp\/v2\/comments?post=50351"}],"wp:featuredmedia":[{"embeddable":true,"href":"https:\/\/www.ateti.pt\/loja\/wp-json\/wp\/v2\/media\/61097"}],"wp:attachment":[{"href":"https:\/\/www.ateti.pt\/loja\/wp-json\/wp\/v2\/media?parent=50351"}],"wp:term":[{"taxonomy":"product_brand","embeddable":true,"href":"https:\/\/www.ateti.pt\/loja\/wp-json\/wp\/v2\/product_brand?post=50351"},{"taxonomy":"product_cat","embeddable":true,"href":"https:\/\/www.ateti.pt\/loja\/wp-json\/wp\/v2\/product_cat?post=50351"},{"taxonomy":"product_tag","embeddable":true,"href":"https:\/\/www.ateti.pt\/loja\/wp-json\/wp\/v2\/product_tag?post=50351"},{"taxonomy":"woo-feed-brand","embeddable":true,"href":"https:\/\/www.ateti.pt\/loja\/wp-json\/wp\/v2\/woo-feed-brand?post=50351"}],"curies":[{"name":"wp","href":"https:\/\/api.w.org\/{rel}","templated":true}]}}