{"id":50190,"date":"2023-03-22T18:29:41","date_gmt":"2023-03-22T17:29:41","guid":{"rendered":"https:\/\/www.ateti.pt\/loja\/?post_type=product&#038;p=50190"},"modified":"2025-02-04T17:57:25","modified_gmt":"2025-02-04T17:57:25","slug":"bolsa-de-fruta-maca-e-pera-90g-amanhecer","status":"publish","type":"product","link":"https:\/\/www.ateti.pt\/loja\/produto\/bolsa-de-fruta-maca-e-pera-90g-amanhecer\/","title":{"rendered":"Bolsa de Fruta Ma\u00e7\u00e3 e P\u00eara 90g Amanhecer"},"content":{"rendered":"<p><strong>Bolsa de Fruta Ma\u00e7\u00e3 e P\u00eara Amanhecer<\/strong><\/p>\n<p><strong>Quantidade:\u00a0<\/strong>90g<\/p>\n<p><em>Alimento para lactentes e crian\u00e7as de pouca idade. Pur\u00e9 \u00e0 base de ma\u00e7\u00e3 e p\u00eara.<\/em><\/p>\n<p><strong>Ingredientes:\u00a0<\/strong>Pur\u00e9 de ma\u00e7\u00e3 56%, pur\u00e9 de p\u00eara 40%, sumo de ma\u00e7\u00e3 4%, vitamina C.<\/p>\n<p><strong>Declara\u00e7\u00e3o Nutricional (por 100g):\u00a0<\/strong>Energia: 214kj\/50kcal; L\u00edpidos: 0,1g; dos quais Saturados: 0g; Hidratos de Carbono: 11g; dos quais A\u00e7\u00facares: 10g; Fibra: 1,5g; Prote\u00ednas: 0,3g; Sal: 0,03g.<\/p>\n","protected":false},"excerpt":{"rendered":"<p>8,78\u20ac\/kg<\/p>\n","protected":false},"featured_media":61102,"comment_status":"closed","ping_status":"closed","template":"","meta":{"_themeisle_gutenberg_block_has_review":false},"product_brand":[],"product_cat":[226,214],"product_tag":[593],"woo-feed-brand":[],"class_list":{"0":"post-50190","1":"product","2":"type-product","3":"status-publish","4":"has-post-thumbnail","6":"product_cat-alimentacao","7":"product_cat-bebe-crianca","8":"product_tag-novidades","9":"ts_product_brand-amanhecer","11":"first","12":"instock","13":"sale","14":"taxable","15":"shipping-taxable","16":"purchasable","17":"product-type-simple"},"_links":{"self":[{"href":"https:\/\/www.ateti.pt\/loja\/wp-json\/wp\/v2\/product\/50190","targetHints":{"allow":["GET"]}}],"collection":[{"href":"https:\/\/www.ateti.pt\/loja\/wp-json\/wp\/v2\/product"}],"about":[{"href":"https:\/\/www.ateti.pt\/loja\/wp-json\/wp\/v2\/types\/product"}],"replies":[{"embeddable":true,"href":"https:\/\/www.ateti.pt\/loja\/wp-json\/wp\/v2\/comments?post=50190"}],"wp:featuredmedia":[{"embeddable":true,"href":"https:\/\/www.ateti.pt\/loja\/wp-json\/wp\/v2\/media\/61102"}],"wp:attachment":[{"href":"https:\/\/www.ateti.pt\/loja\/wp-json\/wp\/v2\/media?parent=50190"}],"wp:term":[{"taxonomy":"product_brand","embeddable":true,"href":"https:\/\/www.ateti.pt\/loja\/wp-json\/wp\/v2\/product_brand?post=50190"},{"taxonomy":"product_cat","embeddable":true,"href":"https:\/\/www.ateti.pt\/loja\/wp-json\/wp\/v2\/product_cat?post=50190"},{"taxonomy":"product_tag","embeddable":true,"href":"https:\/\/www.ateti.pt\/loja\/wp-json\/wp\/v2\/product_tag?post=50190"},{"taxonomy":"woo-feed-brand","embeddable":true,"href":"https:\/\/www.ateti.pt\/loja\/wp-json\/wp\/v2\/woo-feed-brand?post=50190"}],"curies":[{"name":"wp","href":"https:\/\/api.w.org\/{rel}","templated":true}]}}