{"id":50186,"date":"2023-03-22T18:11:59","date_gmt":"2023-03-22T17:11:59","guid":{"rendered":"https:\/\/www.ateti.pt\/loja\/?post_type=product&#038;p=50186"},"modified":"2025-02-04T17:57:39","modified_gmt":"2025-02-04T17:57:39","slug":"bolsa-de-fruta-maca-laranja-banana-e-bolacha-90g-amanhecer","status":"publish","type":"product","link":"https:\/\/www.ateti.pt\/loja\/produto\/bolsa-de-fruta-maca-laranja-banana-e-bolacha-90g-amanhecer\/","title":{"rendered":"Bolsa de Fruta Ma\u00e7\u00e3, Laranja, Banana e Bolacha 90g Amanhecer"},"content":{"rendered":"<p><strong>Bolsa de Fruta Ma\u00e7\u00e3, Laranja, Banana e Bolacha Amanhecer<\/strong><\/p>\n<p><strong>Quantidade:\u00a0<\/strong>90g<\/p>\n<p><em>Alimento para lactentes e crian\u00e7as de pouca idade. Pur\u00e9 \u00e0 base de ma\u00e7\u00e3 e banana com sumo de laranja e ma\u00e7\u00e3 e bolacha em p\u00f3.<\/em><\/p>\n<p><strong>Ingredientes:\u00a0<\/strong>Pur\u00e9 de ma\u00e7\u00e3 57%, pur\u00e9 de banana 20%, sumo de laranja 11%, sumo de ma\u00e7\u00e3 8%, bolacha em p\u00f3 4% (farinha de trigo, sumo de uva concentrado, \u00f3leo de girassol, levedantes (carbonatos de s\u00f3dio)), vitamina C, sumo de lim\u00e3o concentrado. Pode conter vest\u00edgios de frutos de casca rija, leite e ovos.<\/p>\n<p><strong>Declara\u00e7\u00e3o Nutricional (por 100g): <\/strong>Energia: 284kj\/67kcal; L\u00edpidos: 0,6g; dos quais Saturados: 0,3g; Hidratos de Carbono: 14g; dos quais A\u00e7\u00facares: 12g; Fibra: 1,4g; Prote\u00ednas: 0,8g; Sal: 0,02g.<\/p>\n","protected":false},"excerpt":{"rendered":"<p>8,78\u20ac\/kg<\/p>\n","protected":false},"featured_media":61252,"comment_status":"closed","ping_status":"closed","template":"","meta":{"_themeisle_gutenberg_block_has_review":false},"product_brand":[],"product_cat":[226,214],"product_tag":[593],"woo-feed-brand":[],"class_list":{"0":"post-50186","1":"product","2":"type-product","3":"status-publish","4":"has-post-thumbnail","6":"product_cat-alimentacao","7":"product_cat-bebe-crianca","8":"product_tag-novidades","9":"ts_product_brand-amanhecer","11":"first","12":"instock","13":"sale","14":"taxable","15":"shipping-taxable","16":"purchasable","17":"product-type-simple"},"_links":{"self":[{"href":"https:\/\/www.ateti.pt\/loja\/wp-json\/wp\/v2\/product\/50186","targetHints":{"allow":["GET"]}}],"collection":[{"href":"https:\/\/www.ateti.pt\/loja\/wp-json\/wp\/v2\/product"}],"about":[{"href":"https:\/\/www.ateti.pt\/loja\/wp-json\/wp\/v2\/types\/product"}],"replies":[{"embeddable":true,"href":"https:\/\/www.ateti.pt\/loja\/wp-json\/wp\/v2\/comments?post=50186"}],"wp:featuredmedia":[{"embeddable":true,"href":"https:\/\/www.ateti.pt\/loja\/wp-json\/wp\/v2\/media\/61252"}],"wp:attachment":[{"href":"https:\/\/www.ateti.pt\/loja\/wp-json\/wp\/v2\/media?parent=50186"}],"wp:term":[{"taxonomy":"product_brand","embeddable":true,"href":"https:\/\/www.ateti.pt\/loja\/wp-json\/wp\/v2\/product_brand?post=50186"},{"taxonomy":"product_cat","embeddable":true,"href":"https:\/\/www.ateti.pt\/loja\/wp-json\/wp\/v2\/product_cat?post=50186"},{"taxonomy":"product_tag","embeddable":true,"href":"https:\/\/www.ateti.pt\/loja\/wp-json\/wp\/v2\/product_tag?post=50186"},{"taxonomy":"woo-feed-brand","embeddable":true,"href":"https:\/\/www.ateti.pt\/loja\/wp-json\/wp\/v2\/woo-feed-brand?post=50186"}],"curies":[{"name":"wp","href":"https:\/\/api.w.org\/{rel}","templated":true}]}}