{"id":50183,"date":"2023-03-22T18:00:26","date_gmt":"2023-03-22T17:00:26","guid":{"rendered":"https:\/\/www.ateti.pt\/loja\/?post_type=product&#038;p=50183"},"modified":"2025-02-04T17:57:43","modified_gmt":"2025-02-04T17:57:43","slug":"bolsa-de-fruta-multifrutos-90g-amanhecer","status":"publish","type":"product","link":"https:\/\/www.ateti.pt\/loja\/produto\/bolsa-de-fruta-multifrutos-90g-amanhecer\/","title":{"rendered":"Bolsa de Fruta Multifrutos 90g Amanhecer"},"content":{"rendered":"<p><strong>Bolsa de Fruta Multifrutos Amanhecer<\/strong><\/p>\n<p><strong>Quantidade:\u00a0<\/strong>90g<\/p>\n<p><em>Alimento para lactentes e crian\u00e7as de pouca idade. Pur\u00e9 \u00e0 base de ma\u00e7\u00e3, p\u00eassego, banana e p\u00eara.<\/em><\/p>\n<p><strong>Ingredientes: <\/strong>Pur\u00e9 de ma\u00e7\u00e3 32%, pur\u00e9 de p\u00eassego 32%, pur\u00e9 de banana 22%, pur\u00e9 de p\u00eara 14%, vitamina C.<\/p>\n<p><strong>Condi\u00e7\u00f5es de utiliza\u00e7\u00e3o\/prepara\u00e7\u00e3o:\u00a0<\/strong>Produto pronta a consumir, ou se preferir, pode consumir refrigerado.<\/p>\n<p><strong>Declara\u00e7\u00e3o Nutricional (por 100g):\u00a0<\/strong>Energia: 231kj\/54kcal; L\u00edpidos: 0,3g; dos quais Saturados: 0,1g; Hidratos de Carbono: 12g; dos quais A\u00e7\u00facares: 11g; Fibra: 1,6g; Prote\u00ednas: 0,7g; Sal: 0,07g.<\/p>\n","protected":false},"excerpt":{"rendered":"<p>8,78\u20ac\/kg<\/p>\n","protected":false},"featured_media":61253,"comment_status":"closed","ping_status":"closed","template":"","meta":{"_themeisle_gutenberg_block_has_review":false},"product_brand":[],"product_cat":[226,214],"product_tag":[593],"woo-feed-brand":[],"class_list":{"0":"post-50183","1":"product","2":"type-product","3":"status-publish","4":"has-post-thumbnail","6":"product_cat-alimentacao","7":"product_cat-bebe-crianca","8":"product_tag-novidades","9":"ts_product_brand-amanhecer","11":"first","12":"instock","13":"sale","14":"taxable","15":"shipping-taxable","16":"purchasable","17":"product-type-simple"},"_links":{"self":[{"href":"https:\/\/www.ateti.pt\/loja\/wp-json\/wp\/v2\/product\/50183","targetHints":{"allow":["GET"]}}],"collection":[{"href":"https:\/\/www.ateti.pt\/loja\/wp-json\/wp\/v2\/product"}],"about":[{"href":"https:\/\/www.ateti.pt\/loja\/wp-json\/wp\/v2\/types\/product"}],"replies":[{"embeddable":true,"href":"https:\/\/www.ateti.pt\/loja\/wp-json\/wp\/v2\/comments?post=50183"}],"wp:featuredmedia":[{"embeddable":true,"href":"https:\/\/www.ateti.pt\/loja\/wp-json\/wp\/v2\/media\/61253"}],"wp:attachment":[{"href":"https:\/\/www.ateti.pt\/loja\/wp-json\/wp\/v2\/media?parent=50183"}],"wp:term":[{"taxonomy":"product_brand","embeddable":true,"href":"https:\/\/www.ateti.pt\/loja\/wp-json\/wp\/v2\/product_brand?post=50183"},{"taxonomy":"product_cat","embeddable":true,"href":"https:\/\/www.ateti.pt\/loja\/wp-json\/wp\/v2\/product_cat?post=50183"},{"taxonomy":"product_tag","embeddable":true,"href":"https:\/\/www.ateti.pt\/loja\/wp-json\/wp\/v2\/product_tag?post=50183"},{"taxonomy":"woo-feed-brand","embeddable":true,"href":"https:\/\/www.ateti.pt\/loja\/wp-json\/wp\/v2\/woo-feed-brand?post=50183"}],"curies":[{"name":"wp","href":"https:\/\/api.w.org\/{rel}","templated":true}]}}