{"id":50018,"date":"2023-03-16T18:37:48","date_gmt":"2023-03-16T17:37:48","guid":{"rendered":"https:\/\/www.ateti.pt\/loja\/?post_type=product&#038;p=50018"},"modified":"2025-04-14T16:57:33","modified_gmt":"2025-04-14T15:57:33","slug":"bolacha-cracker-500g-amanhecer","status":"publish","type":"product","link":"https:\/\/www.ateti.pt\/loja\/produto\/bolacha-cracker-500g-amanhecer\/","title":{"rendered":"Bolacha Cracker 500g Amanhecer"},"content":{"rendered":"<p><strong>Bolacha Cracker Amanhecer<\/strong><\/p>\n<p><strong>Quantidade:\u00a0<\/strong>500g<\/p>\n<p><em>Bolacha de farinha de trigo (84%) com sal<\/em><\/p>\n<p><strong>Ingredientes:\u00a0<\/strong>Farinha de trigo, gordura vegetal refinada (palma), sal (1%), extracto de malte de cevada, regulador de acidez (carbonato \u00e1cido de s\u00f3dio), levedura, farinha de cevada maltada. Pode conter vest\u00edgios de frutos de casca rija, amendoim, ovos, leite e soja.<\/p>\n<p><strong>Declara\u00e7\u00e3o Nutricional (por 100g):\u00a0<\/strong>Energia: 1840kj\/437kcal; L\u00edpidos: 12,6g; dos quais Saturados: 5,8g; Hidratos de Carbono: 68,3g; dos quais A\u00e7\u00facares: 3,3g; Fibra: 3,8g; Prote\u00ednas: 10,7g; Sal: 1,1g.<\/p>\n<p><em>Esta embalagem cont\u00e9m 14 saquetas de aproximadamente 35,7g cada.<\/em><\/p>\n","protected":false},"excerpt":{"rendered":"<p>4.78\u20ac\/kg<\/p>\n","protected":false},"featured_media":71625,"comment_status":"closed","ping_status":"closed","template":"","meta":{"_themeisle_gutenberg_block_has_review":false},"product_brand":[],"product_cat":[134,144,132],"product_tag":[593],"woo-feed-brand":[],"class_list":{"0":"post-50018","1":"product","2":"type-product","3":"status-publish","4":"has-post-thumbnail","6":"product_cat-bolachas-biscoitos","7":"product_cat-chocolates-biscoitos-e-cereais","8":"product_cat-mercearia","9":"product_tag-novidades","10":"ts_product_brand-amanhecer","12":"first","13":"instock","14":"taxable","15":"shipping-taxable","16":"purchasable","17":"product-type-simple"},"_links":{"self":[{"href":"https:\/\/www.ateti.pt\/loja\/wp-json\/wp\/v2\/product\/50018","targetHints":{"allow":["GET"]}}],"collection":[{"href":"https:\/\/www.ateti.pt\/loja\/wp-json\/wp\/v2\/product"}],"about":[{"href":"https:\/\/www.ateti.pt\/loja\/wp-json\/wp\/v2\/types\/product"}],"replies":[{"embeddable":true,"href":"https:\/\/www.ateti.pt\/loja\/wp-json\/wp\/v2\/comments?post=50018"}],"wp:featuredmedia":[{"embeddable":true,"href":"https:\/\/www.ateti.pt\/loja\/wp-json\/wp\/v2\/media\/71625"}],"wp:attachment":[{"href":"https:\/\/www.ateti.pt\/loja\/wp-json\/wp\/v2\/media?parent=50018"}],"wp:term":[{"taxonomy":"product_brand","embeddable":true,"href":"https:\/\/www.ateti.pt\/loja\/wp-json\/wp\/v2\/product_brand?post=50018"},{"taxonomy":"product_cat","embeddable":true,"href":"https:\/\/www.ateti.pt\/loja\/wp-json\/wp\/v2\/product_cat?post=50018"},{"taxonomy":"product_tag","embeddable":true,"href":"https:\/\/www.ateti.pt\/loja\/wp-json\/wp\/v2\/product_tag?post=50018"},{"taxonomy":"woo-feed-brand","embeddable":true,"href":"https:\/\/www.ateti.pt\/loja\/wp-json\/wp\/v2\/woo-feed-brand?post=50018"}],"curies":[{"name":"wp","href":"https:\/\/api.w.org\/{rel}","templated":true}]}}