{"id":50005,"date":"2023-03-16T13:16:36","date_gmt":"2023-03-16T12:16:36","guid":{"rendered":"https:\/\/www.ateti.pt\/loja\/?post_type=product&#038;p=50005"},"modified":"2026-01-14T16:54:11","modified_gmt":"2026-01-14T16:54:11","slug":"detergente-loica-original-maxi-poder-440ml-fairy","status":"publish","type":"product","link":"https:\/\/www.ateti.pt\/loja\/produto\/detergente-loica-original-maxi-poder-440ml-fairy\/","title":{"rendered":"Detergente Loi\u00e7a Original Maxi Poder 440ml Fairy"},"content":{"rendered":"<p><strong>Detergente Loi\u00e7a Original Maxi Poder Fairy<\/strong><\/p>\n<p><strong>Quantidade:<\/strong> 440ml<\/p>\n<p><em>M\u00e1ximo poder. Esfregue 4x menos em gordura cozinhado do que a marca dilu\u00edda mais vendida. Doseamento r\u00e1pido e f\u00e1cil. Tecnologia anti-desperd\u00edcio.<\/em><\/p>\n<p><strong>Aten\u00e7\u00e3o:\u00a0<\/strong>Provoca irrita\u00e7\u00e3o ocular grave. Nocivo para os organismos aqu\u00e1ticos com efeitos duradouros. Manter fora do alcance das crian\u00e7as. Se entrar em contacto com os olhos: enxaguar cuidadosamente com \u00e1gua durante v\u00e1rios minutos. Eliminar o conte\u00fado\/recipiente no sistema de reciclagem apropriado.<\/p>\n","protected":false},"excerpt":{"rendered":"<p>8.39\u20ac\/lt<\/p>\n","protected":false},"featured_media":44346,"comment_status":"closed","ping_status":"closed","template":"","meta":{"_themeisle_gutenberg_block_has_review":false},"product_brand":[],"product_cat":[209,190,204],"product_tag":[593],"woo-feed-brand":[],"class_list":{"0":"post-50005","1":"product","2":"type-product","3":"status-publish","4":"has-post-thumbnail","6":"product_cat-cozinha","7":"product_cat-desinfetantes-e-limpeza","8":"product_cat-limpeza","9":"product_tag-novidades","10":"ts_product_brand-fairy","12":"first","13":"instock","14":"taxable","15":"shipping-taxable","16":"purchasable","17":"product-type-simple"},"_links":{"self":[{"href":"https:\/\/www.ateti.pt\/loja\/wp-json\/wp\/v2\/product\/50005","targetHints":{"allow":["GET"]}}],"collection":[{"href":"https:\/\/www.ateti.pt\/loja\/wp-json\/wp\/v2\/product"}],"about":[{"href":"https:\/\/www.ateti.pt\/loja\/wp-json\/wp\/v2\/types\/product"}],"replies":[{"embeddable":true,"href":"https:\/\/www.ateti.pt\/loja\/wp-json\/wp\/v2\/comments?post=50005"}],"wp:featuredmedia":[{"embeddable":true,"href":"https:\/\/www.ateti.pt\/loja\/wp-json\/wp\/v2\/media\/44346"}],"wp:attachment":[{"href":"https:\/\/www.ateti.pt\/loja\/wp-json\/wp\/v2\/media?parent=50005"}],"wp:term":[{"taxonomy":"product_brand","embeddable":true,"href":"https:\/\/www.ateti.pt\/loja\/wp-json\/wp\/v2\/product_brand?post=50005"},{"taxonomy":"product_cat","embeddable":true,"href":"https:\/\/www.ateti.pt\/loja\/wp-json\/wp\/v2\/product_cat?post=50005"},{"taxonomy":"product_tag","embeddable":true,"href":"https:\/\/www.ateti.pt\/loja\/wp-json\/wp\/v2\/product_tag?post=50005"},{"taxonomy":"woo-feed-brand","embeddable":true,"href":"https:\/\/www.ateti.pt\/loja\/wp-json\/wp\/v2\/woo-feed-brand?post=50005"}],"curies":[{"name":"wp","href":"https:\/\/api.w.org\/{rel}","templated":true}]}}