{"id":49985,"date":"2023-03-15T19:06:49","date_gmt":"2023-03-15T18:06:49","guid":{"rendered":"https:\/\/www.ateti.pt\/loja\/?post_type=product&#038;p=49985"},"modified":"2025-05-12T11:20:17","modified_gmt":"2025-05-12T10:20:17","slug":"sal-para-maquina-de-loica-1kg-ultra-pro","status":"publish","type":"product","link":"https:\/\/www.ateti.pt\/loja\/produto\/sal-para-maquina-de-loica-1kg-ultra-pro\/","title":{"rendered":"Sal para M\u00e1quina de Loi\u00e7a 1kg Ultra Pro"},"content":{"rendered":"<p><strong>Sal para M\u00e1quina de Loi\u00e7a Ultra Pro<\/strong><\/p>\n<p><strong>Quantidade:\u00a0<\/strong>1kg<\/p>\n<p><em>Sal em pastilhas para m\u00e1quinas de lavar loi\u00e7a\u00a0<\/em><\/p>\n<p><em>Previne manchas de \u00e1gua na loi\u00e7a<\/em><\/p>\n<p><em>Poder anticalc\u00e1rio<\/em><\/p>\n<p>Produto totalmente sol\u00favel e de elevada pureza, especialmente desenvolvido para proporcionar uma elevada performance na lavagem da loi\u00e7a, contribuindo para a prote\u00e7\u00e3o da sua m\u00e1quina. A a\u00e7\u00e3o anticalc\u00e1rio do produto contribui para o bom estado da m\u00e1quina.<\/p>\n","protected":false},"excerpt":{"rendered":"<p>0,89\u20ac\/kg<\/p>\n","protected":false},"featured_media":49986,"comment_status":"closed","ping_status":"closed","template":"","meta":{"_themeisle_gutenberg_block_has_review":false},"product_brand":[],"product_cat":[209,190,204],"product_tag":[593],"woo-feed-brand":[],"class_list":{"0":"post-49985","1":"product","2":"type-product","3":"status-publish","4":"has-post-thumbnail","6":"product_cat-cozinha","7":"product_cat-desinfetantes-e-limpeza","8":"product_cat-limpeza","9":"product_tag-novidades","10":"ts_product_brand-ultra-pro","12":"first","13":"instock","14":"taxable","15":"shipping-taxable","16":"purchasable","17":"product-type-simple"},"_links":{"self":[{"href":"https:\/\/www.ateti.pt\/loja\/wp-json\/wp\/v2\/product\/49985","targetHints":{"allow":["GET"]}}],"collection":[{"href":"https:\/\/www.ateti.pt\/loja\/wp-json\/wp\/v2\/product"}],"about":[{"href":"https:\/\/www.ateti.pt\/loja\/wp-json\/wp\/v2\/types\/product"}],"replies":[{"embeddable":true,"href":"https:\/\/www.ateti.pt\/loja\/wp-json\/wp\/v2\/comments?post=49985"}],"wp:featuredmedia":[{"embeddable":true,"href":"https:\/\/www.ateti.pt\/loja\/wp-json\/wp\/v2\/media\/49986"}],"wp:attachment":[{"href":"https:\/\/www.ateti.pt\/loja\/wp-json\/wp\/v2\/media?parent=49985"}],"wp:term":[{"taxonomy":"product_brand","embeddable":true,"href":"https:\/\/www.ateti.pt\/loja\/wp-json\/wp\/v2\/product_brand?post=49985"},{"taxonomy":"product_cat","embeddable":true,"href":"https:\/\/www.ateti.pt\/loja\/wp-json\/wp\/v2\/product_cat?post=49985"},{"taxonomy":"product_tag","embeddable":true,"href":"https:\/\/www.ateti.pt\/loja\/wp-json\/wp\/v2\/product_tag?post=49985"},{"taxonomy":"woo-feed-brand","embeddable":true,"href":"https:\/\/www.ateti.pt\/loja\/wp-json\/wp\/v2\/woo-feed-brand?post=49985"}],"curies":[{"name":"wp","href":"https:\/\/api.w.org\/{rel}","templated":true}]}}