{"id":49982,"date":"2023-03-15T17:54:58","date_gmt":"2023-03-15T16:54:58","guid":{"rendered":"https:\/\/www.ateti.pt\/loja\/?post_type=product&#038;p=49982"},"modified":"2026-02-20T15:24:57","modified_gmt":"2026-02-20T15:24:57","slug":"remove-bolores-perfect-finish-435ml-cif","status":"publish","type":"product","link":"https:\/\/www.ateti.pt\/loja\/produto\/remove-bolores-perfect-finish-435ml-cif\/","title":{"rendered":"Remove Bolores Perfect Finish 435ml Cif"},"content":{"rendered":"<p><strong>Remove Bolores Perfect Finish Cif<\/strong><\/p>\n<p><strong>Quantidade: <\/strong>435ml<\/p>\n<p><em>Cif spray especialista remove bolores cientificamente desenvolvido para eliminar manchas de bolor, podendo ser utilizado em diferentes superf\u00edcies tais como: banheiras, sanitas, duches, azulejos e argamassa. A a\u00e7\u00e3o branqueadora com lix\u00edvia deixa as suas superf\u00edcies no seu melhor.<\/em><\/p>\n","protected":false},"excerpt":{"rendered":"<p>8,02\u20ac\/L<\/p>\n","protected":false},"featured_media":61263,"comment_status":"closed","ping_status":"closed","template":"","meta":{"_themeisle_gutenberg_block_has_review":false},"product_brand":[],"product_cat":[210,209,190,204],"product_tag":[],"woo-feed-brand":[],"class_list":{"0":"post-49982","1":"product","2":"type-product","3":"status-publish","4":"has-post-thumbnail","6":"product_cat-casa-de-banho","7":"product_cat-cozinha","8":"product_cat-desinfetantes-e-limpeza","9":"product_cat-limpeza","10":"ts_product_brand-cif","12":"first","13":"instock","14":"taxable","15":"shipping-taxable","16":"purchasable","17":"product-type-simple"},"_links":{"self":[{"href":"https:\/\/www.ateti.pt\/loja\/wp-json\/wp\/v2\/product\/49982","targetHints":{"allow":["GET"]}}],"collection":[{"href":"https:\/\/www.ateti.pt\/loja\/wp-json\/wp\/v2\/product"}],"about":[{"href":"https:\/\/www.ateti.pt\/loja\/wp-json\/wp\/v2\/types\/product"}],"replies":[{"embeddable":true,"href":"https:\/\/www.ateti.pt\/loja\/wp-json\/wp\/v2\/comments?post=49982"}],"wp:featuredmedia":[{"embeddable":true,"href":"https:\/\/www.ateti.pt\/loja\/wp-json\/wp\/v2\/media\/61263"}],"wp:attachment":[{"href":"https:\/\/www.ateti.pt\/loja\/wp-json\/wp\/v2\/media?parent=49982"}],"wp:term":[{"taxonomy":"product_brand","embeddable":true,"href":"https:\/\/www.ateti.pt\/loja\/wp-json\/wp\/v2\/product_brand?post=49982"},{"taxonomy":"product_cat","embeddable":true,"href":"https:\/\/www.ateti.pt\/loja\/wp-json\/wp\/v2\/product_cat?post=49982"},{"taxonomy":"product_tag","embeddable":true,"href":"https:\/\/www.ateti.pt\/loja\/wp-json\/wp\/v2\/product_tag?post=49982"},{"taxonomy":"woo-feed-brand","embeddable":true,"href":"https:\/\/www.ateti.pt\/loja\/wp-json\/wp\/v2\/woo-feed-brand?post=49982"}],"curies":[{"name":"wp","href":"https:\/\/api.w.org\/{rel}","templated":true}]}}