{"id":49977,"date":"2025-12-30T16:27:53","date_gmt":"2025-12-30T16:27:53","guid":{"rendered":"https:\/\/www.ateti.pt\/loja\/?post_type=product&#038;p=49977"},"modified":"2026-01-09T15:29:34","modified_gmt":"2026-01-09T15:29:34","slug":"amendoim-frito-c-sal-e-piri-piri","status":"publish","type":"product","link":"https:\/\/www.ateti.pt\/loja\/produto\/amendoim-frito-c-sal-e-piri-piri\/","title":{"rendered":"Amendoim Frito com Sal e Piri-Piri 1kg Masterchef"},"content":{"rendered":"<p><strong>Amendoim Frito com Sal e Piri-Piri<\/strong><\/p>\n<p><strong>Quantidade: 1kg<\/strong><\/p>\n<p><strong>Ingredientes:\u00a0<\/strong>Amendoim, \u00f3leo de girassol alto oleico, sal e piri-piri. Pode conter frutos de casca rija, cereais que cont\u00eam gl\u00faten, soja, leite, sementes de s\u00e9samo e sulfitos.<\/p>\n<p><strong>Declara\u00e7\u00e3o Nutricional (por 100g):\u00a0<\/strong>Energia: 2444kj\/590kcal; L\u00edpidos: 49g; dos quais Saturados: 8,2g; Hidratos de Carbono: 8,0g; dos quais A\u00e7\u00facares: 4,8g; Fibra: 8,4g; Prote\u00ednas: 26g; Sal: 0,70g.<\/p>\n","protected":false},"excerpt":{"rendered":"<p>6.89\u20ac\/kg<\/p>\n","protected":false},"featured_media":77918,"comment_status":"closed","ping_status":"closed","template":"","meta":{"_themeisle_gutenberg_block_has_review":false},"product_brand":[],"product_cat":[206,197,198],"product_tag":[],"woo-feed-brand":[],"class_list":{"0":"post-49977","1":"product","2":"type-product","3":"status-publish","4":"has-post-thumbnail","6":"product_cat-aperitivos","7":"product_cat-frutossecos","8":"product_cat-granel","9":"ts_product_brand-masterchef","11":"first","12":"instock","13":"taxable","14":"shipping-taxable","15":"purchasable","16":"product-type-simple"},"_links":{"self":[{"href":"https:\/\/www.ateti.pt\/loja\/wp-json\/wp\/v2\/product\/49977","targetHints":{"allow":["GET"]}}],"collection":[{"href":"https:\/\/www.ateti.pt\/loja\/wp-json\/wp\/v2\/product"}],"about":[{"href":"https:\/\/www.ateti.pt\/loja\/wp-json\/wp\/v2\/types\/product"}],"replies":[{"embeddable":true,"href":"https:\/\/www.ateti.pt\/loja\/wp-json\/wp\/v2\/comments?post=49977"}],"wp:featuredmedia":[{"embeddable":true,"href":"https:\/\/www.ateti.pt\/loja\/wp-json\/wp\/v2\/media\/77918"}],"wp:attachment":[{"href":"https:\/\/www.ateti.pt\/loja\/wp-json\/wp\/v2\/media?parent=49977"}],"wp:term":[{"taxonomy":"product_brand","embeddable":true,"href":"https:\/\/www.ateti.pt\/loja\/wp-json\/wp\/v2\/product_brand?post=49977"},{"taxonomy":"product_cat","embeddable":true,"href":"https:\/\/www.ateti.pt\/loja\/wp-json\/wp\/v2\/product_cat?post=49977"},{"taxonomy":"product_tag","embeddable":true,"href":"https:\/\/www.ateti.pt\/loja\/wp-json\/wp\/v2\/product_tag?post=49977"},{"taxonomy":"woo-feed-brand","embeddable":true,"href":"https:\/\/www.ateti.pt\/loja\/wp-json\/wp\/v2\/woo-feed-brand?post=49977"}],"curies":[{"name":"wp","href":"https:\/\/api.w.org\/{rel}","templated":true}]}}