{"id":49881,"date":"2023-03-13T17:43:15","date_gmt":"2023-03-13T16:43:15","guid":{"rendered":"https:\/\/www.ateti.pt\/loja\/?post_type=product&#038;p=49881"},"modified":"2024-02-15T11:32:30","modified_gmt":"2024-02-15T11:32:30","slug":"fralda-de-incontinencia-l-20un-amanhecer","status":"publish","type":"product","link":"https:\/\/www.ateti.pt\/loja\/produto\/fralda-de-incontinencia-l-20un-amanhecer\/","title":{"rendered":"Fralda de Incontin\u00eancia L 20un Amanhecer"},"content":{"rendered":"<p><strong>Fralda de Incontin\u00eancia L Amanhecer<\/strong><\/p>\n<p><strong>Quantidade:\u00a0<\/strong>20un<\/p>\n<p><em>Fralda slip incontin\u00eancia grande 20un Amanhecer<\/em><\/p>\n<p>110-150cm<\/p>\n<p><strong>Indica\u00e7\u00f5es:\u00a0<\/strong>Indicado para casos de incontin\u00eancia grave, feminina ou masculina, acamados ou com mobilidade reduzida.<\/p>\n<p><strong>Recomenda\u00e7\u00f5es:\u00a0<\/strong>Mudar a fralda com frequ\u00eancia. Lavar bem e secar cuidadosamente a pele em cada muda de fralda.<\/p>\n<p><em>Tecido respir\u00e1vel: Permite a circula\u00e7\u00e3o do ar gra\u00e7as a seu material transpir\u00e1vel, permitindo que a pele respire. _ Cintura el\u00e1stica: Cintura el\u00e1stica na zona lombar que proporciona ajuste e prote\u00e7\u00e3o anti-fugas. _ Fechos adapt\u00e1veis: O sistema reposicion\u00e1vel proporciona mais comodidade no uso da fralda, permitindo reposicionar os fechos tantas vezes quantas necess\u00e1rias para uma correcta posi\u00e7\u00e3o. _ Prote\u00e7\u00e3o anti odor: Com part\u00edculas neutralizantes de odor que ajudam a neutralizar o odor a urina. _ Camada protectora: A camada em contacto com a pele est\u00e1 impregnada com um creme livre de perfume, contendo \u00e1cidos gordos e alo\u00e9 vera. _ Duplo n\u00facleo absorvente: N\u00facleo de celulose com part\u00edculas neutralizantes que ret\u00e9m a urina no seu interior. _ Indicador de humidade: S\u00e3o as bandas amarelas que, quando em contacto com a humidade, passam a azul, indicando assim a necessidade de mudar a fralda.<\/em><\/p>\n","protected":false},"excerpt":{"rendered":"<p>0,55\u20ac\/un<\/p>\n","protected":false},"featured_media":61267,"comment_status":"closed","ping_status":"closed","template":"","meta":{"_themeisle_gutenberg_block_has_review":false},"product_brand":[],"product_cat":[203,230,231],"product_tag":[593],"woo-feed-brand":[],"class_list":{"0":"post-49881","1":"product","2":"type-product","3":"status-publish","4":"has-post-thumbnail","6":"product_cat-beleza-e-higiene","7":"product_cat-higiene-feminina","8":"product_cat-higiene-masculina","9":"product_tag-novidades","10":"ts_product_brand-amanhecer","12":"first","13":"instock","14":"taxable","15":"shipping-taxable","16":"purchasable","17":"product-type-simple"},"_links":{"self":[{"href":"https:\/\/www.ateti.pt\/loja\/wp-json\/wp\/v2\/product\/49881","targetHints":{"allow":["GET"]}}],"collection":[{"href":"https:\/\/www.ateti.pt\/loja\/wp-json\/wp\/v2\/product"}],"about":[{"href":"https:\/\/www.ateti.pt\/loja\/wp-json\/wp\/v2\/types\/product"}],"replies":[{"embeddable":true,"href":"https:\/\/www.ateti.pt\/loja\/wp-json\/wp\/v2\/comments?post=49881"}],"wp:featuredmedia":[{"embeddable":true,"href":"https:\/\/www.ateti.pt\/loja\/wp-json\/wp\/v2\/media\/61267"}],"wp:attachment":[{"href":"https:\/\/www.ateti.pt\/loja\/wp-json\/wp\/v2\/media?parent=49881"}],"wp:term":[{"taxonomy":"product_brand","embeddable":true,"href":"https:\/\/www.ateti.pt\/loja\/wp-json\/wp\/v2\/product_brand?post=49881"},{"taxonomy":"product_cat","embeddable":true,"href":"https:\/\/www.ateti.pt\/loja\/wp-json\/wp\/v2\/product_cat?post=49881"},{"taxonomy":"product_tag","embeddable":true,"href":"https:\/\/www.ateti.pt\/loja\/wp-json\/wp\/v2\/product_tag?post=49881"},{"taxonomy":"woo-feed-brand","embeddable":true,"href":"https:\/\/www.ateti.pt\/loja\/wp-json\/wp\/v2\/woo-feed-brand?post=49881"}],"curies":[{"name":"wp","href":"https:\/\/api.w.org\/{rel}","templated":true}]}}