{"id":49868,"date":"2023-03-13T13:44:33","date_gmt":"2023-03-13T12:44:33","guid":{"rendered":"https:\/\/www.ateti.pt\/loja\/?post_type=product&#038;p=49868"},"modified":"2025-05-19T12:10:50","modified_gmt":"2025-05-19T11:10:50","slug":"chocolate-caramelo-e-amendoim-276g-milka","status":"publish","type":"product","link":"https:\/\/www.ateti.pt\/loja\/produto\/chocolate-caramelo-e-amendoim-276g-milka\/","title":{"rendered":"Chocolate Caramelo e Amendoim 276g Milka"},"content":{"rendered":"<p><strong>Chocolate Caramelo e Amendoim Milka<\/strong><\/p>\n<p><strong>Quantidade:\u00a0<\/strong>276g<\/p>\n<p><em>Chocolate de leite dos Alpes com recheio (10%) com caramelo, amendoim (11%) e com recheio (22%) de amendoim com peda\u00e7os de amendoim (1%) e arroz tufado (0,4%)<\/em><\/p>\n<p><strong>Ingredientes:\u00a0<\/strong>A\u00e7\u00facar, amendoins, manteiga de cacau, gordura de palma, leite em p\u00f3 magro, soro de leite em p\u00f3, pasta de cacau, xarope de glucose, pasta de amendoim 3%, gordura de leite, xarope de glucose-frutose, peda\u00e7os de amendoim, emulsionantes (lecitinas de soja, E476, E471), farinha de arroz, paste de avel\u00e3s, aromas, sal, regulador de acidez (E500). Pode conter outros frutos de casaca rija e trigo.<\/p>\n<p><strong>Declara\u00e7\u00e3o Nutricional (por 100g):\u00a0<\/strong>Energia: 2277kj\/546kcal; L\u00edpidos: 33g; dos quais Saturados: 16g; Hidratos de Carbono: 51g; dos quais A\u00e7\u00facares: 47g; Fibra: 2,3g; Prote\u00ednas: 9,1g: Sal: 0,29g.<\/p>\n","protected":false},"excerpt":{"rendered":"<p>19.42\u20ac\/kg<\/p>\n","protected":false},"featured_media":61305,"comment_status":"closed","ping_status":"closed","template":"","meta":{"_themeisle_gutenberg_block_has_review":false},"product_brand":[],"product_cat":[25,144,132],"product_tag":[593],"woo-feed-brand":[],"class_list":{"0":"post-49868","1":"product","2":"type-product","3":"status-publish","4":"has-post-thumbnail","6":"product_cat-chocolates","7":"product_cat-chocolates-biscoitos-e-cereais","8":"product_cat-mercearia","9":"product_tag-novidades","10":"ts_product_brand-milka","12":"first","13":"instock","14":"sale","15":"taxable","16":"shipping-taxable","17":"purchasable","18":"product-type-simple"},"_links":{"self":[{"href":"https:\/\/www.ateti.pt\/loja\/wp-json\/wp\/v2\/product\/49868","targetHints":{"allow":["GET"]}}],"collection":[{"href":"https:\/\/www.ateti.pt\/loja\/wp-json\/wp\/v2\/product"}],"about":[{"href":"https:\/\/www.ateti.pt\/loja\/wp-json\/wp\/v2\/types\/product"}],"replies":[{"embeddable":true,"href":"https:\/\/www.ateti.pt\/loja\/wp-json\/wp\/v2\/comments?post=49868"}],"wp:featuredmedia":[{"embeddable":true,"href":"https:\/\/www.ateti.pt\/loja\/wp-json\/wp\/v2\/media\/61305"}],"wp:attachment":[{"href":"https:\/\/www.ateti.pt\/loja\/wp-json\/wp\/v2\/media?parent=49868"}],"wp:term":[{"taxonomy":"product_brand","embeddable":true,"href":"https:\/\/www.ateti.pt\/loja\/wp-json\/wp\/v2\/product_brand?post=49868"},{"taxonomy":"product_cat","embeddable":true,"href":"https:\/\/www.ateti.pt\/loja\/wp-json\/wp\/v2\/product_cat?post=49868"},{"taxonomy":"product_tag","embeddable":true,"href":"https:\/\/www.ateti.pt\/loja\/wp-json\/wp\/v2\/product_tag?post=49868"},{"taxonomy":"woo-feed-brand","embeddable":true,"href":"https:\/\/www.ateti.pt\/loja\/wp-json\/wp\/v2\/woo-feed-brand?post=49868"}],"curies":[{"name":"wp","href":"https:\/\/api.w.org\/{rel}","templated":true}]}}