{"id":49764,"date":"2023-03-09T18:27:46","date_gmt":"2023-03-09T17:27:46","guid":{"rendered":"https:\/\/www.ateti.pt\/loja\/?post_type=product&#038;p=49764"},"modified":"2025-12-31T10:36:27","modified_gmt":"2025-12-31T10:36:27","slug":"comida-humida-para-cao-pate-de-frango-300g-activpet","status":"publish","type":"product","link":"https:\/\/www.ateti.pt\/loja\/produto\/comida-humida-para-cao-pate-de-frango-300g-activpet\/","title":{"rendered":"Comida H\u00famida para C\u00e3o Pat\u00e9 de Frango 300g ActivPet"},"content":{"rendered":"<p><strong>Comida H\u00famida para C\u00e3o Pat\u00e9 de Frango ActivPet<\/strong><\/p>\n<p><strong>Quantidade:\u00a0<\/strong>300g<\/p>\n<p><em>Alimento completo para c\u00e3es adultos<\/em><\/p>\n<p><strong>Composi\u00e7\u00e3o:\u00a0<\/strong>Carne e subprodutos de origem animal 52% (26%frango, 14%vaca), vegetais (4%ervilhas), minerais, \u00f3leos e gorduras (0,3% \u00f3leo de salm\u00e3o).<\/p>\n<p><em>Ingredientes naturais; Sem corantes artificiais; sem conservantes; Receita grain free sem adi\u00e7\u00e3o de milho, trigo e soja; Sem intensificadores de sabor.<\/em><\/p>\n","protected":false},"excerpt":{"rendered":"<p>3.3\u20ac\/kg<\/p>\n","protected":false},"featured_media":61307,"comment_status":"closed","ping_status":"closed","template":"","meta":{"_themeisle_gutenberg_block_has_review":false},"product_brand":[],"product_cat":[234,235],"product_tag":[],"woo-feed-brand":[],"class_list":{"0":"post-49764","1":"product","2":"type-product","3":"status-publish","4":"has-post-thumbnail","6":"product_cat-animais","7":"product_cat-caes","8":"ts_product_brand-activpet","10":"first","11":"instock","12":"taxable","13":"shipping-taxable","14":"purchasable","15":"product-type-simple"},"_links":{"self":[{"href":"https:\/\/www.ateti.pt\/loja\/wp-json\/wp\/v2\/product\/49764","targetHints":{"allow":["GET"]}}],"collection":[{"href":"https:\/\/www.ateti.pt\/loja\/wp-json\/wp\/v2\/product"}],"about":[{"href":"https:\/\/www.ateti.pt\/loja\/wp-json\/wp\/v2\/types\/product"}],"replies":[{"embeddable":true,"href":"https:\/\/www.ateti.pt\/loja\/wp-json\/wp\/v2\/comments?post=49764"}],"wp:featuredmedia":[{"embeddable":true,"href":"https:\/\/www.ateti.pt\/loja\/wp-json\/wp\/v2\/media\/61307"}],"wp:attachment":[{"href":"https:\/\/www.ateti.pt\/loja\/wp-json\/wp\/v2\/media?parent=49764"}],"wp:term":[{"taxonomy":"product_brand","embeddable":true,"href":"https:\/\/www.ateti.pt\/loja\/wp-json\/wp\/v2\/product_brand?post=49764"},{"taxonomy":"product_cat","embeddable":true,"href":"https:\/\/www.ateti.pt\/loja\/wp-json\/wp\/v2\/product_cat?post=49764"},{"taxonomy":"product_tag","embeddable":true,"href":"https:\/\/www.ateti.pt\/loja\/wp-json\/wp\/v2\/product_tag?post=49764"},{"taxonomy":"woo-feed-brand","embeddable":true,"href":"https:\/\/www.ateti.pt\/loja\/wp-json\/wp\/v2\/woo-feed-brand?post=49764"}],"curies":[{"name":"wp","href":"https:\/\/api.w.org\/{rel}","templated":true}]}}