{"id":49760,"date":"2023-03-09T18:09:39","date_gmt":"2023-03-09T17:09:39","guid":{"rendered":"https:\/\/www.ateti.pt\/loja\/?post_type=product&#038;p=49760"},"modified":"2024-02-15T15:53:20","modified_gmt":"2024-02-15T15:53:20","slug":"toalhitas-desmaquilhantes-sensitive-20un-be-beauty","status":"publish","type":"product","link":"https:\/\/www.ateti.pt\/loja\/produto\/toalhitas-desmaquilhantes-sensitive-20un-be-beauty\/","title":{"rendered":"Toalhitas Desmaquilhantes Sensitive 20un Be Beauty"},"content":{"rendered":"<p><strong>Toalhitas Desmaquilhantes Sensitive Be Beauty<\/strong><\/p>\n<p><strong>Quantidade:\u00a0<\/strong>20un<\/p>\n<p><em>Toalhitas desmaquilhantes com \u00e1gua micelar\u00a0<\/em><\/p>\n<p><em>Desmaquilham, limpam e refrescam o seu rosto numa s\u00f3 passagem. Apresentam uma textura tipo &#8220;ninho de abelhas&#8221;, que permite uma limpeza mais profunda dos poros. A solu\u00e7\u00e3o impregnante, com \u00e1gua micelar, facilita a remo\u00e7\u00e3o da maquilhagem do rosto e olhos. A sua f\u00f3rmula suave protege a pele da secura e vermelhid\u00e3o, mantendo-a fresca e tonificada. Restabelecem o equil\u00edbrio natural de uma pele limpa, macia e hidratada. Dermatologicamente testado. Deixam a pele limpa e hidratada.<\/em><\/p>\n<p>Precau\u00e7\u00f5es: Exclusivamente para uso externo. N\u00e3o aplicar na pele irritada ou lesionada. N\u00e3o \u00e9 necess\u00e1rio enxaguar. Manter fora do alcance das crian\u00e7as.<\/p>\n","protected":false},"excerpt":{"rendered":"<p>0,05\u20ac\/un<\/p>\n","protected":false},"featured_media":61320,"comment_status":"closed","ping_status":"closed","template":"","meta":{"_themeisle_gutenberg_block_has_review":false},"product_brand":[],"product_cat":[203,212,230],"product_tag":[593],"woo-feed-brand":[],"class_list":{"0":"post-49760","1":"product","2":"type-product","3":"status-publish","4":"has-post-thumbnail","6":"product_cat-beleza-e-higiene","7":"product_cat-corpo","8":"product_cat-higiene-feminina","9":"product_tag-novidades","10":"ts_product_brand-be-beauty","12":"first","13":"instock","14":"taxable","15":"shipping-taxable","16":"purchasable","17":"product-type-simple"},"_links":{"self":[{"href":"https:\/\/www.ateti.pt\/loja\/wp-json\/wp\/v2\/product\/49760","targetHints":{"allow":["GET"]}}],"collection":[{"href":"https:\/\/www.ateti.pt\/loja\/wp-json\/wp\/v2\/product"}],"about":[{"href":"https:\/\/www.ateti.pt\/loja\/wp-json\/wp\/v2\/types\/product"}],"replies":[{"embeddable":true,"href":"https:\/\/www.ateti.pt\/loja\/wp-json\/wp\/v2\/comments?post=49760"}],"wp:featuredmedia":[{"embeddable":true,"href":"https:\/\/www.ateti.pt\/loja\/wp-json\/wp\/v2\/media\/61320"}],"wp:attachment":[{"href":"https:\/\/www.ateti.pt\/loja\/wp-json\/wp\/v2\/media?parent=49760"}],"wp:term":[{"taxonomy":"product_brand","embeddable":true,"href":"https:\/\/www.ateti.pt\/loja\/wp-json\/wp\/v2\/product_brand?post=49760"},{"taxonomy":"product_cat","embeddable":true,"href":"https:\/\/www.ateti.pt\/loja\/wp-json\/wp\/v2\/product_cat?post=49760"},{"taxonomy":"product_tag","embeddable":true,"href":"https:\/\/www.ateti.pt\/loja\/wp-json\/wp\/v2\/product_tag?post=49760"},{"taxonomy":"woo-feed-brand","embeddable":true,"href":"https:\/\/www.ateti.pt\/loja\/wp-json\/wp\/v2\/woo-feed-brand?post=49760"}],"curies":[{"name":"wp","href":"https:\/\/api.w.org\/{rel}","templated":true}]}}