{"id":49599,"date":"2023-03-07T18:49:26","date_gmt":"2023-03-07T17:49:26","guid":{"rendered":"https:\/\/www.ateti.pt\/loja\/?post_type=product&#038;p=49599"},"modified":"2024-02-22T16:59:32","modified_gmt":"2024-02-22T16:59:32","slug":"cha-de-frutos-vermelhos-10-saquetas-tetley","status":"publish","type":"product","link":"https:\/\/www.ateti.pt\/loja\/produto\/cha-de-frutos-vermelhos-10-saquetas-tetley\/","title":{"rendered":"Ch\u00e1 de Frutos Vermelhos 10 Saquetas Tetley"},"content":{"rendered":"<p><strong>Ch\u00e1 de Frutos Vermelhos Tetley<\/strong><\/p>\n<p><strong>Quantidade:\u00a0<\/strong>10 saquetas<\/p>\n<p><em>Infus\u00e3o de frutas aromatizada<\/em><\/p>\n<p><strong>Ingredientes:\u00a0<\/strong>Hibisco (44%), polpa de ma\u00e7\u00e3 (20,8%), folhas de amora, regulador de acidez (\u00e1cido c\u00edtrico e \u00e1cido m\u00e1lico), aroma de amora, aroma de framboesa, sumo concentrado de morango (1,3%), aroma de morango, polpa de framboesa, casca de laranja, polpa de amora (1,0%), fruto de roseira, polpa de morango (1%).<\/p>\n<p><em>Esta deliciosa infus\u00e3o sumarenta leva todo o aroma explosivo dos frutos silvestres e a sua tentadora cor de rubi vermelho directamente para a sua ch\u00e1vena. Uma bebida deliciosa para qualquer momento.<\/em><\/p>\n<p><em>Infundir cada saqueta de ch\u00e1 em \u00e1gua a ferver, entre 3 a 5 minutos.<\/em><\/p>\n","protected":false},"excerpt":{"rendered":"<p>0,15\u20ac\/un<\/p>\n","protected":false},"featured_media":61433,"comment_status":"closed","ping_status":"closed","template":"","meta":{"_themeisle_gutenberg_block_has_review":false},"product_brand":[],"product_cat":[26,132],"product_tag":[593],"woo-feed-brand":[],"class_list":{"0":"post-49599","1":"product","2":"type-product","3":"status-publish","4":"has-post-thumbnail","6":"product_cat-chas","7":"product_cat-mercearia","8":"product_tag-novidades","9":"ts_product_brand-tetley","11":"first","12":"instock","13":"taxable","14":"shipping-taxable","15":"purchasable","16":"product-type-simple"},"_links":{"self":[{"href":"https:\/\/www.ateti.pt\/loja\/wp-json\/wp\/v2\/product\/49599","targetHints":{"allow":["GET"]}}],"collection":[{"href":"https:\/\/www.ateti.pt\/loja\/wp-json\/wp\/v2\/product"}],"about":[{"href":"https:\/\/www.ateti.pt\/loja\/wp-json\/wp\/v2\/types\/product"}],"replies":[{"embeddable":true,"href":"https:\/\/www.ateti.pt\/loja\/wp-json\/wp\/v2\/comments?post=49599"}],"wp:featuredmedia":[{"embeddable":true,"href":"https:\/\/www.ateti.pt\/loja\/wp-json\/wp\/v2\/media\/61433"}],"wp:attachment":[{"href":"https:\/\/www.ateti.pt\/loja\/wp-json\/wp\/v2\/media?parent=49599"}],"wp:term":[{"taxonomy":"product_brand","embeddable":true,"href":"https:\/\/www.ateti.pt\/loja\/wp-json\/wp\/v2\/product_brand?post=49599"},{"taxonomy":"product_cat","embeddable":true,"href":"https:\/\/www.ateti.pt\/loja\/wp-json\/wp\/v2\/product_cat?post=49599"},{"taxonomy":"product_tag","embeddable":true,"href":"https:\/\/www.ateti.pt\/loja\/wp-json\/wp\/v2\/product_tag?post=49599"},{"taxonomy":"woo-feed-brand","embeddable":true,"href":"https:\/\/www.ateti.pt\/loja\/wp-json\/wp\/v2\/woo-feed-brand?post=49599"}],"curies":[{"name":"wp","href":"https:\/\/api.w.org\/{rel}","templated":true}]}}