{"id":49596,"date":"2023-03-07T18:31:48","date_gmt":"2023-03-07T17:31:48","guid":{"rendered":"https:\/\/www.ateti.pt\/loja\/?post_type=product&#038;p=49596"},"modified":"2024-02-22T16:59:53","modified_gmt":"2024-02-22T16:59:53","slug":"cha-preto-10-saquetas-tetley","status":"publish","type":"product","link":"https:\/\/www.ateti.pt\/loja\/produto\/cha-preto-10-saquetas-tetley\/","title":{"rendered":"Ch\u00e1 Preto 10 Saquetas Tetley"},"content":{"rendered":"<p><strong>Ch\u00e1 Preto Tetley<\/strong><\/p>\n<p><strong>Quantidade:\u00a0<\/strong>10 saquetas<\/p>\n<p><em>Ch\u00e1 Preto<\/em><\/p>\n<p><em>Esta mistura cl\u00e1ssica combina ch\u00e1s de todo o mundo, para criar um rico e refrescante ch\u00e1 para desfrutar ao longo do dia.<\/em><\/p>\n<p><em>Infundir cada saqueta de ch\u00e1 em \u00e1gua a ferver, entre 3 e 5 minutos.<\/em><\/p>\n","protected":false},"excerpt":{"rendered":"<p>0,099\u20ac\/un<\/p>\n","protected":false},"featured_media":61432,"comment_status":"closed","ping_status":"closed","template":"","meta":{"_themeisle_gutenberg_block_has_review":false},"product_brand":[],"product_cat":[26,132],"product_tag":[593],"woo-feed-brand":[],"class_list":{"0":"post-49596","1":"product","2":"type-product","3":"status-publish","4":"has-post-thumbnail","6":"product_cat-chas","7":"product_cat-mercearia","8":"product_tag-novidades","9":"ts_product_brand-tetley","11":"first","12":"instock","13":"taxable","14":"shipping-taxable","15":"purchasable","16":"product-type-simple"},"_links":{"self":[{"href":"https:\/\/www.ateti.pt\/loja\/wp-json\/wp\/v2\/product\/49596","targetHints":{"allow":["GET"]}}],"collection":[{"href":"https:\/\/www.ateti.pt\/loja\/wp-json\/wp\/v2\/product"}],"about":[{"href":"https:\/\/www.ateti.pt\/loja\/wp-json\/wp\/v2\/types\/product"}],"replies":[{"embeddable":true,"href":"https:\/\/www.ateti.pt\/loja\/wp-json\/wp\/v2\/comments?post=49596"}],"wp:featuredmedia":[{"embeddable":true,"href":"https:\/\/www.ateti.pt\/loja\/wp-json\/wp\/v2\/media\/61432"}],"wp:attachment":[{"href":"https:\/\/www.ateti.pt\/loja\/wp-json\/wp\/v2\/media?parent=49596"}],"wp:term":[{"taxonomy":"product_brand","embeddable":true,"href":"https:\/\/www.ateti.pt\/loja\/wp-json\/wp\/v2\/product_brand?post=49596"},{"taxonomy":"product_cat","embeddable":true,"href":"https:\/\/www.ateti.pt\/loja\/wp-json\/wp\/v2\/product_cat?post=49596"},{"taxonomy":"product_tag","embeddable":true,"href":"https:\/\/www.ateti.pt\/loja\/wp-json\/wp\/v2\/product_tag?post=49596"},{"taxonomy":"woo-feed-brand","embeddable":true,"href":"https:\/\/www.ateti.pt\/loja\/wp-json\/wp\/v2\/woo-feed-brand?post=49596"}],"curies":[{"name":"wp","href":"https:\/\/api.w.org\/{rel}","templated":true}]}}