{"id":49594,"date":"2023-03-07T18:17:36","date_gmt":"2023-03-07T17:17:36","guid":{"rendered":"https:\/\/www.ateti.pt\/loja\/?post_type=product&#038;p=49594"},"modified":"2024-02-22T17:01:02","modified_gmt":"2024-02-22T17:01:02","slug":"cha-de-cidreira-10-saquetas-tetley","status":"publish","type":"product","link":"https:\/\/www.ateti.pt\/loja\/produto\/cha-de-cidreira-10-saquetas-tetley\/","title":{"rendered":"Ch\u00e1 de Cidreira 10 Saquetas Tetley"},"content":{"rendered":"<p><strong>Ch\u00e1 de Cidreira Tetley<\/strong><\/p>\n<p><strong>Quantidade:\u00a0<\/strong>10 saquetas<\/p>\n<p><em>Infus\u00e3o de cidreira<\/em><\/p>\n<p><strong>Ingredientes:\u00a0<\/strong>Cidreira<\/p>\n<p><em>As infus\u00f5es de cidreira t\u00eam um agrad\u00e1vel perfume e aroma. A cidreira \u00e9 reconhecida por ter propriedades calmantes e a sua ess\u00eancia \u00e9 utilizada em aromaterapias.<\/em><\/p>\n<p><em>Infundir cada saqueta de ch\u00e1 em \u00e1gua a ferver, entre 3 a 5 minutos.<\/em><\/p>\n","protected":false},"excerpt":{"rendered":"<p>0,099\u20ac\/un<\/p>\n","protected":false},"featured_media":61431,"comment_status":"closed","ping_status":"closed","template":"","meta":{"_themeisle_gutenberg_block_has_review":false},"product_brand":[],"product_cat":[26,132],"product_tag":[593],"woo-feed-brand":[],"class_list":{"0":"post-49594","1":"product","2":"type-product","3":"status-publish","4":"has-post-thumbnail","6":"product_cat-chas","7":"product_cat-mercearia","8":"product_tag-novidades","9":"ts_product_brand-tetley","11":"first","12":"instock","13":"taxable","14":"shipping-taxable","15":"purchasable","16":"product-type-simple"},"_links":{"self":[{"href":"https:\/\/www.ateti.pt\/loja\/wp-json\/wp\/v2\/product\/49594","targetHints":{"allow":["GET"]}}],"collection":[{"href":"https:\/\/www.ateti.pt\/loja\/wp-json\/wp\/v2\/product"}],"about":[{"href":"https:\/\/www.ateti.pt\/loja\/wp-json\/wp\/v2\/types\/product"}],"replies":[{"embeddable":true,"href":"https:\/\/www.ateti.pt\/loja\/wp-json\/wp\/v2\/comments?post=49594"}],"wp:featuredmedia":[{"embeddable":true,"href":"https:\/\/www.ateti.pt\/loja\/wp-json\/wp\/v2\/media\/61431"}],"wp:attachment":[{"href":"https:\/\/www.ateti.pt\/loja\/wp-json\/wp\/v2\/media?parent=49594"}],"wp:term":[{"taxonomy":"product_brand","embeddable":true,"href":"https:\/\/www.ateti.pt\/loja\/wp-json\/wp\/v2\/product_brand?post=49594"},{"taxonomy":"product_cat","embeddable":true,"href":"https:\/\/www.ateti.pt\/loja\/wp-json\/wp\/v2\/product_cat?post=49594"},{"taxonomy":"product_tag","embeddable":true,"href":"https:\/\/www.ateti.pt\/loja\/wp-json\/wp\/v2\/product_tag?post=49594"},{"taxonomy":"woo-feed-brand","embeddable":true,"href":"https:\/\/www.ateti.pt\/loja\/wp-json\/wp\/v2\/woo-feed-brand?post=49594"}],"curies":[{"name":"wp","href":"https:\/\/api.w.org\/{rel}","templated":true}]}}