{"id":49298,"date":"2025-12-08T10:10:56","date_gmt":"2025-12-08T10:10:56","guid":{"rendered":"https:\/\/www.ateti.pt\/loja\/?post_type=product&#038;p=49298"},"modified":"2026-01-06T16:19:19","modified_gmt":"2026-01-06T16:19:19","slug":"capsulas-de-cafe-nicola-bocage-10-capsulas-nespresso","status":"publish","type":"product","link":"https:\/\/www.ateti.pt\/loja\/produto\/capsulas-de-cafe-nicola-bocage-10-capsulas-nespresso\/","title":{"rendered":"C\u00e1psulas Caf\u00e9 Comp. Nespresso Bocage 10un Nicola"},"content":{"rendered":"<p><strong>Caf\u00e9\u00a0 Bocage\u00a0<\/strong><strong>Nicola<\/strong><\/p>\n<p><strong>Quantidade:\u00a0<\/strong>10 c\u00e1psulas<\/p>\n<p><strong>Intensidade:\u00a0<\/strong>11<\/p>\n<p><em>Bocage \/ Cremoso<\/em><\/p>\n<p><em>Blend de torra m\u00e9dia, de encontros com a intensidade e corpo dos caf\u00e9s Robusta, combinado com a riqueza de aromas dos caf\u00e9s Ar\u00e1bica.<\/em><\/p>\n<p>Caf\u00e9 torrado mo\u00eddo em c\u00e1psulas individuais compat\u00edveis com o sistema\u00a0<strong>Nespresso.<\/strong><\/p>\n","protected":false},"excerpt":{"rendered":"<p>0,19\u20ac\/un<\/p>\n<p>&nbsp;<\/p>\n<p>&nbsp;<\/p>\n","protected":false},"featured_media":60346,"comment_status":"closed","ping_status":"closed","template":"","meta":{"_themeisle_gutenberg_block_has_review":false},"product_brand":[],"product_cat":[117,140,267],"product_tag":[593],"woo-feed-brand":[],"class_list":{"0":"post-49298","1":"product","2":"type-product","3":"status-publish","4":"has-post-thumbnail","6":"product_cat-cafe-em-capsula","7":"product_cat-capsulas-nespresso","8":"product_cat-nicola","9":"product_tag-novidades","10":"ts_product_brand-nicola","12":"first","13":"instock","14":"sale","15":"taxable","16":"shipping-taxable","17":"purchasable","18":"product-type-simple"},"_links":{"self":[{"href":"https:\/\/www.ateti.pt\/loja\/wp-json\/wp\/v2\/product\/49298","targetHints":{"allow":["GET"]}}],"collection":[{"href":"https:\/\/www.ateti.pt\/loja\/wp-json\/wp\/v2\/product"}],"about":[{"href":"https:\/\/www.ateti.pt\/loja\/wp-json\/wp\/v2\/types\/product"}],"replies":[{"embeddable":true,"href":"https:\/\/www.ateti.pt\/loja\/wp-json\/wp\/v2\/comments?post=49298"}],"wp:featuredmedia":[{"embeddable":true,"href":"https:\/\/www.ateti.pt\/loja\/wp-json\/wp\/v2\/media\/60346"}],"wp:attachment":[{"href":"https:\/\/www.ateti.pt\/loja\/wp-json\/wp\/v2\/media?parent=49298"}],"wp:term":[{"taxonomy":"product_brand","embeddable":true,"href":"https:\/\/www.ateti.pt\/loja\/wp-json\/wp\/v2\/product_brand?post=49298"},{"taxonomy":"product_cat","embeddable":true,"href":"https:\/\/www.ateti.pt\/loja\/wp-json\/wp\/v2\/product_cat?post=49298"},{"taxonomy":"product_tag","embeddable":true,"href":"https:\/\/www.ateti.pt\/loja\/wp-json\/wp\/v2\/product_tag?post=49298"},{"taxonomy":"woo-feed-brand","embeddable":true,"href":"https:\/\/www.ateti.pt\/loja\/wp-json\/wp\/v2\/woo-feed-brand?post=49298"}],"curies":[{"name":"wp","href":"https:\/\/api.w.org\/{rel}","templated":true}]}}