{"id":49296,"date":"2023-03-01T17:00:23","date_gmt":"2023-03-01T16:00:23","guid":{"rendered":"https:\/\/www.ateti.pt\/loja\/?post_type=product&#038;p=49296"},"modified":"2025-02-25T12:50:12","modified_gmt":"2025-02-25T12:50:12","slug":"capsulas-de-cafe-nicola-mundi-10-capsulas-nespresso","status":"publish","type":"product","link":"https:\/\/www.ateti.pt\/loja\/produto\/capsulas-de-cafe-nicola-mundi-10-capsulas-nespresso\/","title":{"rendered":"C\u00e1psulas Caf\u00e9 Comp. Nespresso Mundi 10un Nicola"},"content":{"rendered":"<p><strong>Caf\u00e9 Mundi <\/strong><strong>Nicola<\/strong><\/p>\n<p><strong>Quantidade:\u00a0<\/strong>10 c\u00e1psulas<\/p>\n<p><strong>Intensidade:\u00a0<\/strong>9<\/p>\n<p><em>Mundi \/ Ex\u00f3tico<\/em><\/p>\n<p><em>Blend 100% caf\u00e9 da esp\u00e9cie Ar\u00e1bica, de torra intensa, com notas arom\u00e1ticas a citrinos e a chocolate, e corpo acentuado.<\/em><\/p>\n<p>Caf\u00e9 torrado mo\u00eddo em c\u00e1psulas individuais compat\u00edveis com o sistema\u00a0<strong>Nespresso.<\/strong><\/p>\n","protected":false},"excerpt":{"rendered":"<p>0,19\u20ac\/un<\/p>\n<p>&nbsp;<\/p>\n<p>&nbsp;<\/p>\n","protected":false},"featured_media":60345,"comment_status":"closed","ping_status":"closed","template":"","meta":{"_themeisle_gutenberg_block_has_review":false},"product_brand":[],"product_cat":[117,140,267],"product_tag":[593],"woo-feed-brand":[],"class_list":{"0":"post-49296","1":"product","2":"type-product","3":"status-publish","4":"has-post-thumbnail","6":"product_cat-cafe-em-capsula","7":"product_cat-capsulas-nespresso","8":"product_cat-nicola","9":"product_tag-novidades","10":"ts_product_brand-nicola","12":"first","13":"instock","14":"sale","15":"taxable","16":"shipping-taxable","17":"purchasable","18":"product-type-simple"},"_links":{"self":[{"href":"https:\/\/www.ateti.pt\/loja\/wp-json\/wp\/v2\/product\/49296","targetHints":{"allow":["GET"]}}],"collection":[{"href":"https:\/\/www.ateti.pt\/loja\/wp-json\/wp\/v2\/product"}],"about":[{"href":"https:\/\/www.ateti.pt\/loja\/wp-json\/wp\/v2\/types\/product"}],"replies":[{"embeddable":true,"href":"https:\/\/www.ateti.pt\/loja\/wp-json\/wp\/v2\/comments?post=49296"}],"wp:featuredmedia":[{"embeddable":true,"href":"https:\/\/www.ateti.pt\/loja\/wp-json\/wp\/v2\/media\/60345"}],"wp:attachment":[{"href":"https:\/\/www.ateti.pt\/loja\/wp-json\/wp\/v2\/media?parent=49296"}],"wp:term":[{"taxonomy":"product_brand","embeddable":true,"href":"https:\/\/www.ateti.pt\/loja\/wp-json\/wp\/v2\/product_brand?post=49296"},{"taxonomy":"product_cat","embeddable":true,"href":"https:\/\/www.ateti.pt\/loja\/wp-json\/wp\/v2\/product_cat?post=49296"},{"taxonomy":"product_tag","embeddable":true,"href":"https:\/\/www.ateti.pt\/loja\/wp-json\/wp\/v2\/product_tag?post=49296"},{"taxonomy":"woo-feed-brand","embeddable":true,"href":"https:\/\/www.ateti.pt\/loja\/wp-json\/wp\/v2\/woo-feed-brand?post=49296"}],"curies":[{"name":"wp","href":"https:\/\/api.w.org\/{rel}","templated":true}]}}