{"id":49027,"date":"2023-02-22T18:03:18","date_gmt":"2023-02-22T17:03:18","guid":{"rendered":"https:\/\/www.ateti.pt\/loja\/?post_type=product&#038;p=49027"},"modified":"2025-09-23T11:19:27","modified_gmt":"2025-09-23T10:19:27","slug":"milho-doce-285g-meps","status":"publish","type":"product","link":"https:\/\/www.ateti.pt\/loja\/produto\/milho-doce-285g-meps\/","title":{"rendered":"Milho Doce 340g Meps"},"content":{"rendered":"<p>Milho Doce Meps<\/p>\n<p><strong>Quantidade: 340<\/strong>g<\/p>\n<p class=\"text-uppercase montserrat\"><strong>BENEF\u00cdCIOS<\/strong><\/p>\n<ul>\n<li class=\"ng-star-inserted\">Melhorar a sa\u00fade intestinal<\/li>\n<li class=\"ng-star-inserted\">Fortalecer o sistema imunol\u00f3gico<\/li>\n<li class=\"ng-star-inserted\">Fornecer energia para o corpo<\/li>\n<li class=\"ng-star-inserted\">Regular os n\u00edveis de a\u00e7\u00facar no sangue<\/li>\n<li class=\"ng-star-inserted\">Isento de gl\u00faten<\/li>\n<\/ul>\n<p class=\"text-uppercase montserrat\"><strong>NUTRIENTES<\/strong><\/p>\n<ul>\n<li class=\"ng-star-inserted\">Rico nos antioxidantes lute\u00edna e zeaxantina<\/li>\n<li class=\"ng-star-inserted\">Alto teor de fibras, principalmente insol\u00faveis<\/li>\n<li class=\"ng-star-inserted\">Vitaminas do complexo B<\/li>\n<li class=\"ng-star-inserted\">Minerais &#8211; magn\u00e9sio<\/li>\n<\/ul>\n<p>&nbsp;<\/p>\n","protected":false},"excerpt":{"rendered":"<p>3.20\u20ac\/kg<\/p>\n","protected":false},"featured_media":61346,"comment_status":"closed","ping_status":"closed","template":"","meta":{"_themeisle_gutenberg_block_has_review":false},"product_brand":[],"product_cat":[196,132],"product_tag":[593],"woo-feed-brand":[],"class_list":{"0":"post-49027","1":"product","2":"type-product","3":"status-publish","4":"has-post-thumbnail","6":"product_cat-leguminosas","7":"product_cat-mercearia","8":"product_tag-novidades","9":"ts_product_brand-meps","11":"first","12":"instock","13":"taxable","14":"shipping-taxable","15":"purchasable","16":"product-type-simple"},"_links":{"self":[{"href":"https:\/\/www.ateti.pt\/loja\/wp-json\/wp\/v2\/product\/49027","targetHints":{"allow":["GET"]}}],"collection":[{"href":"https:\/\/www.ateti.pt\/loja\/wp-json\/wp\/v2\/product"}],"about":[{"href":"https:\/\/www.ateti.pt\/loja\/wp-json\/wp\/v2\/types\/product"}],"replies":[{"embeddable":true,"href":"https:\/\/www.ateti.pt\/loja\/wp-json\/wp\/v2\/comments?post=49027"}],"wp:featuredmedia":[{"embeddable":true,"href":"https:\/\/www.ateti.pt\/loja\/wp-json\/wp\/v2\/media\/61346"}],"wp:attachment":[{"href":"https:\/\/www.ateti.pt\/loja\/wp-json\/wp\/v2\/media?parent=49027"}],"wp:term":[{"taxonomy":"product_brand","embeddable":true,"href":"https:\/\/www.ateti.pt\/loja\/wp-json\/wp\/v2\/product_brand?post=49027"},{"taxonomy":"product_cat","embeddable":true,"href":"https:\/\/www.ateti.pt\/loja\/wp-json\/wp\/v2\/product_cat?post=49027"},{"taxonomy":"product_tag","embeddable":true,"href":"https:\/\/www.ateti.pt\/loja\/wp-json\/wp\/v2\/product_tag?post=49027"},{"taxonomy":"woo-feed-brand","embeddable":true,"href":"https:\/\/www.ateti.pt\/loja\/wp-json\/wp\/v2\/woo-feed-brand?post=49027"}],"curies":[{"name":"wp","href":"https:\/\/api.w.org\/{rel}","templated":true}]}}