{"id":49007,"date":"2024-05-16T16:55:40","date_gmt":"2024-05-16T15:55:40","guid":{"rendered":"https:\/\/www.ateti.pt\/loja\/?post_type=product&#038;p=49007"},"modified":"2026-05-12T17:41:40","modified_gmt":"2026-05-12T16:41:40","slug":"sumo-100-maca-3x200ml-santal","status":"publish","type":"product","link":"https:\/\/www.ateti.pt\/loja\/produto\/sumo-100-maca-3x200ml-santal\/","title":{"rendered":"Sumo 100% Ma\u00e7\u00e3 200ml Santal (31-07-2026)"},"content":{"rendered":"<p><strong>Sumo de Ma\u00e7\u00e3 Santal<\/strong><\/p>\n<p><strong>Quantidade:<\/strong>\u00a0 200ml<\/p>\n<p><strong>Ingredientes\/Composi\u00e7\u00e3o: <\/strong>Sumo de ma\u00e7\u00e3 proveniente de concentrado, regulador de acidez: \u00e1cido c\u00edtrico.<\/p>\n<p class=\"attribute-name auc-pdp-attribute-title\"><strong>Valores nutricionais por 100ml:<\/strong>\u00a0Energia: 193.00 kJ \/ 45.00 kcal; L\u00edpidos: 0.00 g, Dos quais \u00e1cidos gordos saturados: 0.00 g; Hidratos de carbono: 11.00 g, Dos quais a\u00e7\u00facares: 10.00 g; Prote\u00ednas: 0.20 g; Sal: 0.01 g<\/p>\n<p class=\"attribute-name auc-pdp-attribute-title\"><strong>Conserva\u00e7\u00e3o: <\/strong>Conservar \u00e0 temperatura ambiente em local fresco e seco. Ap\u00f3s abertura, conservar no frigor\u00edfico e consumir no prazo de 4 dias.<\/p>\n<p class=\"attribute-name auc-pdp-attribute-title\"><strong>Prepara\u00e7\u00e3o:<\/strong> Agitar antes de abrir r servir fresco.<\/p>\n","protected":false},"excerpt":{"rendered":"<p>2.35\u20ac\/lt<\/p>\n","protected":false},"featured_media":61454,"comment_status":"closed","ping_status":"closed","template":"","meta":{"_themeisle_gutenberg_block_has_review":false},"product_brand":[],"product_cat":[265],"product_tag":[593],"woo-feed-brand":[],"class_list":{"0":"post-49007","1":"product","2":"type-product","3":"status-publish","4":"has-post-thumbnail","6":"product_cat-promocoes-outlet-ate-50-desconto-supermercado-online-ate-ti","7":"product_tag-novidades","8":"ts_product_brand-santal","10":"first","11":"instock","12":"sale","13":"taxable","14":"shipping-taxable","15":"purchasable","16":"product-type-simple"},"_links":{"self":[{"href":"https:\/\/www.ateti.pt\/loja\/wp-json\/wp\/v2\/product\/49007","targetHints":{"allow":["GET"]}}],"collection":[{"href":"https:\/\/www.ateti.pt\/loja\/wp-json\/wp\/v2\/product"}],"about":[{"href":"https:\/\/www.ateti.pt\/loja\/wp-json\/wp\/v2\/types\/product"}],"replies":[{"embeddable":true,"href":"https:\/\/www.ateti.pt\/loja\/wp-json\/wp\/v2\/comments?post=49007"}],"wp:featuredmedia":[{"embeddable":true,"href":"https:\/\/www.ateti.pt\/loja\/wp-json\/wp\/v2\/media\/61454"}],"wp:attachment":[{"href":"https:\/\/www.ateti.pt\/loja\/wp-json\/wp\/v2\/media?parent=49007"}],"wp:term":[{"taxonomy":"product_brand","embeddable":true,"href":"https:\/\/www.ateti.pt\/loja\/wp-json\/wp\/v2\/product_brand?post=49007"},{"taxonomy":"product_cat","embeddable":true,"href":"https:\/\/www.ateti.pt\/loja\/wp-json\/wp\/v2\/product_cat?post=49007"},{"taxonomy":"product_tag","embeddable":true,"href":"https:\/\/www.ateti.pt\/loja\/wp-json\/wp\/v2\/product_tag?post=49007"},{"taxonomy":"woo-feed-brand","embeddable":true,"href":"https:\/\/www.ateti.pt\/loja\/wp-json\/wp\/v2\/woo-feed-brand?post=49007"}],"curies":[{"name":"wp","href":"https:\/\/api.w.org\/{rel}","templated":true}]}}