{"id":48999,"date":"2023-02-22T16:02:50","date_gmt":"2023-02-22T15:02:50","guid":{"rendered":"https:\/\/www.ateti.pt\/loja\/?post_type=product&#038;p=48999"},"modified":"2024-02-16T16:16:49","modified_gmt":"2024-02-16T16:16:49","slug":"arroz-carolino-louro-1kg-novarroz","status":"publish","type":"product","link":"https:\/\/www.ateti.pt\/loja\/produto\/arroz-carolino-louro-1kg-novarroz\/","title":{"rendered":"Arroz Carolino Louro 1kg Novarroz"},"content":{"rendered":"<p><strong>Arroz Carolino Louro Novarroz<\/strong><\/p>\n<p><strong>Quantidade:\u00a0<\/strong>1kg<\/p>\n<p>O Arroz Carolino \u00e9 uma variedade de arroz Portuguesa, caracterizada pela sua textura cremosa, ideal para absorver o sabor dos condimentos. E esta \u00e9 a variedade que melhor combina com os pratos t\u00edpicos da gastronomia portuguesa, ideal para absorver o melhor sabor dos mariscos, peixes, carnes e outras combina\u00e7\u00f5es muito apreciadas em Portugal. Este arroz \u00e9 um dos segredos da tradi\u00e7\u00e3o da nossa cozinha h\u00e1 v\u00e1rias gera\u00e7\u00f5es.<\/p>\n<p><strong>Sugest\u00e3o de receita:\u00a0<\/strong><\/p>\n<p>Ingredientes:<\/p>\n<ul>\n<li>1 colher de sopa de azeite<\/li>\n<li>1 cebola grande<\/li>\n<li>1 lata de tomate em peda\u00e7os (390g)<\/li>\n<li>1 ch\u00e1vena de arroz Carolino (250g)<\/li>\n<li>1 pitada de sal<\/li>\n<li>150g de br\u00f3colos<\/li>\n<li>1 peito de frango<\/li>\n<li>Sumo de 1\/2 lim\u00e3o<\/li>\n<li>Sal e pimenta preta (a gosto)<\/li>\n<li>1 colher de ch\u00e1 de azeite<\/li>\n<li>Salsa fresca (a gosto)<\/li>\n<\/ul>\n<p>Prepara\u00e7\u00e3o:<\/p>\n<ol>\n<li>Num tacho coloque a cebola picada a refogar com o azeite.<\/li>\n<li>Adicione o tomate em peda\u00e7os e deixe cozinhar por 3-4 minutos.<\/li>\n<li>Adicione o arroz, 2 ch\u00e1venas de \u00e1gua quente e sal. Tape e deixe cozinhar por cerca de 8 minutos.<\/li>\n<li>Corte os br\u00f3colos em peda\u00e7os pequenos e adicione ao tacho com o arroz. Deixe cozinhar por mais 5 minutos.<\/li>\n<li>Tempere o frango com sumo de lim\u00e3o, sal e pimenta preta mo\u00edda. Coloque numa frigideira com um fio de azeite e deixe cozinhar por cerca de 4 minutos de cada lado.<\/li>\n<li>Sirva o arroz com o frango cortado em tiras e salsa fresca picada.<\/li>\n<\/ol>\n","protected":false},"excerpt":{"rendered":"<p>1.79\u20ac\/kg<\/p>\n","protected":false},"featured_media":61452,"comment_status":"closed","ping_status":"closed","template":"","meta":{"_themeisle_gutenberg_block_has_review":false},"product_brand":[],"product_cat":[187,891,132],"product_tag":[593],"woo-feed-brand":[],"class_list":{"0":"post-48999","1":"product","2":"type-product","3":"status-publish","4":"has-post-thumbnail","6":"product_cat-arrozemassas","7":"product_cat-iva-zero","8":"product_cat-mercearia","9":"product_tag-novidades","10":"ts_product_brand-novarroz","12":"first","13":"instock","14":"taxable","15":"shipping-taxable","16":"purchasable","17":"product-type-simple"},"_links":{"self":[{"href":"https:\/\/www.ateti.pt\/loja\/wp-json\/wp\/v2\/product\/48999","targetHints":{"allow":["GET"]}}],"collection":[{"href":"https:\/\/www.ateti.pt\/loja\/wp-json\/wp\/v2\/product"}],"about":[{"href":"https:\/\/www.ateti.pt\/loja\/wp-json\/wp\/v2\/types\/product"}],"replies":[{"embeddable":true,"href":"https:\/\/www.ateti.pt\/loja\/wp-json\/wp\/v2\/comments?post=48999"}],"wp:featuredmedia":[{"embeddable":true,"href":"https:\/\/www.ateti.pt\/loja\/wp-json\/wp\/v2\/media\/61452"}],"wp:attachment":[{"href":"https:\/\/www.ateti.pt\/loja\/wp-json\/wp\/v2\/media?parent=48999"}],"wp:term":[{"taxonomy":"product_brand","embeddable":true,"href":"https:\/\/www.ateti.pt\/loja\/wp-json\/wp\/v2\/product_brand?post=48999"},{"taxonomy":"product_cat","embeddable":true,"href":"https:\/\/www.ateti.pt\/loja\/wp-json\/wp\/v2\/product_cat?post=48999"},{"taxonomy":"product_tag","embeddable":true,"href":"https:\/\/www.ateti.pt\/loja\/wp-json\/wp\/v2\/product_tag?post=48999"},{"taxonomy":"woo-feed-brand","embeddable":true,"href":"https:\/\/www.ateti.pt\/loja\/wp-json\/wp\/v2\/woo-feed-brand?post=48999"}],"curies":[{"name":"wp","href":"https:\/\/api.w.org\/{rel}","templated":true}]}}