{"id":48996,"date":"2023-02-22T13:55:53","date_gmt":"2023-02-22T12:55:53","guid":{"rendered":"https:\/\/www.ateti.pt\/loja\/?post_type=product&#038;p=48996"},"modified":"2024-02-16T16:16:23","modified_gmt":"2024-02-16T16:16:23","slug":"feijao-preto-25kg-masterchef","status":"publish","type":"product","link":"https:\/\/www.ateti.pt\/loja\/produto\/feijao-preto-25kg-masterchef\/","title":{"rendered":"Feij\u00e3o Preto 2,5kg Masterchef"},"content":{"rendered":"<p><strong>Feij\u00e3o Preto Masterchef<\/strong><\/p>\n<p><strong>Quantidade:\u00a0<\/strong>2,5kg<\/p>\n<p><strong>Ingredientes: <\/strong>Feij\u00e3o preto, \u00e1gua, sal, especiarias e plantas arom\u00e1ticas.<\/p>\n<p><strong>Sugest\u00e3o de Receita de Feij\u00e3o Preto com Bacon e Lingui\u00e7a:<\/strong><\/p>\n<p>Ingredientes:<\/p>\n<p>1 Lata de Feij\u00e3o Preto Cozido;<br \/>\n60g de Bacon;<br \/>\n1 Lingui\u00e7a;<br \/>\n1 Cebola;<br \/>\n2 Dentes de Alho;<br \/>\nqb Azeite.<\/p>\n<p>Prepara\u00e7\u00e3o:<\/p>\n<div class=\"wpurp-rows\">\n<div class=\"wpurp-rows-row\"><span class=\"wpurp-recipe-instruction-text\">1 \u2013 Descasque e pique a cebola e os alhos. Corte o bacon e a lingui\u00e7a em cubos pequenos.<\/span><\/div>\n<\/div>\n<div class=\"wpurp-rows\">\n<div class=\"wpurp-rows-row\"><span class=\"wpurp-recipe-instruction-text\">2 \u2013 Leve ao lume um tacho com o azeite, junte a cebola, o alho, o bacon e a lingui\u00e7a e deixe saltear.<\/span><\/div>\n<\/div>\n<div class=\"wpurp-rows\">\n<div class=\"wpurp-rows-row\"><span class=\"wpurp-recipe-instruction-text\">3 \u2013 Escorra a \u00e1gua do feij\u00e3o e adicione-o ao salteado. Deixe cozinhar por cerca de 10 minutos e sirva ainda quente.<\/span><\/div>\n<\/div>\n<div><\/div>\n<div>\n<p>Qualquer uma das receitas com Feij\u00e3o Preto Cozido vai ficar deliciosa! Experimente algumas destas receitas e bom apetite!<\/p>\n<p>Para ver mais produtos como este v\u00e1 a\u00a0<a href=\"https:\/\/www.ateti.pt\/loja\/categoria\/ate-ti-negocios\/alimentacao-office\/enlatados\/\" target=\"_blank\" rel=\"noopener\">Enlatados<\/a>\u00a0na Categoria At\u00e9 Ti Neg\u00f3cios.<\/p>\n<p>Pode ainda encontrar no At\u00e9 Ti produtos com descontos at\u00e9 50% na Categoria\u00a0<a href=\"https:\/\/www.ateti.pt\/loja\/categoria\/outlet-ate-50\/\" target=\"_blank\" rel=\"noopener\">Outlet ate 50%<\/a>.<\/p>\n<p>Fa\u00e7a as suas compras no seu supermercado online At\u00e9 Ti e receba a sua encomenda comodamente em casa, no trabalho ou onde quiser.<\/p>\n<\/div>\n","protected":false},"excerpt":{"rendered":"<p>1.99\u20ac\/kg<\/p>\n","protected":false},"featured_media":61451,"comment_status":"closed","ping_status":"closed","template":"","meta":{"_themeisle_gutenberg_block_has_review":false},"product_brand":[],"product_cat":[542,250,690,196,132],"product_tag":[],"woo-feed-brand":[],"class_list":{"0":"post-48996","1":"product","2":"type-product","3":"status-publish","4":"has-post-thumbnail","6":"product_cat-alimentacao-office","7":"product_cat-ate-ti-negocios","8":"product_cat-enlatados","9":"product_cat-leguminosas","10":"product_cat-mercearia","12":"first","13":"instock","14":"sale","15":"taxable","16":"shipping-taxable","17":"purchasable","18":"product-type-simple"},"_links":{"self":[{"href":"https:\/\/www.ateti.pt\/loja\/wp-json\/wp\/v2\/product\/48996","targetHints":{"allow":["GET"]}}],"collection":[{"href":"https:\/\/www.ateti.pt\/loja\/wp-json\/wp\/v2\/product"}],"about":[{"href":"https:\/\/www.ateti.pt\/loja\/wp-json\/wp\/v2\/types\/product"}],"replies":[{"embeddable":true,"href":"https:\/\/www.ateti.pt\/loja\/wp-json\/wp\/v2\/comments?post=48996"}],"wp:featuredmedia":[{"embeddable":true,"href":"https:\/\/www.ateti.pt\/loja\/wp-json\/wp\/v2\/media\/61451"}],"wp:attachment":[{"href":"https:\/\/www.ateti.pt\/loja\/wp-json\/wp\/v2\/media?parent=48996"}],"wp:term":[{"taxonomy":"product_brand","embeddable":true,"href":"https:\/\/www.ateti.pt\/loja\/wp-json\/wp\/v2\/product_brand?post=48996"},{"taxonomy":"product_cat","embeddable":true,"href":"https:\/\/www.ateti.pt\/loja\/wp-json\/wp\/v2\/product_cat?post=48996"},{"taxonomy":"product_tag","embeddable":true,"href":"https:\/\/www.ateti.pt\/loja\/wp-json\/wp\/v2\/product_tag?post=48996"},{"taxonomy":"woo-feed-brand","embeddable":true,"href":"https:\/\/www.ateti.pt\/loja\/wp-json\/wp\/v2\/woo-feed-brand?post=48996"}],"curies":[{"name":"wp","href":"https:\/\/api.w.org\/{rel}","templated":true}]}}