{"id":48989,"date":"2023-02-22T13:52:17","date_gmt":"2023-02-22T12:52:17","guid":{"rendered":"https:\/\/www.ateti.pt\/loja\/?post_type=product&#038;p=48989"},"modified":"2024-02-16T16:15:04","modified_gmt":"2024-02-16T16:15:04","slug":"bolacha-tostada-800g-amanhecer","status":"publish","type":"product","link":"https:\/\/www.ateti.pt\/loja\/produto\/bolacha-tostada-800g-amanhecer\/","title":{"rendered":"Bolacha Tostada 800g Amanhecer"},"content":{"rendered":"<p><strong>Bolacha Tostada Amanhecer<\/strong><\/p>\n<p><strong>Quantidade:\u00a0<\/strong>4x200g<\/p>\n<p><strong>Ingredientes:\u00a0<\/strong>Farinha De Trigo Tipo 55, A\u00e7\u00facar, Gordura Vegetal (Palma), Xarope De Glucose-Frutose, Levedantes (Bicarbonatos De S\u00f3dio E Am\u00f3nio), Corante (Caramelo Sulfito De Am\u00f3nia), Sal, Emulsionante (Lecitina De Soja), Antioxidante (Metabissulfito De S\u00f3dio).<\/p>\n<p><strong>Informa\u00e7\u00f5es Nutricionais: Valores nutricionais medios por 100g:<\/strong><\/p>\n<p>Energia: 1791.00 kJ \/ 424.00 kcal; Lipidos: 8.00 g, Dos quais acidos gordos saturados: 1.60 g, Dos quais acidos gordos monoinsaturados: 5.30 g, Dos quais acidos gordos poliinsaturados: 1.10 g; Hidratos de carbono: 80.00 g, Dos quais acucares: 25.00 g; Proteinas: 7.00 g; Sal: 0.88 g; Nao Preparado: Energia: 1791.00 kJ \/ 424.00 kcal; Lipidos: 8.00 g, Dos quais acidos gordos saturados: 1.60 g, Dos quais acidos gordos monoinsaturados: 5.30 g, Dos quais acidos gordos poliinsaturados: 1.10 g; Hidratos de carbono: 80.00 g, Dos quais acucares: 25.00 g; Proteinas: 6.00 g; Sal: 0.80 g<\/p>\n<p><strong>Conserva\u00e7\u00e3o:<\/strong> Armazenar em lugar fresco e seco. Preservar dos raios solares<\/p>\n<p>&nbsp;<\/p>\n","protected":false},"excerpt":{"rendered":"<p>2.48\u20ac\/kg<\/p>\n","protected":false},"featured_media":61447,"comment_status":"closed","ping_status":"closed","template":"","meta":{"_themeisle_gutenberg_block_has_review":false},"product_brand":[],"product_cat":[134,144,132],"product_tag":[593],"woo-feed-brand":[],"class_list":{"0":"post-48989","1":"product","2":"type-product","3":"status-publish","4":"has-post-thumbnail","6":"product_cat-bolachas-biscoitos","7":"product_cat-chocolates-biscoitos-e-cereais","8":"product_cat-mercearia","9":"product_tag-novidades","10":"ts_product_brand-amanhecer","12":"first","13":"instock","14":"taxable","15":"shipping-taxable","16":"purchasable","17":"product-type-simple"},"_links":{"self":[{"href":"https:\/\/www.ateti.pt\/loja\/wp-json\/wp\/v2\/product\/48989","targetHints":{"allow":["GET"]}}],"collection":[{"href":"https:\/\/www.ateti.pt\/loja\/wp-json\/wp\/v2\/product"}],"about":[{"href":"https:\/\/www.ateti.pt\/loja\/wp-json\/wp\/v2\/types\/product"}],"replies":[{"embeddable":true,"href":"https:\/\/www.ateti.pt\/loja\/wp-json\/wp\/v2\/comments?post=48989"}],"wp:featuredmedia":[{"embeddable":true,"href":"https:\/\/www.ateti.pt\/loja\/wp-json\/wp\/v2\/media\/61447"}],"wp:attachment":[{"href":"https:\/\/www.ateti.pt\/loja\/wp-json\/wp\/v2\/media?parent=48989"}],"wp:term":[{"taxonomy":"product_brand","embeddable":true,"href":"https:\/\/www.ateti.pt\/loja\/wp-json\/wp\/v2\/product_brand?post=48989"},{"taxonomy":"product_cat","embeddable":true,"href":"https:\/\/www.ateti.pt\/loja\/wp-json\/wp\/v2\/product_cat?post=48989"},{"taxonomy":"product_tag","embeddable":true,"href":"https:\/\/www.ateti.pt\/loja\/wp-json\/wp\/v2\/product_tag?post=48989"},{"taxonomy":"woo-feed-brand","embeddable":true,"href":"https:\/\/www.ateti.pt\/loja\/wp-json\/wp\/v2\/woo-feed-brand?post=48989"}],"curies":[{"name":"wp","href":"https:\/\/api.w.org\/{rel}","templated":true}]}}