{"id":48824,"date":"2023-06-29T14:48:45","date_gmt":"2023-06-29T13:48:45","guid":{"rendered":"https:\/\/www.ateti.pt\/loja\/?post_type=product&#038;p=48824"},"modified":"2025-06-20T17:48:47","modified_gmt":"2025-06-20T16:48:47","slug":"ambientador-tapete-para-urinol-tropical-wellnax","status":"publish","type":"product","link":"https:\/\/www.ateti.pt\/loja\/produto\/ambientador-tapete-para-urinol-tropical-wellnax\/","title":{"rendered":"Ambientador Tapete para Urinol Tropical Wellnax"},"content":{"rendered":"<p><strong>Ambientador Tapete para Urinol Tropical Wellnax<\/strong><\/p>\n<p><strong>Quantidade:\u00a0<\/strong>1un<\/p>\n<p><em>Ideal para perfumar urin\u00f3is com efic\u00e1cia prolongada.<\/em><\/p>\n<p><strong>Instru\u00e7\u00f5es de utiliza\u00e7\u00e3o:\u00a0<\/strong>retire da embalagem e coloque sobre o ralo do urinol ou \u00e1rea a perfumar.<\/p>\n<p><strong>Precau\u00e7\u00f5es:\u00a0<\/strong>Nocivo para os organismos aqu\u00e1ticos com efeitos duradouros. Provoca irrita\u00e7\u00e3o cut\u00e2nea. Pode provocar uma rea\u00e7\u00e3o al\u00e9rgica cut\u00e2nea. Em caso de contacto com a pele, lavar imediata e abundantemente com \u00e1gua. Provoca irrita\u00e7\u00e3o ocular grave. Se necess\u00e1rio consultar um m\u00e9dico, mostre-lhe a embalagem ou o r\u00f3tulo. Manter fora do alcance das crian\u00e7as. Manter fora do alcance dos animais. Utilize luvas de prote\u00e7\u00e3o para manusear o conte\u00fado.<\/p>\n","protected":false},"excerpt":{"rendered":"<p>2.99\u20ac\/un<\/p>\n","protected":false},"featured_media":61483,"comment_status":"closed","ping_status":"closed","template":"","meta":{"_themeisle_gutenberg_block_has_review":false},"product_brand":[],"product_cat":[192,237,210,190,204,706],"product_tag":[593],"woo-feed-brand":[],"class_list":{"0":"post-48824","1":"product","2":"type-product","3":"status-publish","4":"has-post-thumbnail","6":"product_cat-acessorios-de-cozinha-casa-de-banho","7":"product_cat-casa-jardim","8":"product_cat-casa-de-banho","9":"product_cat-desinfetantes-e-limpeza","10":"product_cat-limpeza","11":"product_cat-utilitarios-de-casa","12":"product_tag-novidades","13":"ts_product_brand-wellnax","15":"first","16":"instock","17":"taxable","18":"shipping-taxable","19":"purchasable","20":"product-type-simple"},"_links":{"self":[{"href":"https:\/\/www.ateti.pt\/loja\/wp-json\/wp\/v2\/product\/48824","targetHints":{"allow":["GET"]}}],"collection":[{"href":"https:\/\/www.ateti.pt\/loja\/wp-json\/wp\/v2\/product"}],"about":[{"href":"https:\/\/www.ateti.pt\/loja\/wp-json\/wp\/v2\/types\/product"}],"replies":[{"embeddable":true,"href":"https:\/\/www.ateti.pt\/loja\/wp-json\/wp\/v2\/comments?post=48824"}],"wp:featuredmedia":[{"embeddable":true,"href":"https:\/\/www.ateti.pt\/loja\/wp-json\/wp\/v2\/media\/61483"}],"wp:attachment":[{"href":"https:\/\/www.ateti.pt\/loja\/wp-json\/wp\/v2\/media?parent=48824"}],"wp:term":[{"taxonomy":"product_brand","embeddable":true,"href":"https:\/\/www.ateti.pt\/loja\/wp-json\/wp\/v2\/product_brand?post=48824"},{"taxonomy":"product_cat","embeddable":true,"href":"https:\/\/www.ateti.pt\/loja\/wp-json\/wp\/v2\/product_cat?post=48824"},{"taxonomy":"product_tag","embeddable":true,"href":"https:\/\/www.ateti.pt\/loja\/wp-json\/wp\/v2\/product_tag?post=48824"},{"taxonomy":"woo-feed-brand","embeddable":true,"href":"https:\/\/www.ateti.pt\/loja\/wp-json\/wp\/v2\/woo-feed-brand?post=48824"}],"curies":[{"name":"wp","href":"https:\/\/api.w.org\/{rel}","templated":true}]}}