{"id":48814,"date":"2023-02-17T16:58:53","date_gmt":"2023-02-17T15:58:53","guid":{"rendered":"https:\/\/www.ateti.pt\/loja\/?post_type=product&#038;p=48814"},"modified":"2026-01-16T15:33:53","modified_gmt":"2026-01-16T15:33:53","slug":"ambientador-em-spray-antitabaco-300ml-ultra","status":"publish","type":"product","link":"https:\/\/www.ateti.pt\/loja\/produto\/ambientador-em-spray-antitabaco-300ml-ultra\/","title":{"rendered":"Ambientador em Spray Antitabaco 300ml Ultra"},"content":{"rendered":"<p><strong>Ambientador em Spray Antitabaco<\/strong><\/p>\n<p><strong>Quantidade:\u00a0<\/strong>300ml<\/p>\n<p>O ambientador perfuma instantaneamente a sua casa, eliminando os maus odores com uma agrad\u00e1vel fragr\u00e2ncia.<\/p>\n<p><strong>Modo de emprego:\u00a0<\/strong>Agitar bem antes de usar. Para uma correta aplica\u00e7\u00e3o, pulverizar em todas as direc\u00e7\u00f5es , sempre com a embalagem na vertical. Utilizar apenas como indicado. N\u00e3o pulverizar para os olhos, pele, alimentos, tecidos ou m\u00f3veis. N\u00e3o utilizar o produto como perfume corporal. Pessoas com sensibilidade ao perfume devem tomar as devidas precau\u00e7\u00f5es ao utilizarem este produto. A utiliza\u00e7\u00e3o do ambientador n\u00e3o dispensa o cumprimento de boas pr\u00e1ticas de higiene.<\/p>\n<p><strong>Ingredientes:\u00a0<\/strong>Igual ou superior a 15%, mas inferior a 30%: Hidrocarbonetos alif\u00e1ticos. Perfumes.<\/p>\n<p>Aerossol extremamente inflam\u00e1vel . Recipiente sob press\u00e3o: risco de explos\u00e3o sob a a\u00e7\u00e3o de calor. Manter fora do alcance das crian\u00e7as. Manter afastado do calor, superf\u00edcies quentes, fa\u00edsca, chama aberta e outras fontes de igni\u00e7\u00e3o. N\u00e3o pulverizar sobre chama aberta ou outra fonte de igni\u00e7\u00e3o. Recipiente sob press\u00e3o: n\u00e3o furar nem queimar, mesmo ap\u00f3s utiliza\u00e7\u00e3o.<\/p>\n","protected":false},"excerpt":{"rendered":"<p>5,97\u20ac\/L<\/p>\n","protected":false},"featured_media":78334,"comment_status":"closed","ping_status":"closed","template":"","meta":{"_themeisle_gutenberg_block_has_review":false},"product_brand":[],"product_cat":[237,233,204,706],"product_tag":[],"woo-feed-brand":[],"class_list":{"0":"post-48814","1":"product","2":"type-product","3":"status-publish","4":"has-post-thumbnail","6":"product_cat-casa-jardim","7":"product_cat-diversos-limpeza","8":"product_cat-limpeza","9":"product_cat-utilitarios-de-casa","10":"ts_product_brand-amanhecer","12":"first","13":"instock","14":"taxable","15":"shipping-taxable","16":"purchasable","17":"product-type-simple"},"_links":{"self":[{"href":"https:\/\/www.ateti.pt\/loja\/wp-json\/wp\/v2\/product\/48814","targetHints":{"allow":["GET"]}}],"collection":[{"href":"https:\/\/www.ateti.pt\/loja\/wp-json\/wp\/v2\/product"}],"about":[{"href":"https:\/\/www.ateti.pt\/loja\/wp-json\/wp\/v2\/types\/product"}],"replies":[{"embeddable":true,"href":"https:\/\/www.ateti.pt\/loja\/wp-json\/wp\/v2\/comments?post=48814"}],"wp:featuredmedia":[{"embeddable":true,"href":"https:\/\/www.ateti.pt\/loja\/wp-json\/wp\/v2\/media\/78334"}],"wp:attachment":[{"href":"https:\/\/www.ateti.pt\/loja\/wp-json\/wp\/v2\/media?parent=48814"}],"wp:term":[{"taxonomy":"product_brand","embeddable":true,"href":"https:\/\/www.ateti.pt\/loja\/wp-json\/wp\/v2\/product_brand?post=48814"},{"taxonomy":"product_cat","embeddable":true,"href":"https:\/\/www.ateti.pt\/loja\/wp-json\/wp\/v2\/product_cat?post=48814"},{"taxonomy":"product_tag","embeddable":true,"href":"https:\/\/www.ateti.pt\/loja\/wp-json\/wp\/v2\/product_tag?post=48814"},{"taxonomy":"woo-feed-brand","embeddable":true,"href":"https:\/\/www.ateti.pt\/loja\/wp-json\/wp\/v2\/woo-feed-brand?post=48814"}],"curies":[{"name":"wp","href":"https:\/\/api.w.org\/{rel}","templated":true}]}}