{"id":48807,"date":"2023-02-17T13:47:53","date_gmt":"2023-02-17T12:47:53","guid":{"rendered":"https:\/\/www.ateti.pt\/loja\/?post_type=product&#038;p=48807"},"modified":"2026-03-02T17:28:16","modified_gmt":"2026-03-02T17:28:16","slug":"ambientador-em-gel-lavender-150g-glade","status":"publish","type":"product","link":"https:\/\/www.ateti.pt\/loja\/produto\/ambientador-em-gel-lavender-150g-glade\/","title":{"rendered":"Ambientador em Gel Lavender 150g Glade"},"content":{"rendered":"<p><strong>Ambientador em Gel Lavender Glade<\/strong><\/p>\n<p class=\"product_title entry-title\"><strong>Quantidade: <\/strong>150g<\/p>\n<p>Cont\u00e9m: geraniol; mistura de: 5-cloro-2-metil-2H-isotiazole-3-ona and 2-metil-2H-isotiazole-3-ona(3:1).<\/p>\n<p>Pode provocar uma reac\u00e7\u00e3o al\u00e9rgica.<\/p>\n<p>N\u00e3o ingerir.<\/p>\n<p>Manter fora do alcance das crian\u00e7as.<\/p>\n","protected":false},"excerpt":{"rendered":"<p>2.29\u20ac\/un<\/p>\n","protected":false},"featured_media":61480,"comment_status":"closed","ping_status":"closed","template":"","meta":{"_themeisle_gutenberg_block_has_review":false},"product_brand":[],"product_cat":[237,706],"product_tag":[593],"woo-feed-brand":[],"class_list":{"0":"post-48807","1":"product","2":"type-product","3":"status-publish","4":"has-post-thumbnail","6":"product_cat-casa-jardim","7":"product_cat-utilitarios-de-casa","8":"product_tag-novidades","9":"ts_product_brand-glade","11":"first","12":"instock","13":"taxable","14":"shipping-taxable","15":"purchasable","16":"product-type-simple"},"_links":{"self":[{"href":"https:\/\/www.ateti.pt\/loja\/wp-json\/wp\/v2\/product\/48807","targetHints":{"allow":["GET"]}}],"collection":[{"href":"https:\/\/www.ateti.pt\/loja\/wp-json\/wp\/v2\/product"}],"about":[{"href":"https:\/\/www.ateti.pt\/loja\/wp-json\/wp\/v2\/types\/product"}],"replies":[{"embeddable":true,"href":"https:\/\/www.ateti.pt\/loja\/wp-json\/wp\/v2\/comments?post=48807"}],"wp:featuredmedia":[{"embeddable":true,"href":"https:\/\/www.ateti.pt\/loja\/wp-json\/wp\/v2\/media\/61480"}],"wp:attachment":[{"href":"https:\/\/www.ateti.pt\/loja\/wp-json\/wp\/v2\/media?parent=48807"}],"wp:term":[{"taxonomy":"product_brand","embeddable":true,"href":"https:\/\/www.ateti.pt\/loja\/wp-json\/wp\/v2\/product_brand?post=48807"},{"taxonomy":"product_cat","embeddable":true,"href":"https:\/\/www.ateti.pt\/loja\/wp-json\/wp\/v2\/product_cat?post=48807"},{"taxonomy":"product_tag","embeddable":true,"href":"https:\/\/www.ateti.pt\/loja\/wp-json\/wp\/v2\/product_tag?post=48807"},{"taxonomy":"woo-feed-brand","embeddable":true,"href":"https:\/\/www.ateti.pt\/loja\/wp-json\/wp\/v2\/woo-feed-brand?post=48807"}],"curies":[{"name":"wp","href":"https:\/\/api.w.org\/{rel}","templated":true}]}}