{"id":48755,"date":"2023-02-16T12:40:45","date_gmt":"2023-02-16T11:40:45","guid":{"rendered":"https:\/\/www.ateti.pt\/loja\/?post_type=product&#038;p=48755"},"modified":"2025-07-08T09:00:07","modified_gmt":"2025-07-08T08:00:07","slug":"cafe-lote-chavena-moagem-saco-250g-delta","status":"publish","type":"product","link":"https:\/\/www.ateti.pt\/loja\/produto\/cafe-lote-chavena-moagem-saco-250g-delta\/","title":{"rendered":"Caf\u00e9 Lote Ch\u00e1vena Moagem Saco 250g Delta"},"content":{"rendered":"<p><strong>Caf\u00e9 Lote Ch\u00e1vena Moagem Saco Delta<\/strong><\/p>\n<p><strong>Quantidade:\u00a0<\/strong>250g<\/p>\n<p><em>Caf\u00e9 torrado mo\u00eddo<\/em><\/p>\n<p><em>Um blend equilibrado que combina as mais distintas variedades de caf\u00e9, resultando numa bebida de excecional qualidade, com um sabor marcante e arom\u00e1tico.<\/em><\/p>\n<p><strong>Declara\u00e7\u00e3o Nutricional (por 100g):\u00a0<\/strong>Energia: 1401kj\/339kcal; L\u00edpidos: 13g; dos quais Saturados: 6g; Hidratos de Carbono: 14g; dos quais A\u00e7\u00facares: 0g; Fibra: 49g; Prote\u00ednas: 17g; Sal: 0,03g.<\/p>\n","protected":false},"excerpt":{"rendered":"<p>13.56\u20ac\/kg<\/p>\n","protected":false},"featured_media":60428,"comment_status":"closed","ping_status":"closed","template":"","meta":{"_themeisle_gutenberg_block_has_review":false},"product_brand":[],"product_cat":[169,24,132],"product_tag":[],"woo-feed-brand":[],"class_list":{"0":"post-48755","1":"product","2":"type-product","3":"status-publish","4":"has-post-thumbnail","6":"product_cat-cafe-moido","7":"product_cat-cafe-moido-em-grao-e-soluvel","8":"product_cat-mercearia","9":"ts_product_brand-delta","11":"first","12":"instock","13":"sale","14":"taxable","15":"shipping-taxable","16":"purchasable","17":"product-type-simple"},"_links":{"self":[{"href":"https:\/\/www.ateti.pt\/loja\/wp-json\/wp\/v2\/product\/48755","targetHints":{"allow":["GET"]}}],"collection":[{"href":"https:\/\/www.ateti.pt\/loja\/wp-json\/wp\/v2\/product"}],"about":[{"href":"https:\/\/www.ateti.pt\/loja\/wp-json\/wp\/v2\/types\/product"}],"replies":[{"embeddable":true,"href":"https:\/\/www.ateti.pt\/loja\/wp-json\/wp\/v2\/comments?post=48755"}],"wp:featuredmedia":[{"embeddable":true,"href":"https:\/\/www.ateti.pt\/loja\/wp-json\/wp\/v2\/media\/60428"}],"wp:attachment":[{"href":"https:\/\/www.ateti.pt\/loja\/wp-json\/wp\/v2\/media?parent=48755"}],"wp:term":[{"taxonomy":"product_brand","embeddable":true,"href":"https:\/\/www.ateti.pt\/loja\/wp-json\/wp\/v2\/product_brand?post=48755"},{"taxonomy":"product_cat","embeddable":true,"href":"https:\/\/www.ateti.pt\/loja\/wp-json\/wp\/v2\/product_cat?post=48755"},{"taxonomy":"product_tag","embeddable":true,"href":"https:\/\/www.ateti.pt\/loja\/wp-json\/wp\/v2\/product_tag?post=48755"},{"taxonomy":"woo-feed-brand","embeddable":true,"href":"https:\/\/www.ateti.pt\/loja\/wp-json\/wp\/v2\/woo-feed-brand?post=48755"}],"curies":[{"name":"wp","href":"https:\/\/api.w.org\/{rel}","templated":true}]}}