{"id":48710,"date":"2023-02-15T13:35:13","date_gmt":"2023-02-15T12:35:13","guid":{"rendered":"https:\/\/www.ateti.pt\/loja\/?post_type=product&#038;p=48710"},"modified":"2026-03-26T16:02:18","modified_gmt":"2026-03-26T16:02:18","slug":"pastilhas-maquina-de-loica-all-in-1-42un-finish-powerball","status":"publish","type":"product","link":"https:\/\/www.ateti.pt\/loja\/produto\/pastilhas-maquina-de-loica-all-in-1-42un-finish-powerball\/","title":{"rendered":"Pastilhas M\u00e1quina de Loi\u00e7a All in 1 PowerBall 42un Finish"},"content":{"rendered":"<p><strong>Pastilhas M\u00e1quina de Loi\u00e7a All in 1 Finish PowerBall<\/strong><\/p>\n<p><strong>Quantidade:\u00a0<\/strong>42un<\/p>\n<p><em>Finish Power, a solu\u00e7\u00e3o All in 1 para a loi\u00e7a. A nossa powerball potencia a pastilha para uma limpeza e brilho di\u00e1rio \u00e0 primeira, em cada lavagem.<\/em><\/p>\n<p class=\"mb-0\">Descri\u00e7\u00e3o:<\/p>\n<p class=\"mb-20\">Finish All in 1 regular assegura uma limpeza poderosa em qualquer situa\u00e7\u00e3o. A nossa revolucion\u00e1ria powerball ajuda a pastilha a remover at\u00e9 res\u00edduos de alimentos incrustados, garantindo uma limpeza poderosa em cada lavagem. Para melhorar a performance da sua m\u00e1quina combine o detergente Finish com os aditivos Finish. Recomendada pelos principais fabricantes de m\u00e1quinas de lavar loi\u00e7a como Balay, Beko, Bosch, LG, Samsung e Siemens.<\/p>\n<p class=\"mb-0\">Benef\u00edcios:<\/p>\n<p class=\"mb-20\">&#8211; Remo\u00e7\u00e3o de sujidade;<br \/>\n&#8211; Limpeza poderosa;<br \/>\n&#8211; Poder desengordurante;<br \/>\n&#8211; Fun\u00e7\u00e3o abrilhantador;<br \/>\n&#8211; Fun\u00e7\u00e3o sal;<br \/>\n&#8211; Atua a baixas tempraturas;<br \/>\n&#8211; Elimina res\u00edduos de comida incrustados;<br \/>\n&#8211; Prote\u00e7\u00e3o filtro;<br \/>\n&#8211; Prote\u00e7\u00e3o dos copos e cristal;<br \/>\n&#8211; Sem inv\u00f3lucro.<\/p>\n<p class=\"mb-0\">Conselhos de utiliza\u00e7\u00e3o:<\/p>\n<p class=\"mb-20\">Para melhores resultados, coloque a pastilha no dispensador. Caso n\u00e3o caiba, contate o fabricante da sua m\u00e1quina de lavar loi\u00e7a. N\u00e3o abra ou perfure a pastilha. Para melhores resultados em ciclos curtos de 30 minutos, coloque a pastilha no fundo da m\u00e1quina de lavar loi\u00e7a junto ao filtro.<\/p>\n<div class=\"simplebar-mask\">\n<div class=\"simplebar-offset\">\n<div class=\"simplebar-content-wrapper\" role=\"region\" aria-label=\"scrollable content\">\n<div class=\"simplebar-content\">\n<p class=\"mb-0\">Normas \/ Precau\u00e7\u00f5es:<\/p>\n<p class=\"mb-20\">Manter fora do alcance das crian\u00e7as. Armazenar afastado de alimentos ou bebidas. Provoca irrita\u00e7\u00e3o ocular. Evitar o contacto com os olhos. Se entrar em contacto com os olhos, lavar abundantemente e cuidadosamente com \u00e1gua, durante v\u00e1rios minutos. Se usar lentes de contacto, retirar, se tal for poss\u00edvel. Continuar a enxaguar. Caso a irrita\u00e7\u00e3o ocular persista, consultar um m\u00e9dico. N\u00e3o ingerir. Em caso de ingest\u00e3o, consultar um m\u00e9dico. Em caso de acidente, contactar imediatamente o Centro de Informa\u00e7\u00e3o Antinvenenos.<\/p>\n<\/div>\n<\/div>\n<\/div>\n<\/div>\n<p>Veja mais em <a href=\"https:\/\/www.ateti.pt\/loja\/categoria\/higiene-e-limpeza\/limpeza\/cozinha\/\">Cozinha<\/a><\/p>\n","protected":false},"excerpt":{"rendered":"<p>0,31\u20ac\/un<\/p>\n","protected":false},"featured_media":61463,"comment_status":"closed","ping_status":"closed","template":"","meta":{"_themeisle_gutenberg_block_has_review":false},"product_brand":[],"product_cat":[209,190,204],"product_tag":[593],"woo-feed-brand":[],"class_list":{"0":"post-48710","1":"product","2":"type-product","3":"status-publish","4":"has-post-thumbnail","6":"product_cat-cozinha","7":"product_cat-desinfetantes-e-limpeza","8":"product_cat-limpeza","9":"product_tag-novidades","10":"ts_product_brand-finish","12":"first","13":"outofstock","14":"taxable","15":"shipping-taxable","16":"purchasable","17":"product-type-simple"},"_links":{"self":[{"href":"https:\/\/www.ateti.pt\/loja\/wp-json\/wp\/v2\/product\/48710","targetHints":{"allow":["GET"]}}],"collection":[{"href":"https:\/\/www.ateti.pt\/loja\/wp-json\/wp\/v2\/product"}],"about":[{"href":"https:\/\/www.ateti.pt\/loja\/wp-json\/wp\/v2\/types\/product"}],"replies":[{"embeddable":true,"href":"https:\/\/www.ateti.pt\/loja\/wp-json\/wp\/v2\/comments?post=48710"}],"wp:featuredmedia":[{"embeddable":true,"href":"https:\/\/www.ateti.pt\/loja\/wp-json\/wp\/v2\/media\/61463"}],"wp:attachment":[{"href":"https:\/\/www.ateti.pt\/loja\/wp-json\/wp\/v2\/media?parent=48710"}],"wp:term":[{"taxonomy":"product_brand","embeddable":true,"href":"https:\/\/www.ateti.pt\/loja\/wp-json\/wp\/v2\/product_brand?post=48710"},{"taxonomy":"product_cat","embeddable":true,"href":"https:\/\/www.ateti.pt\/loja\/wp-json\/wp\/v2\/product_cat?post=48710"},{"taxonomy":"product_tag","embeddable":true,"href":"https:\/\/www.ateti.pt\/loja\/wp-json\/wp\/v2\/product_tag?post=48710"},{"taxonomy":"woo-feed-brand","embeddable":true,"href":"https:\/\/www.ateti.pt\/loja\/wp-json\/wp\/v2\/woo-feed-brand?post=48710"}],"curies":[{"name":"wp","href":"https:\/\/api.w.org\/{rel}","templated":true}]}}