{"id":48233,"date":"2023-02-01T10:33:50","date_gmt":"2023-02-01T09:33:50","guid":{"rendered":"https:\/\/www.ateti.pt\/loja\/?post_type=product&#038;p=48233"},"modified":"2026-04-15T16:12:41","modified_gmt":"2026-04-15T15:12:41","slug":"champo-para-homem-anticaspa-antiqueda-225ml-linic","status":"publish","type":"product","link":"https:\/\/www.ateti.pt\/loja\/produto\/champo-para-homem-anticaspa-antiqueda-225ml-linic\/","title":{"rendered":"Champ\u00f4 para Homem Anticaspa Antiqueda 225ml Linic"},"content":{"rendered":"<p><strong>Champ\u00f4 para Homem Anticaspa Antiqueda Linic<\/strong><\/p>\n<p><strong>Quantidade: <\/strong>225ml<\/p>\n<p><em>Antiqueda com Ginseng: Fortalece o cabelo para reduzir a queda<\/em><\/p>\n<p><em>Desenvolvido para homens. O couro cabeludo do homem \u00e9 mais propenso \u00e0 caspa. Tripla tecnologia anticaspa, taurina e vitamina B3. Remove oleosidade e p\u00f5e fim \u00e0 preocupa\u00e7\u00e3o da caspa recorrente. F\u00f3rmula refrescante em gel com ativo de absor\u00e7\u00e3o r\u00e1pida da caspa.<\/em><\/p>\n<p><em>Como usar:\u00a0<\/em>Para resultados optimizados use diariamente. Aplique no cabelo molhado, massage suavemente e enxague. Repita se for necess\u00e1rio. Evite o contacto com os olhos. Em caso de contacto enxague abundantemente com \u00e1gua.<\/p>\n","protected":false},"excerpt":{"rendered":"<p>19,51\u20ac\/L<\/p>\n","protected":false},"featured_media":61530,"comment_status":"closed","ping_status":"closed","template":"","meta":{"_themeisle_gutenberg_block_has_review":false},"product_brand":[],"product_cat":[203,211,190,231],"product_tag":[593],"woo-feed-brand":[],"class_list":{"0":"post-48233","1":"product","2":"type-product","3":"status-publish","4":"has-post-thumbnail","6":"product_cat-beleza-e-higiene","7":"product_cat-cabelo","8":"product_cat-desinfetantes-e-limpeza","9":"product_cat-higiene-masculina","10":"product_tag-novidades","11":"ts_product_brand-linic","13":"first","14":"instock","15":"taxable","16":"shipping-taxable","17":"purchasable","18":"product-type-simple"},"_links":{"self":[{"href":"https:\/\/www.ateti.pt\/loja\/wp-json\/wp\/v2\/product\/48233","targetHints":{"allow":["GET"]}}],"collection":[{"href":"https:\/\/www.ateti.pt\/loja\/wp-json\/wp\/v2\/product"}],"about":[{"href":"https:\/\/www.ateti.pt\/loja\/wp-json\/wp\/v2\/types\/product"}],"replies":[{"embeddable":true,"href":"https:\/\/www.ateti.pt\/loja\/wp-json\/wp\/v2\/comments?post=48233"}],"wp:featuredmedia":[{"embeddable":true,"href":"https:\/\/www.ateti.pt\/loja\/wp-json\/wp\/v2\/media\/61530"}],"wp:attachment":[{"href":"https:\/\/www.ateti.pt\/loja\/wp-json\/wp\/v2\/media?parent=48233"}],"wp:term":[{"taxonomy":"product_brand","embeddable":true,"href":"https:\/\/www.ateti.pt\/loja\/wp-json\/wp\/v2\/product_brand?post=48233"},{"taxonomy":"product_cat","embeddable":true,"href":"https:\/\/www.ateti.pt\/loja\/wp-json\/wp\/v2\/product_cat?post=48233"},{"taxonomy":"product_tag","embeddable":true,"href":"https:\/\/www.ateti.pt\/loja\/wp-json\/wp\/v2\/product_tag?post=48233"},{"taxonomy":"woo-feed-brand","embeddable":true,"href":"https:\/\/www.ateti.pt\/loja\/wp-json\/wp\/v2\/woo-feed-brand?post=48233"}],"curies":[{"name":"wp","href":"https:\/\/api.w.org\/{rel}","templated":true}]}}