{"id":47765,"date":"2023-01-21T16:06:52","date_gmt":"2023-01-21T15:06:52","guid":{"rendered":"https:\/\/www.ateti.pt\/loja\/?post_type=product&#038;p=47765"},"modified":"2025-10-13T12:52:35","modified_gmt":"2025-10-13T11:52:35","slug":"lapis-de-grafite-no1-b-staedtler-noris","status":"publish","type":"product","link":"https:\/\/www.ateti.pt\/loja\/produto\/lapis-de-grafite-no1-b-staedtler-noris\/","title":{"rendered":"L\u00e1pis de grafite N\u00ba1 B Staedtler Noris"},"content":{"rendered":"<p><strong>L\u00e1pis de grafite N\u00ba1 B Staedtler Noris<\/strong><\/p>\n<p><strong>Quantidade: <\/strong>1<\/p>\n<p><em>L\u00e1pis de alta qualidade. Alta resist\u00eancia \u00e0 quebra. F\u00e1ceis de apagar e afiar. Madeira proveniente de floresta certificada, com projeto de gest\u00e3o florestal e reflorestamento.<\/em><\/p>\n","protected":false},"excerpt":{"rendered":"<p>0,69\u20ac\/un<\/p>\n","protected":false},"featured_media":47766,"comment_status":"closed","ping_status":"closed","template":"","meta":{"_themeisle_gutenberg_block_has_review":false},"product_brand":[],"product_cat":[250,571,815],"product_tag":[],"woo-feed-brand":[],"class_list":{"0":"post-47765","1":"product","2":"type-product","3":"status-publish","4":"has-post-thumbnail","6":"product_cat-ate-ti-negocios","7":"product_cat-papelaria","8":"product_cat-papelaria-e-consumiveis","9":"ts_product_brand-staedtler","11":"first","12":"instock","13":"taxable","14":"shipping-taxable","15":"purchasable","16":"product-type-simple"},"_links":{"self":[{"href":"https:\/\/www.ateti.pt\/loja\/wp-json\/wp\/v2\/product\/47765","targetHints":{"allow":["GET"]}}],"collection":[{"href":"https:\/\/www.ateti.pt\/loja\/wp-json\/wp\/v2\/product"}],"about":[{"href":"https:\/\/www.ateti.pt\/loja\/wp-json\/wp\/v2\/types\/product"}],"replies":[{"embeddable":true,"href":"https:\/\/www.ateti.pt\/loja\/wp-json\/wp\/v2\/comments?post=47765"}],"wp:featuredmedia":[{"embeddable":true,"href":"https:\/\/www.ateti.pt\/loja\/wp-json\/wp\/v2\/media\/47766"}],"wp:attachment":[{"href":"https:\/\/www.ateti.pt\/loja\/wp-json\/wp\/v2\/media?parent=47765"}],"wp:term":[{"taxonomy":"product_brand","embeddable":true,"href":"https:\/\/www.ateti.pt\/loja\/wp-json\/wp\/v2\/product_brand?post=47765"},{"taxonomy":"product_cat","embeddable":true,"href":"https:\/\/www.ateti.pt\/loja\/wp-json\/wp\/v2\/product_cat?post=47765"},{"taxonomy":"product_tag","embeddable":true,"href":"https:\/\/www.ateti.pt\/loja\/wp-json\/wp\/v2\/product_tag?post=47765"},{"taxonomy":"woo-feed-brand","embeddable":true,"href":"https:\/\/www.ateti.pt\/loja\/wp-json\/wp\/v2\/woo-feed-brand?post=47765"}],"curies":[{"name":"wp","href":"https:\/\/api.w.org\/{rel}","templated":true}]}}