{"id":47762,"date":"2023-01-21T15:48:40","date_gmt":"2023-01-21T14:48:40","guid":{"rendered":"https:\/\/www.ateti.pt\/loja\/?post_type=product&#038;p=47762"},"modified":"2026-02-10T17:04:51","modified_gmt":"2026-02-10T17:04:51","slug":"pimenta-branca-em-grao-17g-margao","status":"publish","type":"product","link":"https:\/\/www.ateti.pt\/loja\/produto\/pimenta-branca-em-grao-17g-margao\/","title":{"rendered":"Pimenta Branca em Gr\u00e3o 17g Marg\u00e3o"},"content":{"rendered":"<p><strong>Pimenta Branca em Gr\u00e3o Marg\u00e3o<\/strong><\/p>\n<p><strong>Quantidade: <\/strong>17g<\/p>\n<p><strong>Ingrediente: <\/strong>Pimenta branca<\/p>\n<p>A Marg\u00e3o selecionou as suas pimentas de acordo com a sua intensidade para ajudar o consumidor a escolher a pimenta adequada para cada um dos seus pratos. Esta pimenta branca em gr\u00e3o tem um sabor forte e equilibrado. Mais doce do que a cl\u00e1ssica Pimenta Preta, a Pimenta Branca tem uma fragr\u00e2ncia penetrante devido ao seu m\u00e9todo tradicional de produ\u00e7\u00e3o.<\/p>\n<p><em>Ideal para: Molhos, mariscos e pratos de carne.<\/em><\/p>\n<p><strong><em>Sugest\u00e3o de utiliza\u00e7\u00e3o:\u00a0<\/em><\/strong><em>Esta pimenta \u00e9 ideal para pratos de carne branca, molhos cremosos, vegetais crus e sopas. Dica: se tiver de cozinhar sem sal, decore os seus pratos com esta Pimenta, para trazer equil\u00edbrio e sabor!<\/em><\/p>\n<p><em>Para n\u00e3o perder as suas qualidades arom\u00e1ticas, utiliza-se apenas na fase final da cozedura.<\/em><\/p>\n","protected":false},"excerpt":{"rendered":"<p>64,12\u20ac\/kg<\/p>\n","protected":false},"featured_media":54797,"comment_status":"closed","ping_status":"closed","template":"","meta":{"_themeisle_gutenberg_block_has_review":false},"product_brand":[],"product_cat":[132,174],"product_tag":[],"woo-feed-brand":[],"class_list":{"0":"post-47762","1":"product","2":"type-product","3":"status-publish","4":"has-post-thumbnail","6":"product_cat-mercearia","7":"product_cat-temperos-e-molhos","8":"ts_product_brand-margao","10":"first","11":"instock","12":"taxable","13":"shipping-taxable","14":"purchasable","15":"product-type-simple"},"_links":{"self":[{"href":"https:\/\/www.ateti.pt\/loja\/wp-json\/wp\/v2\/product\/47762","targetHints":{"allow":["GET"]}}],"collection":[{"href":"https:\/\/www.ateti.pt\/loja\/wp-json\/wp\/v2\/product"}],"about":[{"href":"https:\/\/www.ateti.pt\/loja\/wp-json\/wp\/v2\/types\/product"}],"replies":[{"embeddable":true,"href":"https:\/\/www.ateti.pt\/loja\/wp-json\/wp\/v2\/comments?post=47762"}],"wp:featuredmedia":[{"embeddable":true,"href":"https:\/\/www.ateti.pt\/loja\/wp-json\/wp\/v2\/media\/54797"}],"wp:attachment":[{"href":"https:\/\/www.ateti.pt\/loja\/wp-json\/wp\/v2\/media?parent=47762"}],"wp:term":[{"taxonomy":"product_brand","embeddable":true,"href":"https:\/\/www.ateti.pt\/loja\/wp-json\/wp\/v2\/product_brand?post=47762"},{"taxonomy":"product_cat","embeddable":true,"href":"https:\/\/www.ateti.pt\/loja\/wp-json\/wp\/v2\/product_cat?post=47762"},{"taxonomy":"product_tag","embeddable":true,"href":"https:\/\/www.ateti.pt\/loja\/wp-json\/wp\/v2\/product_tag?post=47762"},{"taxonomy":"woo-feed-brand","embeddable":true,"href":"https:\/\/www.ateti.pt\/loja\/wp-json\/wp\/v2\/woo-feed-brand?post=47762"}],"curies":[{"name":"wp","href":"https:\/\/api.w.org\/{rel}","templated":true}]}}