{"id":47384,"date":"2025-07-28T10:20:40","date_gmt":"2025-07-28T09:20:40","guid":{"rendered":"https:\/\/www.ateti.pt\/loja\/?post_type=product&#038;p=47384"},"modified":"2025-08-19T15:48:39","modified_gmt":"2025-08-19T14:48:39","slug":"maionese-top-down-230g-gourmes","status":"publish","type":"product","link":"https:\/\/www.ateti.pt\/loja\/produto\/maionese-top-down-230g-gourmes\/","title":{"rendered":"Maionese Top Down 230g Gourm\u00eas"},"content":{"rendered":"<p><strong>Maionese Top Down Gourm\u00eas<\/strong><\/p>\n<p><strong>Quantidade: <\/strong>230g<\/p>\n<p><strong>Ingredientes:\u00a0<\/strong>\u00d3leo de girassol (78%), ovos e gemas de ovos, \u00e1gua, vinagre de \u00e1lcool, a\u00e7\u00facar, sal, concentrado de lim\u00e3o e antioxidante (EDTA).<\/p>\n<p><strong>Declara\u00e7\u00e3o Nutricional (por 100g):\u00a0<\/strong>Energia: 2742kj\/667kcal; L\u00edpidos: 73,0g; dos quais Saturados: 10,7g; Hidratos de Carbono: 1,2; dos quais A\u00e7\u00facares: 1,1g; Fibra: 0,0g; Prote\u00ednas: 1,2g; Sal: 0,7g.<\/p>\n","protected":false},"excerpt":{"rendered":"<p>8,65\u20ac\/kg<\/p>\n","protected":false},"featured_media":61532,"comment_status":"closed","ping_status":"closed","template":"","meta":{"_themeisle_gutenberg_block_has_review":false},"product_brand":[],"product_cat":[132,174],"product_tag":[],"woo-feed-brand":[],"class_list":{"0":"post-47384","1":"product","2":"type-product","3":"status-publish","4":"has-post-thumbnail","6":"product_cat-mercearia","7":"product_cat-temperos-e-molhos","8":"ts_product_brand-gourmes","10":"first","11":"instock","12":"taxable","13":"shipping-taxable","14":"purchasable","15":"product-type-simple"},"_links":{"self":[{"href":"https:\/\/www.ateti.pt\/loja\/wp-json\/wp\/v2\/product\/47384","targetHints":{"allow":["GET"]}}],"collection":[{"href":"https:\/\/www.ateti.pt\/loja\/wp-json\/wp\/v2\/product"}],"about":[{"href":"https:\/\/www.ateti.pt\/loja\/wp-json\/wp\/v2\/types\/product"}],"replies":[{"embeddable":true,"href":"https:\/\/www.ateti.pt\/loja\/wp-json\/wp\/v2\/comments?post=47384"}],"wp:featuredmedia":[{"embeddable":true,"href":"https:\/\/www.ateti.pt\/loja\/wp-json\/wp\/v2\/media\/61532"}],"wp:attachment":[{"href":"https:\/\/www.ateti.pt\/loja\/wp-json\/wp\/v2\/media?parent=47384"}],"wp:term":[{"taxonomy":"product_brand","embeddable":true,"href":"https:\/\/www.ateti.pt\/loja\/wp-json\/wp\/v2\/product_brand?post=47384"},{"taxonomy":"product_cat","embeddable":true,"href":"https:\/\/www.ateti.pt\/loja\/wp-json\/wp\/v2\/product_cat?post=47384"},{"taxonomy":"product_tag","embeddable":true,"href":"https:\/\/www.ateti.pt\/loja\/wp-json\/wp\/v2\/product_tag?post=47384"},{"taxonomy":"woo-feed-brand","embeddable":true,"href":"https:\/\/www.ateti.pt\/loja\/wp-json\/wp\/v2\/woo-feed-brand?post=47384"}],"curies":[{"name":"wp","href":"https:\/\/api.w.org\/{rel}","templated":true}]}}