{"id":47382,"date":"2025-07-27T19:30:50","date_gmt":"2025-07-27T18:30:50","guid":{"rendered":"https:\/\/www.ateti.pt\/loja\/?post_type=product&#038;p=47382"},"modified":"2026-01-16T11:21:29","modified_gmt":"2026-01-16T11:21:29","slug":"mostarda-top-down-250g-gourmes","status":"publish","type":"product","link":"https:\/\/www.ateti.pt\/loja\/produto\/mostarda-top-down-250g-gourmes\/","title":{"rendered":"Mostarda Top Down 250g Gourm\u00eas"},"content":{"rendered":"<p><strong>Mostarda Top Down Gourm\u00eas<\/strong><\/p>\n<p><strong>Quantidade:<\/strong> 250g<\/p>\n<p><em>Condimento de mostarda<\/em><\/p>\n<p><strong>Ingredientes: <\/strong>\u00c1gua, \u00f3leo de girassol, vinagre de \u00e1lcool, gr\u00e3os de mostarda (6,3%), a\u00e7\u00facar, espessante (amido de milho modificado), sal, gema de ovo, vinho branco, regulador de acidez (\u00e1cido c\u00edtrico), conservante (sorbato de pot\u00e1ssio), curcuma, estabilizador (goma xantana), corantes (beta caroteno e caramelo), conservante (metabissulfito de pot\u00e1ssio (sulfitos)) e antioxidante (EDTA).<\/p>\n<p><strong>Declara\u00e7\u00e3o Nutricional (por 100g):\u00a0<\/strong>Energia: 1395kj\/338kcal; L\u00edpidos: 32,7g; dos quais Saturados: 6,2g; Hidratos de Carbono: 8,0g; dos quais A\u00e7\u00facares: 4,6g; Fibra: 2,3g; Prote\u00ednas: 1,8g; Sal: 2,0g.<\/p>\n","protected":false},"excerpt":{"rendered":"<p>5,56\u20ac\/kg<\/p>\n","protected":false},"featured_media":61534,"comment_status":"closed","ping_status":"closed","template":"","meta":{"_themeisle_gutenberg_block_has_review":false},"product_brand":[],"product_cat":[132,174],"product_tag":[],"woo-feed-brand":[],"class_list":{"0":"post-47382","1":"product","2":"type-product","3":"status-publish","4":"has-post-thumbnail","6":"product_cat-mercearia","7":"product_cat-temperos-e-molhos","8":"ts_product_brand-gourmes","10":"first","11":"instock","12":"taxable","13":"shipping-taxable","14":"purchasable","15":"product-type-simple"},"_links":{"self":[{"href":"https:\/\/www.ateti.pt\/loja\/wp-json\/wp\/v2\/product\/47382","targetHints":{"allow":["GET"]}}],"collection":[{"href":"https:\/\/www.ateti.pt\/loja\/wp-json\/wp\/v2\/product"}],"about":[{"href":"https:\/\/www.ateti.pt\/loja\/wp-json\/wp\/v2\/types\/product"}],"replies":[{"embeddable":true,"href":"https:\/\/www.ateti.pt\/loja\/wp-json\/wp\/v2\/comments?post=47382"}],"wp:featuredmedia":[{"embeddable":true,"href":"https:\/\/www.ateti.pt\/loja\/wp-json\/wp\/v2\/media\/61534"}],"wp:attachment":[{"href":"https:\/\/www.ateti.pt\/loja\/wp-json\/wp\/v2\/media?parent=47382"}],"wp:term":[{"taxonomy":"product_brand","embeddable":true,"href":"https:\/\/www.ateti.pt\/loja\/wp-json\/wp\/v2\/product_brand?post=47382"},{"taxonomy":"product_cat","embeddable":true,"href":"https:\/\/www.ateti.pt\/loja\/wp-json\/wp\/v2\/product_cat?post=47382"},{"taxonomy":"product_tag","embeddable":true,"href":"https:\/\/www.ateti.pt\/loja\/wp-json\/wp\/v2\/product_tag?post=47382"},{"taxonomy":"woo-feed-brand","embeddable":true,"href":"https:\/\/www.ateti.pt\/loja\/wp-json\/wp\/v2\/woo-feed-brand?post=47382"}],"curies":[{"name":"wp","href":"https:\/\/api.w.org\/{rel}","templated":true}]}}