{"id":47118,"date":"2023-01-04T12:54:41","date_gmt":"2023-01-04T11:54:41","guid":{"rendered":"https:\/\/www.ateti.pt\/loja\/?post_type=product&#038;p=47118"},"modified":"2025-07-15T12:27:10","modified_gmt":"2025-07-15T11:27:10","slug":"2cx-cafe-bonini-nao-disponivel-para-venda","status":"publish","type":"product","link":"https:\/\/www.ateti.pt\/loja\/produto\/2cx-cafe-bonini-nao-disponivel-para-venda\/","title":{"rendered":"3cx C\u00e1psulas Caf\u00e9 Bonini Dolce Gusto (n\u00e3o dispon\u00edvel para venda)"},"content":{"rendered":"<h3>3cx Caf\u00e9 Bonini Dolce Gusto (n\u00e3o dispon\u00edvel para venda)<\/h3>\n<p>Quantidade: 16 c\u00e1psulas Intenso DG Bonini , 16 c\u00e1psulas Forte DG Bonini, 16 c\u00e1psulas Cl\u00e1ssico DG Bonini<\/p>\n<p>Oferta v\u00e1lida para o stock existente.<\/p>\n","protected":false},"excerpt":{"rendered":"<p>3cx Caf\u00e9 Bonini Dolce Gusto (n\u00e3o dispon\u00edvel para venda) Quantidade: 16 c\u00e1psulas Intenso DG Bonini , 16 c\u00e1psulas Forte DG Bonini, 16 c\u00e1psulas Cl\u00e1ssico DG Bonini Oferta v\u00e1lida para o stock existente.<\/p>\n","protected":false},"featured_media":65250,"comment_status":"closed","ping_status":"closed","template":"","meta":{"_themeisle_gutenberg_block_has_review":false},"product_brand":[],"product_cat":[117,787],"product_tag":[],"woo-feed-brand":[],"class_list":{"0":"post-47118","1":"product","2":"type-product","3":"status-publish","4":"has-post-thumbnail","6":"product_cat-cafe-em-capsula","7":"product_cat-promocao-bonini","9":"first","10":"instock","11":"sold-individually","12":"taxable","13":"shipping-taxable","14":"purchasable","15":"product-type-simple"},"_links":{"self":[{"href":"https:\/\/www.ateti.pt\/loja\/wp-json\/wp\/v2\/product\/47118","targetHints":{"allow":["GET"]}}],"collection":[{"href":"https:\/\/www.ateti.pt\/loja\/wp-json\/wp\/v2\/product"}],"about":[{"href":"https:\/\/www.ateti.pt\/loja\/wp-json\/wp\/v2\/types\/product"}],"replies":[{"embeddable":true,"href":"https:\/\/www.ateti.pt\/loja\/wp-json\/wp\/v2\/comments?post=47118"}],"wp:featuredmedia":[{"embeddable":true,"href":"https:\/\/www.ateti.pt\/loja\/wp-json\/wp\/v2\/media\/65250"}],"wp:attachment":[{"href":"https:\/\/www.ateti.pt\/loja\/wp-json\/wp\/v2\/media?parent=47118"}],"wp:term":[{"taxonomy":"product_brand","embeddable":true,"href":"https:\/\/www.ateti.pt\/loja\/wp-json\/wp\/v2\/product_brand?post=47118"},{"taxonomy":"product_cat","embeddable":true,"href":"https:\/\/www.ateti.pt\/loja\/wp-json\/wp\/v2\/product_cat?post=47118"},{"taxonomy":"product_tag","embeddable":true,"href":"https:\/\/www.ateti.pt\/loja\/wp-json\/wp\/v2\/product_tag?post=47118"},{"taxonomy":"woo-feed-brand","embeddable":true,"href":"https:\/\/www.ateti.pt\/loja\/wp-json\/wp\/v2\/woo-feed-brand?post=47118"}],"curies":[{"name":"wp","href":"https:\/\/api.w.org\/{rel}","templated":true}]}}