{"id":47031,"date":"2022-12-29T16:01:17","date_gmt":"2022-12-29T15:01:17","guid":{"rendered":"https:\/\/www.ateti.pt\/loja\/?post_type=product&#038;p=47031"},"modified":"2026-02-18T16:47:12","modified_gmt":"2026-02-18T16:47:12","slug":"amaciador-de-roupa-pure-essencia-comfort-56doses","status":"publish","type":"product","link":"https:\/\/www.ateti.pt\/loja\/produto\/amaciador-de-roupa-pure-essencia-comfort-56doses\/","title":{"rendered":"Amaciador de Roupa Pure Ess\u00eancia 58 Doses Comfort"},"content":{"rendered":"<p><strong>Amaciador de Roupa Pure Ess\u00eancia Comfort<\/strong><\/p>\n<p><strong>Quantidade:<\/strong> 56doses (1,232L)<\/p>\n<p><em>Comfort Pure proporciona um cuidado extra na lavagem, deixando a roupa suave ao toque. Com uma f\u00f3rmula testada dermatologicamente, \u00e9 adequado para toda a fam\u00edlia, incluindo peles sens\u00edveis.<\/em><\/p>\n<p>Lavar as m\u00e3os depois de utiliza\u00e7\u00e3o. N\u00e3o aplicar diretamente sobre o tecido. Armazenar entre 5\u00baC e 15\u00baC. N\u00e3o \u00e9 preciso diluir. Dosear diretamente na gaveta da m\u00e1quina. Evitar o contacto direto do produto com a pele.<\/p>\n<p>&nbsp;<\/p>\n","protected":false},"excerpt":{"rendered":"<p>0,07\u20ac\/dose<\/p>\n","protected":false},"featured_media":61542,"comment_status":"closed","ping_status":"closed","template":"","meta":{"_themeisle_gutenberg_block_has_review":false},"product_brand":[],"product_cat":[214,190,228,204,208],"product_tag":[],"woo-feed-brand":[],"class_list":{"0":"post-47031","1":"product","2":"type-product","3":"status-publish","4":"has-post-thumbnail","6":"product_cat-bebe-crianca","7":"product_cat-desinfetantes-e-limpeza","8":"product_cat-detergentes-bebe-crianca","9":"product_cat-limpeza","10":"product_cat-roupa","11":"ts_product_brand-comfort","13":"first","14":"instock","15":"taxable","16":"shipping-taxable","17":"purchasable","18":"product-type-simple"},"_links":{"self":[{"href":"https:\/\/www.ateti.pt\/loja\/wp-json\/wp\/v2\/product\/47031","targetHints":{"allow":["GET"]}}],"collection":[{"href":"https:\/\/www.ateti.pt\/loja\/wp-json\/wp\/v2\/product"}],"about":[{"href":"https:\/\/www.ateti.pt\/loja\/wp-json\/wp\/v2\/types\/product"}],"replies":[{"embeddable":true,"href":"https:\/\/www.ateti.pt\/loja\/wp-json\/wp\/v2\/comments?post=47031"}],"wp:featuredmedia":[{"embeddable":true,"href":"https:\/\/www.ateti.pt\/loja\/wp-json\/wp\/v2\/media\/61542"}],"wp:attachment":[{"href":"https:\/\/www.ateti.pt\/loja\/wp-json\/wp\/v2\/media?parent=47031"}],"wp:term":[{"taxonomy":"product_brand","embeddable":true,"href":"https:\/\/www.ateti.pt\/loja\/wp-json\/wp\/v2\/product_brand?post=47031"},{"taxonomy":"product_cat","embeddable":true,"href":"https:\/\/www.ateti.pt\/loja\/wp-json\/wp\/v2\/product_cat?post=47031"},{"taxonomy":"product_tag","embeddable":true,"href":"https:\/\/www.ateti.pt\/loja\/wp-json\/wp\/v2\/product_tag?post=47031"},{"taxonomy":"woo-feed-brand","embeddable":true,"href":"https:\/\/www.ateti.pt\/loja\/wp-json\/wp\/v2\/woo-feed-brand?post=47031"}],"curies":[{"name":"wp","href":"https:\/\/api.w.org\/{rel}","templated":true}]}}