{"id":47019,"date":"2022-12-28T23:25:00","date_gmt":"2022-12-28T22:25:00","guid":{"rendered":"https:\/\/www.ateti.pt\/loja\/?post_type=product&#038;p=47019"},"modified":"2024-02-19T11:14:47","modified_gmt":"2024-02-19T11:14:47","slug":"serum-capilar-be-beauty-50ml","status":"publish","type":"product","link":"https:\/\/www.ateti.pt\/loja\/produto\/serum-capilar-be-beauty-50ml\/","title":{"rendered":"S\u00e9rum Capilar 50ml Be Beauty"},"content":{"rendered":"<p><strong>S\u00e9rum Capilar Be Beauty<\/strong><\/p>\n<p><strong>Quantidade: <\/strong>50ml<\/p>\n<p><em>S\u00e9rum para cabelos secos\/ espigados<\/em><\/p>\n<p><strong>Modo de utiliza\u00e7\u00e3o: <\/strong>Ap\u00f3s secar o cabelo, colocar uma pequena quantidade de produto na ponta dos dedos e aplicar sobre as pontas dos cabelos. Massajar delicadamente as pontas espigadas\/ sensibilizadas at\u00e9 total absor\u00e7\u00e3o do produto. N\u00e3o enxaguar o cabelo ap\u00f3s aplica\u00e7\u00e3o do produto.<\/p>\n<p>&nbsp;<\/p>\n","protected":false},"excerpt":{"rendered":"<p>85,80\u20ac\/L<\/p>\n","protected":false},"featured_media":61544,"comment_status":"closed","ping_status":"closed","template":"","meta":{"_themeisle_gutenberg_block_has_review":false},"product_brand":[],"product_cat":[203,211],"product_tag":[593],"woo-feed-brand":[],"class_list":{"0":"post-47019","1":"product","2":"type-product","3":"status-publish","4":"has-post-thumbnail","6":"product_cat-beleza-e-higiene","7":"product_cat-cabelo","8":"product_tag-novidades","9":"ts_product_brand-be-beauty","11":"first","12":"instock","13":"taxable","14":"shipping-taxable","15":"purchasable","16":"product-type-simple"},"_links":{"self":[{"href":"https:\/\/www.ateti.pt\/loja\/wp-json\/wp\/v2\/product\/47019","targetHints":{"allow":["GET"]}}],"collection":[{"href":"https:\/\/www.ateti.pt\/loja\/wp-json\/wp\/v2\/product"}],"about":[{"href":"https:\/\/www.ateti.pt\/loja\/wp-json\/wp\/v2\/types\/product"}],"replies":[{"embeddable":true,"href":"https:\/\/www.ateti.pt\/loja\/wp-json\/wp\/v2\/comments?post=47019"}],"wp:featuredmedia":[{"embeddable":true,"href":"https:\/\/www.ateti.pt\/loja\/wp-json\/wp\/v2\/media\/61544"}],"wp:attachment":[{"href":"https:\/\/www.ateti.pt\/loja\/wp-json\/wp\/v2\/media?parent=47019"}],"wp:term":[{"taxonomy":"product_brand","embeddable":true,"href":"https:\/\/www.ateti.pt\/loja\/wp-json\/wp\/v2\/product_brand?post=47019"},{"taxonomy":"product_cat","embeddable":true,"href":"https:\/\/www.ateti.pt\/loja\/wp-json\/wp\/v2\/product_cat?post=47019"},{"taxonomy":"product_tag","embeddable":true,"href":"https:\/\/www.ateti.pt\/loja\/wp-json\/wp\/v2\/product_tag?post=47019"},{"taxonomy":"woo-feed-brand","embeddable":true,"href":"https:\/\/www.ateti.pt\/loja\/wp-json\/wp\/v2\/woo-feed-brand?post=47019"}],"curies":[{"name":"wp","href":"https:\/\/api.w.org\/{rel}","templated":true}]}}