{"id":47017,"date":"2022-12-28T23:04:22","date_gmt":"2022-12-28T22:04:22","guid":{"rendered":"https:\/\/www.ateti.pt\/loja\/?post_type=product&#038;p=47017"},"modified":"2024-02-19T11:15:15","modified_gmt":"2024-02-19T11:15:15","slug":"champo-seco-be-beauty-200ml","status":"publish","type":"product","link":"https:\/\/www.ateti.pt\/loja\/produto\/champo-seco-be-beauty-200ml\/","title":{"rendered":"Champ\u00f4 Seco 200ml Be Beauty"},"content":{"rendered":"<p><strong>Champ\u00f4 Seco Be Beauty<\/strong><\/p>\n<p><strong>Quantidade:<\/strong> 200ml<\/p>\n<p><em>Champ\u00f4 seco &#8211; Anti-oleosidade<\/em><\/p>\n<p>Efeito anti-oleosidade; F\u00e1cil aplica\u00e7\u00e3o; Leveza e frescura entre lavagens; Perfume fresco; Utiliza\u00e7\u00e3o frequente<\/p>\n<p>Cabelo limpo e sem oleosidade. Aplica\u00e7\u00e3o sem \u00e1gua.<\/p>\n<p><strong>Modo de utiliza\u00e7\u00e3o: <\/strong>Agitar bem antes de usar. Com o cabelo seco, aplicar nas ra\u00edzes, levantando as madeixas, sob jatos curtos a cerca de 25 a 30cm, seguidos de uma pulveriza\u00e7\u00e3o global sobre o cabelo, igualmente curta, e \u00e0 mesma dist\u00e2ncia (aguardar certa de 2minutos). Por forma a facilitar a remo\u00e7\u00e3o do champ\u00f4 (por escovagem), n\u00e3o dever\u00e1 incidir a pulveriza\u00e7\u00e3o sobre o mesmo s\u00edtio do cabelo. Escovar o cabelo at\u00e9 a elimina\u00e7\u00e3o total do champ\u00f4.<\/p>\n","protected":false},"excerpt":{"rendered":"<p>15,45\u20ac\/L<\/p>\n","protected":false},"featured_media":61545,"comment_status":"closed","ping_status":"closed","template":"","meta":{"_themeisle_gutenberg_block_has_review":false},"product_brand":[],"product_cat":[203,211],"product_tag":[593],"woo-feed-brand":[],"class_list":{"0":"post-47017","1":"product","2":"type-product","3":"status-publish","4":"has-post-thumbnail","6":"product_cat-beleza-e-higiene","7":"product_cat-cabelo","8":"product_tag-novidades","9":"ts_product_brand-be-beauty","11":"first","12":"instock","13":"taxable","14":"shipping-taxable","15":"purchasable","16":"product-type-simple"},"_links":{"self":[{"href":"https:\/\/www.ateti.pt\/loja\/wp-json\/wp\/v2\/product\/47017","targetHints":{"allow":["GET"]}}],"collection":[{"href":"https:\/\/www.ateti.pt\/loja\/wp-json\/wp\/v2\/product"}],"about":[{"href":"https:\/\/www.ateti.pt\/loja\/wp-json\/wp\/v2\/types\/product"}],"replies":[{"embeddable":true,"href":"https:\/\/www.ateti.pt\/loja\/wp-json\/wp\/v2\/comments?post=47017"}],"wp:featuredmedia":[{"embeddable":true,"href":"https:\/\/www.ateti.pt\/loja\/wp-json\/wp\/v2\/media\/61545"}],"wp:attachment":[{"href":"https:\/\/www.ateti.pt\/loja\/wp-json\/wp\/v2\/media?parent=47017"}],"wp:term":[{"taxonomy":"product_brand","embeddable":true,"href":"https:\/\/www.ateti.pt\/loja\/wp-json\/wp\/v2\/product_brand?post=47017"},{"taxonomy":"product_cat","embeddable":true,"href":"https:\/\/www.ateti.pt\/loja\/wp-json\/wp\/v2\/product_cat?post=47017"},{"taxonomy":"product_tag","embeddable":true,"href":"https:\/\/www.ateti.pt\/loja\/wp-json\/wp\/v2\/product_tag?post=47017"},{"taxonomy":"woo-feed-brand","embeddable":true,"href":"https:\/\/www.ateti.pt\/loja\/wp-json\/wp\/v2\/woo-feed-brand?post=47017"}],"curies":[{"name":"wp","href":"https:\/\/api.w.org\/{rel}","templated":true}]}}