{"id":46949,"date":"2022-12-27T11:52:44","date_gmt":"2022-12-27T10:52:44","guid":{"rendered":"https:\/\/www.ateti.pt\/loja\/?post_type=product&#038;p=46949"},"modified":"2025-05-14T10:21:32","modified_gmt":"2025-05-14T09:21:32","slug":"spray-inox-500ml-amanhecer","status":"publish","type":"product","link":"https:\/\/www.ateti.pt\/loja\/produto\/spray-inox-500ml-amanhecer\/","title":{"rendered":"Spray Inox 500ml Amanhecer"},"content":{"rendered":"<p><strong>Spray Inox Amanhecer <\/strong><\/p>\n<p><strong>Quantidade: <\/strong>500ml<\/p>\n<p><em>Limpa e restaura o brilho das superf\u00edcies<\/em><\/p>\n<p><strong>Limpa inox em spray:\u00a0<\/strong>Produto especialmente desenvolvido para a limpeza e conserva\u00e7\u00e3o do brilho em toda a classe de a\u00e7os polidos e a\u00e7os com acabamentos espelhados.<\/p>\n<p><strong>Modo de emprego:\u00a0<\/strong>Colocar o pulverizador na posi\u00e7\u00e3o de funcionamento. Aplicar na superf\u00edcie e deixar atuar durante alguns segundos. Passar de seguida com um pano h\u00famido e enxaguar. Para melhores resultados secar a superf\u00edcie depois de enxaguar.<\/p>\n<p><strong>Concelhos de utiliza\u00e7\u00e3o:\u00a0<\/strong>N\u00e3o utilizar em superf\u00edcies destinadas \u00e0 prepara\u00e7\u00e3o de alimentos. N\u00e3o utilizar sobre alum\u00ednio, m\u00e1rmore, calc\u00e1rio ou superf\u00edcies sens\u00edveis a prepara\u00e7\u00f5es \u00e1cidas. Em caso de d\u00favida, recomenda-se que verifique numa superf\u00edcie de menor visibilidade, a compatibilidade do produto com a superf\u00edcie a limpar.<\/p>\n","protected":false},"excerpt":{"rendered":"<p>4,38\u20ac\/L<\/p>\n","protected":false},"featured_media":46966,"comment_status":"closed","ping_status":"closed","template":"","meta":{"_themeisle_gutenberg_block_has_review":false},"product_brand":[],"product_cat":[209,190,204],"product_tag":[593],"woo-feed-brand":[],"class_list":{"0":"post-46949","1":"product","2":"type-product","3":"status-publish","4":"has-post-thumbnail","6":"product_cat-cozinha","7":"product_cat-desinfetantes-e-limpeza","8":"product_cat-limpeza","9":"product_tag-novidades","10":"ts_product_brand-amanhecer","12":"first","13":"instock","14":"taxable","15":"shipping-taxable","16":"purchasable","17":"product-type-simple"},"_links":{"self":[{"href":"https:\/\/www.ateti.pt\/loja\/wp-json\/wp\/v2\/product\/46949","targetHints":{"allow":["GET"]}}],"collection":[{"href":"https:\/\/www.ateti.pt\/loja\/wp-json\/wp\/v2\/product"}],"about":[{"href":"https:\/\/www.ateti.pt\/loja\/wp-json\/wp\/v2\/types\/product"}],"replies":[{"embeddable":true,"href":"https:\/\/www.ateti.pt\/loja\/wp-json\/wp\/v2\/comments?post=46949"}],"wp:featuredmedia":[{"embeddable":true,"href":"https:\/\/www.ateti.pt\/loja\/wp-json\/wp\/v2\/media\/46966"}],"wp:attachment":[{"href":"https:\/\/www.ateti.pt\/loja\/wp-json\/wp\/v2\/media?parent=46949"}],"wp:term":[{"taxonomy":"product_brand","embeddable":true,"href":"https:\/\/www.ateti.pt\/loja\/wp-json\/wp\/v2\/product_brand?post=46949"},{"taxonomy":"product_cat","embeddable":true,"href":"https:\/\/www.ateti.pt\/loja\/wp-json\/wp\/v2\/product_cat?post=46949"},{"taxonomy":"product_tag","embeddable":true,"href":"https:\/\/www.ateti.pt\/loja\/wp-json\/wp\/v2\/product_tag?post=46949"},{"taxonomy":"woo-feed-brand","embeddable":true,"href":"https:\/\/www.ateti.pt\/loja\/wp-json\/wp\/v2\/woo-feed-brand?post=46949"}],"curies":[{"name":"wp","href":"https:\/\/api.w.org\/{rel}","templated":true}]}}